{"id":18170,"date":"2021-03-09T01:05:46","date_gmt":"2021-03-09T00:05:46","guid":{"rendered":"https:\/\/mgvpublications.com\/?post_type=product&#038;p=18170"},"modified":"2022-03-08T22:51:36","modified_gmt":"2022-03-08T21:51:36","slug":"der-prozess","status":"publish","type":"product","link":"https:\/\/mgvpublications.com\/de\/der-prozess\/","title":{"rendered":"Der Prozess"},"content":{"rendered":"<div>Yay\u0131n Tarihi: 15.12.2017<\/div>\n<div>ISBN: 9786052073377<\/div>\n<div>Dil: ALMANCA<\/div>\n<div>Sayfa Say\u0131s\u0131: 228<\/div>\n<div>Cilt Tipi: Karton Kapak<\/div>\n<div>Ka\u011f\u0131t Cinsi: Kitap Ka\u011f\u0131d\u0131<\/div>\n<div>Boyut: 13.5 x 19.5 cm<\/div>","protected":false},"excerpt":{"rendered":"<p>Jemand mu\u00dfte Josef K. verleumdet haben, denn ohne da\u00df er etwas B\u00f6ses getan h\u00e4tte, wurde er eines Morgens verhaftet. Die K\u00f6chin der Frau Grubach, seiner Zimmervermieterin, die ihm jeden Tag gegen acht Uhr fr\u00fch das Fr\u00fchst\u00fcck brachte, kam diesmal nicht. Das war noch niemals geschehen.<\/p>","protected":false},"featured_media":18171,"template":"","meta":{"spay_email":""},"product_cat":[231],"product_tag":[],"item":[822],"acf":[],"_links":{"self":[{"href":"https:\/\/mgvpublications.com\/de\/wp-json\/wp\/v2\/product\/18170"}],"collection":[{"href":"https:\/\/mgvpublications.com\/de\/wp-json\/wp\/v2\/product"}],"about":[{"href":"https:\/\/mgvpublications.com\/de\/wp-json\/wp\/v2\/types\/product"}],"wp:featuredmedia":[{"embeddable":true,"href":"https:\/\/mgvpublications.com\/de\/wp-json\/wp\/v2\/media\/18171"}],"wp:attachment":[{"href":"https:\/\/mgvpublications.com\/de\/wp-json\/wp\/v2\/media?parent=18170"}],"wp:term":[{"taxonomy":"product_cat","embeddable":true,"href":"https:\/\/mgvpublications.com\/de\/wp-json\/wp\/v2\/product_cat?post=18170"},{"taxonomy":"product_tag","embeddable":true,"href":"https:\/\/mgvpublications.com\/de\/wp-json\/wp\/v2\/product_tag?post=18170"},{"taxonomy":"item","embeddable":true,"href":"https:\/\/mgvpublications.com\/de\/wp-json\/wp\/v2\/item?post=18170"}],"curies":[{"name":"wp","href":"https:\/\/api.w.org\/{rel}","templated":true}]}}