{"id":18158,"date":"2021-03-09T00:54:18","date_gmt":"2021-03-08T23:54:18","guid":{"rendered":"https:\/\/mgvpublications.com\/?post_type=product&#038;p=18158"},"modified":"2022-03-08T22:51:35","modified_gmt":"2022-03-08T21:51:35","slug":"der-kleine-prinz","status":"publish","type":"product","link":"https:\/\/mgvpublications.com\/de\/der-kleine-prinz\/","title":{"rendered":"Der Kleine Prinz"},"content":{"rendered":"<p>Yay\u0131n Tarihi: 19.12.2017<br \/>ISBN: 9786052073407<br \/>Dil: ALMANCA<br \/>Sayfa Say\u0131s\u0131: 123<br \/>Cilt Tipi: Karton Kapak<br \/>Ka\u011f\u0131t Cinsi: Kitap Ka\u011f\u0131d\u0131<br \/>Boyut: 13.5 x 19.5 cm<\/p>","protected":false},"excerpt":{"rendered":"<p>&#8220;&#8216;Der kleine Prinz&#8217; ist kein Kultbuch, daf\u00fcr hat es zu viele unterschiedliche Lesergruppen begeistert. Das schmale Buch, das als Kinderbuch gedacht war, lesen seit Generationen Gro\u00df und Klein in unterschiedlichsten Kulturen, Religionen und Milieus. Das M\u00e4rchen vom Prinzen, der auf seinem Planeten eine Rose und drei Vulkane besitzt, wurde in mehr als 110 Sprachen \u00fcbersetzt. &#8221; &#8211; Das Bild<\/p>","protected":false},"featured_media":22581,"template":"","meta":{"spay_email":""},"product_cat":[231],"product_tag":[],"item":[822],"acf":[],"_links":{"self":[{"href":"https:\/\/mgvpublications.com\/de\/wp-json\/wp\/v2\/product\/18158"}],"collection":[{"href":"https:\/\/mgvpublications.com\/de\/wp-json\/wp\/v2\/product"}],"about":[{"href":"https:\/\/mgvpublications.com\/de\/wp-json\/wp\/v2\/types\/product"}],"wp:featuredmedia":[{"embeddable":true,"href":"https:\/\/mgvpublications.com\/de\/wp-json\/wp\/v2\/media\/22581"}],"wp:attachment":[{"href":"https:\/\/mgvpublications.com\/de\/wp-json\/wp\/v2\/media?parent=18158"}],"wp:term":[{"taxonomy":"product_cat","embeddable":true,"href":"https:\/\/mgvpublications.com\/de\/wp-json\/wp\/v2\/product_cat?post=18158"},{"taxonomy":"product_tag","embeddable":true,"href":"https:\/\/mgvpublications.com\/de\/wp-json\/wp\/v2\/product_tag?post=18158"},{"taxonomy":"item","embeddable":true,"href":"https:\/\/mgvpublications.com\/de\/wp-json\/wp\/v2\/item?post=18158"}],"curies":[{"name":"wp","href":"https:\/\/api.w.org\/{rel}","templated":true}]}}