{"id":18156,"date":"2021-03-09T00:52:40","date_gmt":"2021-03-08T23:52:40","guid":{"rendered":"https:\/\/mgvpublications.com\/?post_type=product&#038;p=18156"},"modified":"2022-03-08T22:51:34","modified_gmt":"2022-03-08T21:51:34","slug":"die-leiden-des-jungen-werthers","status":"publish","type":"product","link":"https:\/\/mgvpublications.com\/de\/die-leiden-des-jungen-werthers\/","title":{"rendered":"Die Leiden Des Jungen Werthers"},"content":{"rendered":"<p>Yay\u0131n Tarihi: 02.09.2016<br \/>ISBN: 9786059681650<br \/>Dil: ALMANCA<br \/>Sayfa Say\u0131s\u0131: 135<br \/>Cilt Tipi: Karton Kapak<br \/>Ka\u011f\u0131t Cinsi: Kitap Ka\u011f\u0131d\u0131<br \/>Boyut: 13.5 x 19.5 cm<\/p>","protected":false},"excerpt":{"rendered":"<p>Der Briefroman \u201eDie Leiden des jungen Werthers\u201c ist ein erstmals 1774 erschienenes Werk von Johann Wolfgang von Goethe.Der Roman spielt im Zeitraum vom 4. Mai 1771 bis zum 24. Dezember 1772. Ort der Handlung ist die Kleinstadt Wahlheim. Protagonist ist Werther, ein junger Mann, der in der bereits verlobten Lotte die Verk\u00f6rperung seiner Ideale sieht. Werther verliert sich in einer schw\u00e4rmerischen und hoffnungslosen Liebe, die ihn in den Selbstmord treibt.<\/p>","protected":false},"featured_media":22582,"template":"","meta":{"spay_email":""},"product_cat":[231],"product_tag":[],"item":[822],"acf":[],"_links":{"self":[{"href":"https:\/\/mgvpublications.com\/de\/wp-json\/wp\/v2\/product\/18156"}],"collection":[{"href":"https:\/\/mgvpublications.com\/de\/wp-json\/wp\/v2\/product"}],"about":[{"href":"https:\/\/mgvpublications.com\/de\/wp-json\/wp\/v2\/types\/product"}],"wp:featuredmedia":[{"embeddable":true,"href":"https:\/\/mgvpublications.com\/de\/wp-json\/wp\/v2\/media\/22582"}],"wp:attachment":[{"href":"https:\/\/mgvpublications.com\/de\/wp-json\/wp\/v2\/media?parent=18156"}],"wp:term":[{"taxonomy":"product_cat","embeddable":true,"href":"https:\/\/mgvpublications.com\/de\/wp-json\/wp\/v2\/product_cat?post=18156"},{"taxonomy":"product_tag","embeddable":true,"href":"https:\/\/mgvpublications.com\/de\/wp-json\/wp\/v2\/product_tag?post=18156"},{"taxonomy":"item","embeddable":true,"href":"https:\/\/mgvpublications.com\/de\/wp-json\/wp\/v2\/item?post=18156"}],"curies":[{"name":"wp","href":"https:\/\/api.w.org\/{rel}","templated":true}]}}