{"id":18154,"date":"2021-03-09T00:50:36","date_gmt":"2021-03-08T23:50:36","guid":{"rendered":"https:\/\/mgvpublications.com\/?post_type=product&#038;p=18154"},"modified":"2022-03-08T22:51:34","modified_gmt":"2022-03-08T21:51:34","slug":"angst","status":"publish","type":"product","link":"https:\/\/mgvpublications.com\/de\/angst\/","title":{"rendered":"Angst"},"content":{"rendered":"<div>Yay\u0131n Tarihi: 01.02.2017<\/div>\n<div>ISBN: 9786059489195<\/div>\n<div>Dil: ALMANCA<\/div>\n<div>Sayfa Say\u0131s\u0131: 72<\/div>\n<div>Cilt Tipi: Karton Kapak<\/div>\n<div>Ka\u011f\u0131t Cinsi: Kitap Ka\u011f\u0131d\u0131<\/div>\n<div>Boyut: 13.5 x 19.5 cm<\/div>","protected":false},"excerpt":{"rendered":"<p>Als Frau Irene die Treppe von der Wohnung ihres Geliebten hinabstieg, packte sie mit einem Male wieder jene sinnlose Angst. Ein schwarzer Kreisel surrte pl\u00f6tzlich vor ihren Augen, die Knie froren zu entsetzlicher Starre, und hastig mu\u00dfte sie sich am Gel\u00e4nder festhalten, um nicht j\u00e4hlings nach vorne zu fallen. Es war nicht das erstemal, da\u00df sie den gefahrvollen Besuch wagte, dieser j\u00e4he Schauer ihr keineswegs fremd, immer unterlag sie trotz aller innerlichen Gegenwehr bei jeder Heimkehr solchen grundlosen Anf\u00e4llen unsinniger und l\u00e4cherlicher Angst.<\/p>","protected":false},"featured_media":18155,"template":"","meta":{"spay_email":""},"product_cat":[231],"product_tag":[],"item":[822],"acf":[],"_links":{"self":[{"href":"https:\/\/mgvpublications.com\/de\/wp-json\/wp\/v2\/product\/18154"}],"collection":[{"href":"https:\/\/mgvpublications.com\/de\/wp-json\/wp\/v2\/product"}],"about":[{"href":"https:\/\/mgvpublications.com\/de\/wp-json\/wp\/v2\/types\/product"}],"wp:featuredmedia":[{"embeddable":true,"href":"https:\/\/mgvpublications.com\/de\/wp-json\/wp\/v2\/media\/18155"}],"wp:attachment":[{"href":"https:\/\/mgvpublications.com\/de\/wp-json\/wp\/v2\/media?parent=18154"}],"wp:term":[{"taxonomy":"product_cat","embeddable":true,"href":"https:\/\/mgvpublications.com\/de\/wp-json\/wp\/v2\/product_cat?post=18154"},{"taxonomy":"product_tag","embeddable":true,"href":"https:\/\/mgvpublications.com\/de\/wp-json\/wp\/v2\/product_tag?post=18154"},{"taxonomy":"item","embeddable":true,"href":"https:\/\/mgvpublications.com\/de\/wp-json\/wp\/v2\/item?post=18154"}],"curies":[{"name":"wp","href":"https:\/\/api.w.org\/{rel}","templated":true}]}}