{"id":18131,"date":"2021-03-09T00:19:18","date_gmt":"2021-03-08T23:19:18","guid":{"rendered":"https:\/\/mgvpublications.com\/?post_type=product&#038;p=18131"},"modified":"2022-03-08T22:51:32","modified_gmt":"2022-03-08T21:51:32","slug":"yeraltindan-notlar","status":"publish","type":"product","link":"https:\/\/mgvpublications.com\/de\/yeraltindan-notlar\/","title":{"rendered":"Yeralt\u0131ndan Notlar"},"content":{"rendered":"<div>\u00c7evirmen: Aybike Liza K\u00f6ro\u011flu<\/div>\n<div>Yay\u0131n Tarihi: 28.11.2020<\/div>\n<div>ISBN: 9786257784504<\/div>\n<div>Dil: T\u00dcRK\u00c7E<\/div>\n<div>Sayfa Say\u0131s\u0131: 136<\/div>\n<div>Cilt Tipi: Karton Kapak<\/div>\n<div>Ka\u011f\u0131t Cinsi: Kitap Ka\u011f\u0131d\u0131<\/div>\n<div>Boyut: 12.5 x 19.5 cm<\/div>","protected":false},"excerpt":{"rendered":"<p>Kitab\u0131n isimsiz anlat\u0131c\u0131s\u0131, Yeralt\u0131ndan Notlar\u2019\u0131 i\u00e7in \u201cedebiyattan ziyade kendimi \u0131slah \u00e7abas\u0131\u201d der. Ama sat\u0131rlar\u0131n\u0131 okuyan herkesin yerine hakl\u0131 isyan\u0131n\u0131 dile getirdi\u011fini hat\u0131rlat\u0131r. \u00c7\u00fcr\u00fcmekten, al\u0131\u015fmaktan uzak durmak i\u00e7in yazm\u0131\u015ft\u0131r Yeralt\u0131 Adam\u0131: Biliyorum; belki s\u00f6ylediklerime k\u0131zacak, ba\u011f\u0131racak, ayak direteceksiniz. \u201cYaln\u0131zca kendi ad\u0131n\u0131za, yeralt\u0131ndaki sefaletiniz hakk\u0131nda konu\u015fun ve sak\u0131n \u2018biz hepimiz\u2019 demeye c\u00fcret etmeyin!\u201d diyeceksiniz. Beyler, affedersiniz ama bu hepimizcilikle kendimi hakl\u0131 \u00e7\u0131karmaya \u00e7al\u0131\u015ft\u0131\u011f\u0131m yok.<\/p>","protected":false},"featured_media":18133,"template":"","meta":{"spay_email":""},"product_cat":[167,168],"product_tag":[],"item":[1439],"acf":[],"_links":{"self":[{"href":"https:\/\/mgvpublications.com\/de\/wp-json\/wp\/v2\/product\/18131"}],"collection":[{"href":"https:\/\/mgvpublications.com\/de\/wp-json\/wp\/v2\/product"}],"about":[{"href":"https:\/\/mgvpublications.com\/de\/wp-json\/wp\/v2\/types\/product"}],"wp:featuredmedia":[{"embeddable":true,"href":"https:\/\/mgvpublications.com\/de\/wp-json\/wp\/v2\/media\/18133"}],"wp:attachment":[{"href":"https:\/\/mgvpublications.com\/de\/wp-json\/wp\/v2\/media?parent=18131"}],"wp:term":[{"taxonomy":"product_cat","embeddable":true,"href":"https:\/\/mgvpublications.com\/de\/wp-json\/wp\/v2\/product_cat?post=18131"},{"taxonomy":"product_tag","embeddable":true,"href":"https:\/\/mgvpublications.com\/de\/wp-json\/wp\/v2\/product_tag?post=18131"},{"taxonomy":"item","embeddable":true,"href":"https:\/\/mgvpublications.com\/de\/wp-json\/wp\/v2\/item?post=18131"}],"curies":[{"name":"wp","href":"https:\/\/api.w.org\/{rel}","templated":true}]}}