{"id":18125,"date":"2021-03-09T00:13:28","date_gmt":"2021-03-08T23:13:28","guid":{"rendered":"https:\/\/mgvpublications.com\/?post_type=product&#038;p=18125"},"modified":"2025-04-27T08:04:23","modified_gmt":"2025-04-27T06:04:23","slug":"toplum-sozlesmesi","status":"publish","type":"product","link":"https:\/\/mgvpublications.com\/de\/toplum-sozlesmesi\/","title":{"rendered":"Toplum S\u00f6zle\u015fmesi"},"content":{"rendered":"<p>\u00c7evirmen: Sebahat Derin At\u0131\u015fkan<br \/>Yay\u0131n Tarihi: 28.11.2020<br \/>ISBN: 9786257751056<br \/>Dil: T\u00dcRK\u00c7E<br \/>Sayfa Say\u0131s\u0131: 144<br \/>Cilt Tipi: Karton Kapak<br \/>Ka\u011f\u0131t Cinsi: Kitap Ka\u011f\u0131d\u0131<br \/>Boyut: 12.5 x 19.5 cm<\/p>","protected":false},"excerpt":{"rendered":"<p>Toplum S\u00f6zle\u015fmesi, Frans\u0131z Devrimi\u2019nin felsef\u00ee zeminini haz\u0131rlayan eserlerin ba\u015f\u0131nda geliyor. Bat\u0131 d\u00fcnyas\u0131n\u0131 \u015fekillendiren temel siyaset teorilerinden biri olarak da g\u00f6rebilece\u011fimiz Toplum S\u00f6zle\u015fmesi\u2019nde Rousseau, s\u0131n\u0131f ayr\u0131m\u0131 g\u00f6zetmeksizin her bireyi kanun \u00f6n\u00fcnde e\u015fit kabul etmek gerekti\u011fini savunur. Bireysel \u00f6zg\u00fcrl\u00fcklerin g\u00fcvence alt\u0131nda oldu\u011fu, genel iradeye ve mutabakata dayanan sistem, \u201cg\u00f6n\u00fcll\u00fc k\u00f6leli\u011fi\u201d de ortadan kald\u0131racakt\u0131r. Rousseau\u2019nun yaz\u0131ld\u0131\u011f\u0131 ilk g\u00fcnden beri s\u00fcrekli tart\u0131\u015f\u0131lan bu klasik metni, siyaset bilimine; m\u00fclkiyet, halklar\u0131n egemenli\u011fi, genel irade gibi kavramlar\u0131 arma\u011fan etmi\u015ftir. Bununla da kalmay\u0131p, \u00e7e\u015fitli demokrasi modellerinin nas\u0131l ve hangi ko\u015fullarda ger\u00e7ekle\u015febilece\u011finin alt\u0131n\u0131 \u00e7izerek demokrasi teorilerine bug\u00fcn bile katk\u0131 yapmay\u0131 s\u00fcrd\u00fcrmektedir.<\/p>","protected":false},"featured_media":21378,"template":"","meta":{"spay_email":""},"product_cat":[173],"product_tag":[],"item":[1439],"acf":[],"_links":{"self":[{"href":"https:\/\/mgvpublications.com\/de\/wp-json\/wp\/v2\/product\/18125"}],"collection":[{"href":"https:\/\/mgvpublications.com\/de\/wp-json\/wp\/v2\/product"}],"about":[{"href":"https:\/\/mgvpublications.com\/de\/wp-json\/wp\/v2\/types\/product"}],"wp:featuredmedia":[{"embeddable":true,"href":"https:\/\/mgvpublications.com\/de\/wp-json\/wp\/v2\/media\/21378"}],"wp:attachment":[{"href":"https:\/\/mgvpublications.com\/de\/wp-json\/wp\/v2\/media?parent=18125"}],"wp:term":[{"taxonomy":"product_cat","embeddable":true,"href":"https:\/\/mgvpublications.com\/de\/wp-json\/wp\/v2\/product_cat?post=18125"},{"taxonomy":"product_tag","embeddable":true,"href":"https:\/\/mgvpublications.com\/de\/wp-json\/wp\/v2\/product_tag?post=18125"},{"taxonomy":"item","embeddable":true,"href":"https:\/\/mgvpublications.com\/de\/wp-json\/wp\/v2\/item?post=18125"}],"curies":[{"name":"wp","href":"https:\/\/api.w.org\/{rel}","templated":true}]}}