{"id":18109,"date":"2021-03-08T22:25:04","date_gmt":"2021-03-08T21:25:04","guid":{"rendered":"https:\/\/mgvpublications.com\/?post_type=product&#038;p=18109"},"modified":"2022-03-08T22:51:31","modified_gmt":"2022-03-08T21:51:31","slug":"son-kizilbas-sah-ismail","status":"publish","type":"product","link":"https:\/\/mgvpublications.com\/de\/son-kizilbas-sah-ismail\/","title":{"rendered":"Son K\u0131z\u0131lba\u015f \u015eah \u0130smail"},"content":{"rendered":"<p>Yay\u0131n Tarihi:\t12.05.2017<br \/>\nISBN:\t9786054052790<br \/>\nDil:\tT\u00dcRK\u00c7E<br \/>\nSayfa Say\u0131s\u0131:\t176<br \/>\nCilt Tipi:\tKarton Kapak<br \/>\nKa\u011f\u0131t Cinsi:\tKitap Ka\u011f\u0131d\u0131<br \/>\nBoyut:\t13.5 x 21 cm<\/p>","protected":false},"excerpt":{"rendered":"<p>Bir ya\u015f\u0131nda yetim, alt\u0131 ya\u015f\u0131nda \u015feyh, on d\u00f6rt ya\u015f\u0131nda h\u00fck\u00fcmdar, K\u0131z\u0131lba\u015flar\u0131n \u015eah\u0131, Safev\u00ee Devleti\u2019nin kurucusu, Ebu\u2019l-Muzaffer, M\u00fcr\u015fid-i K\u00e2mil, Allah\u2019\u0131n Yery\u00fcz\u00fcndeki G\u00f6lgesi, Hata\u00ee&#8230; K\u0131sac\u0131k bir \u00f6mre s\u0131\u011fd\u0131r\u0131lan b\u00fcy\u00fck bir tarih. \u015eeyhlikten \u015fahl\u0131\u011fa do\u011fru uzanan \u00e7etin m\u00fccadele\u2026 Ba\u015f d\u00f6nd\u00fcr\u00fcc\u00fc zaferlerin ard\u0131ndan gelen \u00c7ald\u0131ran yenilgisi. K\u0131z\u0131lba\u015f T\u00fcrkmenlerin \u015feyhlerini \u015fah yapmak i\u00e7in giri\u015ftikleri m\u00fccadeleler\u2026 Bir inan\u00e7 hareketinin devletle\u015fmesi, bi\u00e7im de\u011fi\u015ftirmesi, farkl\u0131la\u015fmas\u0131\u2026 Dinin siyasalla\u015fmas\u0131; devletin dinin hizmetine al\u0131nmas\u0131, dinin devletin dayana\u011f\u0131 haline gelmesi. Tarihten g\u00fcncele do\u011fru inan\u0131lmaz benzerlikler\u2026 XVI. y\u00fczy\u0131l\u0131n ba\u015flar\u0131nda \u0130ran\u2019da kurulan yeni devlet, tarihin ak\u0131\u015f\u0131n\u0131 de\u011fi\u015ftirdi. Devletin kurucular\u0131 olan K\u0131z\u0131lba\u015f T\u00fcrkmenler ayn\u0131 zamanda onun kurban\u0131yd\u0131lar da. \u015eah\u2019\u0131n emirlerine kay\u0131ts\u0131z-\u015farts\u0131z itaat ettiler. Bir yanda \u015eah\u2019\u0131n otoritesini kurmak, di\u011fer yanda \u00fclkenin s\u0131n\u0131rlar\u0131n\u0131 korumak ve devleti ayakta tutmak i\u00e7in canlar\u0131n\u0131 verdiler. Bazen onlar \u015eah\u2019a hakim oldular, bazen de \u015fah onlara. Bu kitapta \u015eah \u0130smail ve K\u0131z\u0131lba\u015f hareketi orijinal kaynaklar\u0131n \u0131\u015f\u0131\u011f\u0131nda inceleniyor. Bilinenin aksine bamba\u015fka bir \u015eah \u0130smail portresi \u00e7\u0131k\u0131yor.<br \/>\ndevam\u0131n\u0131 oku<\/p>","protected":false},"featured_media":18110,"template":"","meta":{"spay_email":""},"product_cat":[170],"product_tag":[],"item":[879],"acf":[],"_links":{"self":[{"href":"https:\/\/mgvpublications.com\/de\/wp-json\/wp\/v2\/product\/18109"}],"collection":[{"href":"https:\/\/mgvpublications.com\/de\/wp-json\/wp\/v2\/product"}],"about":[{"href":"https:\/\/mgvpublications.com\/de\/wp-json\/wp\/v2\/types\/product"}],"wp:featuredmedia":[{"embeddable":true,"href":"https:\/\/mgvpublications.com\/de\/wp-json\/wp\/v2\/media\/18110"}],"wp:attachment":[{"href":"https:\/\/mgvpublications.com\/de\/wp-json\/wp\/v2\/media?parent=18109"}],"wp:term":[{"taxonomy":"product_cat","embeddable":true,"href":"https:\/\/mgvpublications.com\/de\/wp-json\/wp\/v2\/product_cat?post=18109"},{"taxonomy":"product_tag","embeddable":true,"href":"https:\/\/mgvpublications.com\/de\/wp-json\/wp\/v2\/product_tag?post=18109"},{"taxonomy":"item","embeddable":true,"href":"https:\/\/mgvpublications.com\/de\/wp-json\/wp\/v2\/item?post=18109"}],"curies":[{"name":"wp","href":"https:\/\/api.w.org\/{rel}","templated":true}]}}