{"id":18100,"date":"2021-03-08T22:01:24","date_gmt":"2021-03-08T21:01:24","guid":{"rendered":"https:\/\/mgvpublications.com\/?post_type=product&#038;p=18100"},"modified":"2022-03-08T22:51:29","modified_gmt":"2022-03-08T21:51:29","slug":"bir-adam-girdi-sehre-kosarak","status":"publish","type":"product","link":"https:\/\/mgvpublications.com\/de\/bir-adam-girdi-sehre-kosarak\/","title":{"rendered":"Bir Adam Girdi \u015eehre Ko\u015farak"},"content":{"rendered":"<p>Kapak:\tKenan \u00d6zcan<br \/>\nYay\u0131n Tarihi:\t22.10.2019<br \/>\nISBN:\t9789759962814<br \/>\nDil:\tT\u00dcRK\u00c7E<br \/>\nSayfa Say\u0131s\u0131:\t120<br \/>\nCilt Tipi:\tKarton Kapak<br \/>\nKa\u011f\u0131t Cinsi:\tKitap Ka\u011f\u0131d\u0131<br \/>\nBoyut:\t13.5 x 21 cm<\/p>","protected":false},"excerpt":{"rendered":"<p>Camlardan \u00f6lesiye sarkan g\u00fcndelik\u00e7i kad\u0131nlar, elindeki eczane po\u015fetleriyle \u00e7aresiz bekleyen ya\u015fl\u0131 adamlar, pazar yerlerinden art\u0131k toplayanlar, eskimi\u015f k\u0131yafetleriyle d\u00fc\u011f\u00fcn salonlar\u0131nda \u015fark\u0131 s\u00f6yleyenler, sefer tas\u0131ndan utanan gen\u00e7 adam ve di\u011ferleri.<\/p>\n<p>\u015eehrin \u00f6tekileri yani.<\/p>\n<p>Biraz Raif Efendi, biraz Maria Puder, Sartre, Bachelard, Anna ve biraz Kud\u00fcs.<\/p>\n<p>Karanl\u0131k, rutubetli, \u00e7ok ba\u011f\u0131r\u0131\u015fl\u0131, \u00e7ok nefessiz, \u00e7ok sabahs\u0131z, \u00e7ok a\u015fks\u0131z, \u00e7ok \u00e7i\u00e7eksiz, \u00e7ok ne\u015fesiz, \u00e7ok kitaps\u0131z bir \u015fehirde hayatta kalabilmek i\u00e7in her \u015fey.<\/p>\n<p>B\u00fcy\u00fcc\u00fclerin, haramilerin, borsac\u0131lar\u0131n, reklamc\u0131lar\u0131n, korsanlar\u0131n, i\u015fgalcilerin, bankac\u0131lar\u0131n elinden kurtulabilmek i\u00e7in yani.<\/p>\n<p>Tar\u0131k Tufan, \u201cBir Adam Girdi \u015eehre Ko\u015farak\u201d kitab\u0131nda her \u015fey h\u0131zla akarken, yava\u015f gidenleri, yorulanlar\u0131, rekabete g\u00fc\u00e7 yetiremeyenleri ve onlar\u0131n mekanlar\u0131n\u0131 anlat\u0131yor.<br \/>\ndevam\u0131n\u0131 oku<\/p>","protected":false},"featured_media":18101,"template":"","meta":{"spay_email":""},"product_cat":[168],"product_tag":[],"item":[354],"acf":[],"_links":{"self":[{"href":"https:\/\/mgvpublications.com\/de\/wp-json\/wp\/v2\/product\/18100"}],"collection":[{"href":"https:\/\/mgvpublications.com\/de\/wp-json\/wp\/v2\/product"}],"about":[{"href":"https:\/\/mgvpublications.com\/de\/wp-json\/wp\/v2\/types\/product"}],"wp:featuredmedia":[{"embeddable":true,"href":"https:\/\/mgvpublications.com\/de\/wp-json\/wp\/v2\/media\/18101"}],"wp:attachment":[{"href":"https:\/\/mgvpublications.com\/de\/wp-json\/wp\/v2\/media?parent=18100"}],"wp:term":[{"taxonomy":"product_cat","embeddable":true,"href":"https:\/\/mgvpublications.com\/de\/wp-json\/wp\/v2\/product_cat?post=18100"},{"taxonomy":"product_tag","embeddable":true,"href":"https:\/\/mgvpublications.com\/de\/wp-json\/wp\/v2\/product_tag?post=18100"},{"taxonomy":"item","embeddable":true,"href":"https:\/\/mgvpublications.com\/de\/wp-json\/wp\/v2\/item?post=18100"}],"curies":[{"name":"wp","href":"https:\/\/api.w.org\/{rel}","templated":true}]}}