{"id":18096,"date":"2021-03-08T21:54:20","date_gmt":"2021-03-08T20:54:20","guid":{"rendered":"https:\/\/mgvpublications.com\/?post_type=product&#038;p=18096"},"modified":"2022-03-08T22:51:29","modified_gmt":"2022-03-08T21:51:29","slug":"kekeme-cocuklar-korosu","status":"publish","type":"product","link":"https:\/\/mgvpublications.com\/de\/kekeme-cocuklar-korosu\/","title":{"rendered":"Kekeme \u00c7ocuklar Korosu"},"content":{"rendered":"<p>Yay\u0131n Tarihi:\t22.10.2019<br \/>\nISBN:\t9789759960513<br \/>\nDil:\tT\u00dcRK\u00c7E<br \/>\nSayfa Say\u0131s\u0131:\t136<br \/>\nCilt Tipi:\tKarton Kapak<br \/>\nKa\u011f\u0131t Cinsi:\tKitap Ka\u011f\u0131d\u0131<br \/>\nBoyut:\t13.5 x 21 cm<\/p>","protected":false},"excerpt":{"rendered":"<p>\u2019En son hangi ac\u0131 seni uykusuz b\u0131rakt\u0131, en son hangi co\u011frafyaya<br \/>\ng\u00f6zya\u015f\u0131 d\u00f6kt\u00fcn, en son hangi c\u00fcmle beynini darmada\u011f\u0131n<br \/>\nedercesine odan\u0131n duvarlar\u0131nda yank\u0131land\u0131, s\u00f6ylesene?<\/p>\n<p>Kekeme \u00c7ocuklar Korosu bir radyo istasyonunda gece<br \/>\nprogramlar\u0131 yapan gen\u00e7 bir adam\u0131n hikayesini anlat\u0131yor.<br \/>\nHuzursuz, \u00f6fkeli, kafas\u0131 kar\u0131\u015f\u0131k, h\u00fcz\u00fcnl\u00fc bir adam\u0131n hayat\u0131n<br \/>\ni\u00e7indeki \u00e7aresizlikleri, sorgulamalar\u0131, kavgalar\u0131 etkileyici<br \/>\nbir anlat\u0131mla okurun kar\u015f\u0131s\u0131na \u00e7\u0131k\u0131yor.<\/p>\n<p>Olaylar gen\u00e7 bir adam \u00fczerinden anlat\u0131lsa da Kekeme \u00c7ocuklar<br \/>\nKorosu, doksanl\u0131 y\u0131llar\u0131n ve o y\u0131llar\u0131 \u00fcniversitede ya\u015fayan<br \/>\nbir ku\u015fa\u011f\u0131n \u00e7arp\u0131c\u0131 hikayesidir.<br \/>\ndevam\u0131n\u0131 oku<\/p>","protected":false},"featured_media":18097,"template":"","meta":{"spay_email":""},"product_cat":[168],"product_tag":[],"item":[354],"acf":[],"_links":{"self":[{"href":"https:\/\/mgvpublications.com\/de\/wp-json\/wp\/v2\/product\/18096"}],"collection":[{"href":"https:\/\/mgvpublications.com\/de\/wp-json\/wp\/v2\/product"}],"about":[{"href":"https:\/\/mgvpublications.com\/de\/wp-json\/wp\/v2\/types\/product"}],"wp:featuredmedia":[{"embeddable":true,"href":"https:\/\/mgvpublications.com\/de\/wp-json\/wp\/v2\/media\/18097"}],"wp:attachment":[{"href":"https:\/\/mgvpublications.com\/de\/wp-json\/wp\/v2\/media?parent=18096"}],"wp:term":[{"taxonomy":"product_cat","embeddable":true,"href":"https:\/\/mgvpublications.com\/de\/wp-json\/wp\/v2\/product_cat?post=18096"},{"taxonomy":"product_tag","embeddable":true,"href":"https:\/\/mgvpublications.com\/de\/wp-json\/wp\/v2\/product_tag?post=18096"},{"taxonomy":"item","embeddable":true,"href":"https:\/\/mgvpublications.com\/de\/wp-json\/wp\/v2\/item?post=18096"}],"curies":[{"name":"wp","href":"https:\/\/api.w.org\/{rel}","templated":true}]}}