{"id":18094,"date":"2021-03-08T21:52:55","date_gmt":"2021-03-08T20:52:55","guid":{"rendered":"https:\/\/mgvpublications.com\/?post_type=product&#038;p=18094"},"modified":"2022-03-08T22:51:28","modified_gmt":"2022-03-08T21:51:28","slug":"kralicenin-pireleri","status":"publish","type":"product","link":"https:\/\/mgvpublications.com\/de\/kralicenin-pireleri\/","title":{"rendered":"Krali\u00e7enin Pireleri"},"content":{"rendered":"<p>Yay\u0131n Tarihi:\t17.05.2020<br \/>\nISBN:\t9786050973839<br \/>\nDil:\tT\u00dcRK\u00c7E<br \/>\nSayfa Say\u0131s\u0131:\t192<br \/>\nCilt Tipi:\tKarton Kapak<br \/>\nKa\u011f\u0131t Cinsi:\tKitap Ka\u011f\u0131d\u0131<br \/>\nBoyut:\t13.5 x 19.5 cm<\/p>","protected":false},"excerpt":{"rendered":"<p>Tar\u0131k Tufan ge\u00e7mi\u015ften bug\u00fcne, sokak sokak, oda oda yaralar\u0131m\u0131za dokunuyor.<\/p>\n<p>Krali\u00e7enin Pireleri, bo\u011fucu bir d\u00fcnyada mahsur kalm\u0131\u015f yazar\u0131n \u00e7\u0131k\u0131\u015f aray\u0131\u015flar\u0131; d\u00fcnyaya ve T\u00fcrkiye\u2019ye hem i\u00e7eriden hem d\u0131\u015far\u0131dan bak\u0131\u015f denemeleri; \u015fehrine dair, tutkulu, yal\u0131n ve isyank\u00e2r sat\u0131rlar\u0131\u2026<\/p>\n<p>\u201cKentin \u00fcst\u00fc ba\u015f\u0131 bak\u0131ms\u0131z sokaklar\u0131n\u0131 merhametli kad\u0131nlar emzirip, b\u00fcy\u00fct\u00fcyor.Sa\u00e7lar\u0131ndan g\u00f6\u00e7 etmeyi becerememi\u015f, zay\u0131f k\u0131rlang\u0131\u00e7lar da\u011f\u0131l\u0131yor sokaklar\u0131m\u0131za. G\u00f6zkapaklar\u0131na gizlenmi\u015f bereketli bulutlar ya\u011fmurlar\u0131n\u0131 sa\u00e7\u0131yorlar \u00fczerimize. Bizim sokaklar\u0131m\u0131z\u0131 kad\u0131nlar\u0131m\u0131z teselli ediyor.\u201d<br \/>\ndevam\u0131n\u0131 oku<\/p>","protected":false},"featured_media":18095,"template":"","meta":{"spay_email":""},"product_cat":[168],"product_tag":[],"item":[563],"acf":[],"_links":{"self":[{"href":"https:\/\/mgvpublications.com\/de\/wp-json\/wp\/v2\/product\/18094"}],"collection":[{"href":"https:\/\/mgvpublications.com\/de\/wp-json\/wp\/v2\/product"}],"about":[{"href":"https:\/\/mgvpublications.com\/de\/wp-json\/wp\/v2\/types\/product"}],"wp:featuredmedia":[{"embeddable":true,"href":"https:\/\/mgvpublications.com\/de\/wp-json\/wp\/v2\/media\/18095"}],"wp:attachment":[{"href":"https:\/\/mgvpublications.com\/de\/wp-json\/wp\/v2\/media?parent=18094"}],"wp:term":[{"taxonomy":"product_cat","embeddable":true,"href":"https:\/\/mgvpublications.com\/de\/wp-json\/wp\/v2\/product_cat?post=18094"},{"taxonomy":"product_tag","embeddable":true,"href":"https:\/\/mgvpublications.com\/de\/wp-json\/wp\/v2\/product_tag?post=18094"},{"taxonomy":"item","embeddable":true,"href":"https:\/\/mgvpublications.com\/de\/wp-json\/wp\/v2\/item?post=18094"}],"curies":[{"name":"wp","href":"https:\/\/api.w.org\/{rel}","templated":true}]}}