{"id":18086,"date":"2021-03-08T21:43:10","date_gmt":"2021-03-08T20:43:10","guid":{"rendered":"https:\/\/mgvpublications.com\/?post_type=product&#038;p=18086"},"modified":"2022-03-08T22:51:28","modified_gmt":"2022-03-08T21:51:28","slug":"uzak-ulke","status":"publish","type":"product","link":"https:\/\/mgvpublications.com\/de\/uzak-ulke\/","title":{"rendered":"Uzak \u00dclke"},"content":{"rendered":"<p>Yay\u0131n Tarihi:\t28.03.2017<br \/>\nISBN:\t9789759962517<br \/>\nDil:\tT\u00dcRK\u00c7E<br \/>\nSayfa Say\u0131s\u0131:\t344<br \/>\nCilt Tipi:\tKarton Kapak<br \/>\nKa\u011f\u0131t Cinsi:\tKitap Ka\u011f\u0131d\u0131<br \/>\nBoyut:\t13.5 x 21 cm<\/p>","protected":false},"excerpt":{"rendered":"<p>1890\u2019lar\u0131n d\u00fcnyas\u0131 ona ziyadesiyle a\u015fina idi.<br \/>\nNam\u0131 sadece Osmanl\u0131 co\u011frafyas\u0131nda de\u011fil \u0130ngiltere\u2019de, Fransa\u2019da, Amerika\u2019da da duyuldu. Kitaplar\u0131 Arap\u00e7a, Frans\u0131zca ve \u0130ngilizceye \u00e7evrildi.<br \/>\nOrtado\u011fu\u2019nun b\u00fct\u00fcn kad\u0131nlar\u0131 bir kale gibi Fatma Aliye\u2019ye yasland\u0131.<br \/>\nSonra.<br \/>\nOlanlar oldu.<br \/>\n\u0130ttihat Terakki ile silinmeye \u00e7al\u0131\u015f\u0131lan ad\u0131, Cumhuriyet d\u00f6neminde tamamen unutuldu.<br \/>\nAd\u0131 ne antolojilerde yer ald\u0131 ne edebiyat tarihlerinde.<br \/>\nTa ki Uzak \u00dclke yay\u0131nlanana kadar.<br \/>\nFatma K. Barbaroso\u011flu, \u201cUzak \u00dclke\u201d dedi. Uzak \u00dclke\u2019ye kelimelerden seferler d\u00fczenledi.<br \/>\nFatma Aliye\u2019yi art\u0131k herkes Barbaroso\u011flu\u2019nun kaleminden tan\u0131yor.<br \/>\ndevam\u0131n\u0131 oku<\/p>","protected":false},"featured_media":18087,"template":"","meta":{"spay_email":""},"product_cat":[168],"product_tag":[],"item":[354],"acf":[],"_links":{"self":[{"href":"https:\/\/mgvpublications.com\/de\/wp-json\/wp\/v2\/product\/18086"}],"collection":[{"href":"https:\/\/mgvpublications.com\/de\/wp-json\/wp\/v2\/product"}],"about":[{"href":"https:\/\/mgvpublications.com\/de\/wp-json\/wp\/v2\/types\/product"}],"wp:featuredmedia":[{"embeddable":true,"href":"https:\/\/mgvpublications.com\/de\/wp-json\/wp\/v2\/media\/18087"}],"wp:attachment":[{"href":"https:\/\/mgvpublications.com\/de\/wp-json\/wp\/v2\/media?parent=18086"}],"wp:term":[{"taxonomy":"product_cat","embeddable":true,"href":"https:\/\/mgvpublications.com\/de\/wp-json\/wp\/v2\/product_cat?post=18086"},{"taxonomy":"product_tag","embeddable":true,"href":"https:\/\/mgvpublications.com\/de\/wp-json\/wp\/v2\/product_tag?post=18086"},{"taxonomy":"item","embeddable":true,"href":"https:\/\/mgvpublications.com\/de\/wp-json\/wp\/v2\/item?post=18086"}],"curies":[{"name":"wp","href":"https:\/\/api.w.org\/{rel}","templated":true}]}}