{"id":18084,"date":"2021-03-08T21:40:47","date_gmt":"2021-03-08T20:40:47","guid":{"rendered":"https:\/\/mgvpublications.com\/?post_type=product&#038;p=18084"},"modified":"2022-03-08T22:51:28","modified_gmt":"2022-03-08T21:51:28","slug":"moda-ve-zihniyet","status":"publish","type":"product","link":"https:\/\/mgvpublications.com\/de\/moda-ve-zihniyet\/","title":{"rendered":"Moda ve Zihniyet"},"content":{"rendered":"<p>Yay\u0131n Tarihi:\t05.09.2017<br \/>\nISBN:\t9789753551328<br \/>\nDil:\tT\u00dcRK\u00c7E<br \/>\nSayfa Say\u0131s\u0131:\t216<br \/>\nCilt Tipi:\tKarton Kapak<br \/>\nKa\u011f\u0131t Cinsi:\tKitap Ka\u011f\u0131d\u0131<br \/>\nBoyut:\t13.5 x 21 cm<\/p>","protected":false},"excerpt":{"rendered":"<p>Otoritesi ele\u015ftirilmezlik \u00fczerine kurulu olan moda, g\u00fczelin tarifini de\u011fi\u015ftirdi: \u201cModa olan g\u00fczeldir.\u201d En \u00e7ok tart\u0131\u015f\u0131lan ve g\u00f6ze batan zevkler ve renkler bile, modan\u0131n \u015femsiyesi alt\u0131na girdi\u011finde \u201czevkler ve renklerin tart\u0131\u015f\u0131lmazl\u0131\u011f\u0131\u201d payesine y\u00fckseldi. Kitle k\u00fclt\u00fcr\u00fc i\u00e7inde milyonlarca insan ayn\u0131 \u015fekilde giyinip ayn\u0131 \u015feyleri t\u00fcketirken modac\u0131lar, modan\u0131n \u201colu\u015fmayan s\u0131n\u0131r\u201d\u0131n\u0131 hareket ettirip durdular. \u00c7al\u0131\u015fma modan\u0131n ele\u015ftirilebilirli\u011fine bir kap\u0131 aral\u0131yor.<\/p>","protected":false},"featured_media":18085,"template":"","meta":{"spay_email":""},"product_cat":[1537],"product_tag":[],"item":[689],"acf":[],"_links":{"self":[{"href":"https:\/\/mgvpublications.com\/de\/wp-json\/wp\/v2\/product\/18084"}],"collection":[{"href":"https:\/\/mgvpublications.com\/de\/wp-json\/wp\/v2\/product"}],"about":[{"href":"https:\/\/mgvpublications.com\/de\/wp-json\/wp\/v2\/types\/product"}],"wp:featuredmedia":[{"embeddable":true,"href":"https:\/\/mgvpublications.com\/de\/wp-json\/wp\/v2\/media\/18085"}],"wp:attachment":[{"href":"https:\/\/mgvpublications.com\/de\/wp-json\/wp\/v2\/media?parent=18084"}],"wp:term":[{"taxonomy":"product_cat","embeddable":true,"href":"https:\/\/mgvpublications.com\/de\/wp-json\/wp\/v2\/product_cat?post=18084"},{"taxonomy":"product_tag","embeddable":true,"href":"https:\/\/mgvpublications.com\/de\/wp-json\/wp\/v2\/product_tag?post=18084"},{"taxonomy":"item","embeddable":true,"href":"https:\/\/mgvpublications.com\/de\/wp-json\/wp\/v2\/item?post=18084"}],"curies":[{"name":"wp","href":"https:\/\/api.w.org\/{rel}","templated":true}]}}