{"id":18082,"date":"2021-03-08T21:39:09","date_gmt":"2021-03-08T20:39:09","guid":{"rendered":"https:\/\/mgvpublications.com\/?post_type=product&#038;p=18082"},"modified":"2022-03-08T22:51:28","modified_gmt":"2022-03-08T21:51:28","slug":"sov-ve-mahrem","status":"publish","type":"product","link":"https:\/\/mgvpublications.com\/de\/sov-ve-mahrem\/","title":{"rendered":"\u015eov ve Mahrem"},"content":{"rendered":"<p>Yay\u0131n Tarihi:\t17.11.2016<br \/>\nISBN:\t9789759963767<br \/>\nDil:\tT\u00dcRK\u00c7E<br \/>\nSayfa Say\u0131s\u0131:\t208<br \/>\nCilt Tipi:\tKarton Kapak<br \/>\nKa\u011f\u0131t Cinsi:\tKitap Ka\u011f\u0131d\u0131<br \/>\nBoyut:\t13.5 x 21 cm<\/p>","protected":false},"excerpt":{"rendered":"<p>Anlam d\u00fcnyas\u0131n\u0131n farkl\u0131 u\u00e7lar\u0131nda yer alan iki kavram; \u015fov ve mahrem. Postmodern d\u00f6nemde, &#8220;mahrem&#8221; olan\u0131n s\u0131n\u0131rlar\u0131 &#8220;\u015fov&#8221; taraf\u0131ndan a\u015f\u0131nd\u0131r\u0131l\u0131yor ve \u015fov, mahremi esir al\u0131yor. Kitle k\u00fclt\u00fcr\u00fcn\u00fcn i\u00e7ine s\u0131k\u0131\u015fm\u0131\u015f insan, varolman\u0131n yolunu &#8220;fark edilmekte&#8221; bulduk\u00e7a g\u00f6r\u00fcnt\u00fclere s\u0131\u011f\u0131n\u0131yor Kimlikler imajlar \u00fczerinden in\u015fa edilirken din\u00ee\/ahlak\u00ee normlar\u0131n yerinin modan\u0131n lokomotifli\u011finde t\u00fcketim kriterleri al\u0131yor. Art\u0131k sokaklar sahne, insanlar oyuncu. Oyunu yazanlarsa &#8220;kamusal alan\u0131n m\u00fcbarekleri&#8221; yani modac\u0131lar. Kutsal\u0131n\u0131 kaybeden d\u00fcnya, yeni kutsallar aray\u0131\u015f\u0131nda modac\u0131lara teslim oluyor. Mahremiyet s\u0131n\u0131rlar\u0131nda kalmas\u0131 gerekenlerin teker teker &#8220;\u015fov&#8221; malzemesine d\u00f6n\u00fc\u015ft\u00fcr\u00fcld\u00fc\u011f\u00fcne bir d\u00f6nemde Sosyolog Fatma Barbaroso\u011flu, \u00e7a\u011f\u0131m\u0131z\u0131n \u00e7eli\u015fkisi \u00fczerine yazd\u0131; \u015eov ve Mahrem.<br \/>\ndevam\u0131n\u0131 oku<\/p>","protected":false},"featured_media":18083,"template":"","meta":{"spay_email":""},"product_cat":[168],"product_tag":[],"item":[354],"acf":[],"_links":{"self":[{"href":"https:\/\/mgvpublications.com\/de\/wp-json\/wp\/v2\/product\/18082"}],"collection":[{"href":"https:\/\/mgvpublications.com\/de\/wp-json\/wp\/v2\/product"}],"about":[{"href":"https:\/\/mgvpublications.com\/de\/wp-json\/wp\/v2\/types\/product"}],"wp:featuredmedia":[{"embeddable":true,"href":"https:\/\/mgvpublications.com\/de\/wp-json\/wp\/v2\/media\/18083"}],"wp:attachment":[{"href":"https:\/\/mgvpublications.com\/de\/wp-json\/wp\/v2\/media?parent=18082"}],"wp:term":[{"taxonomy":"product_cat","embeddable":true,"href":"https:\/\/mgvpublications.com\/de\/wp-json\/wp\/v2\/product_cat?post=18082"},{"taxonomy":"product_tag","embeddable":true,"href":"https:\/\/mgvpublications.com\/de\/wp-json\/wp\/v2\/product_tag?post=18082"},{"taxonomy":"item","embeddable":true,"href":"https:\/\/mgvpublications.com\/de\/wp-json\/wp\/v2\/item?post=18082"}],"curies":[{"name":"wp","href":"https:\/\/api.w.org\/{rel}","templated":true}]}}