{"id":18080,"date":"2021-03-08T21:37:41","date_gmt":"2021-03-08T20:37:41","guid":{"rendered":"https:\/\/mgvpublications.com\/?post_type=product&#038;p=18080"},"modified":"2022-03-08T22:51:28","modified_gmt":"2022-03-08T21:51:28","slug":"hatira-kadar-narin-hafiza-kadar-zalim","status":"publish","type":"product","link":"https:\/\/mgvpublications.com\/de\/hatira-kadar-narin-hafiza-kadar-zalim\/","title":{"rendered":"Hat\u0131ra Kadar Narin Haf\u0131za Kadar Zalim"},"content":{"rendered":"<p>Yay\u0131n Tarihi: 04.11.2020<br \/>ISBN: 9786257111560<br \/>Dil: T\u00dcRK\u00c7E<br \/>Sayfa Say\u0131s\u0131: 144<br \/>Cilt Tipi: Karton Kapak<br \/>Ka\u011f\u0131t Cinsi: Kitap Ka\u011f\u0131d\u0131<br \/>Boyut: 13.5 x 21 cm<\/p>","protected":false},"excerpt":{"rendered":"<p>\u0130nsan, gezegenin en f\u00e2ni \u015fahidi. Tan\u0131kl\u0131klar\u0131n izi, her bireyin zihninde farkl\u0131 resimlerle kay\u0131tl\u0131. Solduk\u00e7a g\u00fczelle\u015fenler de var durduk\u00e7a \u00e7\u00fcr\u00fcyenler de. G\u00fcn\u00fcn izi d\u00fcne d\u00fc\u015ft\u00fc\u011f\u00fcnde; hat\u0131rlananlar da farkl\u0131la\u015f\u0131r haf\u0131zan\u0131n mahzeninde, saklananlar da&#8230; Unutmak istenenlerle muhafaza edilmek istenenler birbirine kar\u0131\u015farak akar bilincin \u0131rma\u011f\u0131nda. Fatma Barbaroso\u011flu 2020\u2019nin hat\u0131ra ve haf\u0131za kayd\u0131n\u0131, hayat\u0131n en saf, en dokunakl\u0131 anlar\u0131n\u0131 \u00f6yk\u00fclere y\u00fckleyerek tutuyor. Hat\u0131ra Kadar Narin Haf\u0131za Kadar Zalim, zaman\u0131n ak\u0131\u015f\u0131n\u0131 tecr\u00fcbe \u00fczerinden yakalayamayanlara sunulmu\u015f bir arma\u011fan&#8230;<\/p>","protected":false},"featured_media":21825,"template":"","meta":{"spay_email":""},"product_cat":[168],"product_tag":[],"item":[354],"acf":[],"_links":{"self":[{"href":"https:\/\/mgvpublications.com\/de\/wp-json\/wp\/v2\/product\/18080"}],"collection":[{"href":"https:\/\/mgvpublications.com\/de\/wp-json\/wp\/v2\/product"}],"about":[{"href":"https:\/\/mgvpublications.com\/de\/wp-json\/wp\/v2\/types\/product"}],"wp:featuredmedia":[{"embeddable":true,"href":"https:\/\/mgvpublications.com\/de\/wp-json\/wp\/v2\/media\/21825"}],"wp:attachment":[{"href":"https:\/\/mgvpublications.com\/de\/wp-json\/wp\/v2\/media?parent=18080"}],"wp:term":[{"taxonomy":"product_cat","embeddable":true,"href":"https:\/\/mgvpublications.com\/de\/wp-json\/wp\/v2\/product_cat?post=18080"},{"taxonomy":"product_tag","embeddable":true,"href":"https:\/\/mgvpublications.com\/de\/wp-json\/wp\/v2\/product_tag?post=18080"},{"taxonomy":"item","embeddable":true,"href":"https:\/\/mgvpublications.com\/de\/wp-json\/wp\/v2\/item?post=18080"}],"curies":[{"name":"wp","href":"https:\/\/api.w.org\/{rel}","templated":true}]}}