{"id":18076,"date":"2021-03-08T21:29:19","date_gmt":"2021-03-08T20:29:19","guid":{"rendered":"https:\/\/mgvpublications.com\/?post_type=product&#038;p=18076"},"modified":"2022-03-08T22:51:25","modified_gmt":"2022-03-08T21:51:25","slug":"dijital-cagda-musluman-kalmak","status":"publish","type":"product","link":"https:\/\/mgvpublications.com\/de\/dijital-cagda-musluman-kalmak\/","title":{"rendered":"Dijital \u00c7a\u011fda M\u00fcsl\u00fcman Kalmak"},"content":{"rendered":"<p>Yay\u0131n Tarihi:\t02.04.2020<br \/>\nISBN:\t9789755748030<br \/>\nDil:\tT\u00dcRK\u00c7E<br \/>\nSayfa Say\u0131s\u0131:\t158<br \/>\nCilt Tipi:\tKarton Kapak<br \/>\nKa\u011f\u0131t Cinsi:\tKitap Ka\u011f\u0131d\u0131<br \/>\nBoyut:\t13.5 x 21 cm<\/p>","protected":false},"excerpt":{"rendered":"<p>21. y\u00fczy\u0131lda ya\u015fayan faniler olarak nas\u0131l bir d\u00fcnya ile ku\u015fat\u0131lm\u0131\u015f oldu\u011fumuzun fark\u0131nda m\u0131y\u0131z? Alo fetva hatlar\u0131, online zek\u00e2t mecralar\u0131, Youtube\u2019dan yay\u0131nlanan vaazlar, zikirmatikler, Mescid-i Haram\u2019dan naklen yay\u0131nlanan namazlar&#8230; Bu yeni teknolojiler, yeni ara\u00e7lar din\u00ee ne\u015fvenin, ilmin, f\u0131kh\u0131n, maneviyat\u0131n aktar\u0131lmas\u0131nda kullan\u0131ld\u0131\u011f\u0131nda, esas\u0131nda olmakta olan nedir?<br \/>\n\u0130\u015fitmenin yerini g\u00f6rmenin ald\u0131\u011f\u0131, g\u00f6r\u00fcnt\u00fcn\u00fcn ger\u00e7ekten daha ger\u00e7ekmi\u015f gibi kabul g\u00f6rd\u00fc\u011f\u00fc bir d\u00fcnyada fer\u00e2seti ve bas\u00eereti nas\u0131l ku\u015fanaca\u011f\u0131z?<br \/>\nBilgi, mahremiyet, merhamet, mimari&#8230; duyusal, zihinsel, davran\u0131\u015fsal ve ahl\u00e2k\u00ee, insana dair hemen her \u015fey, muhatap oldu\u011fumuz dijital \u00e7a\u011fda nas\u0131l bir d\u00f6n\u00fc\u015f\u00fcm ge\u00e7iriyor?<br \/>\nHayat\u0131m\u0131za kat\u0131lan her teknolojik yenilik, g\u00fcndelik hayat \u00f6rg\u00fctlenmemizi de zihniyet d\u00fcnyam\u0131z\u0131 da d\u00f6n\u00fc\u015ft\u00fcr\u00fcyor. Bu de\u011fi\u015fim ve d\u00f6n\u00fc\u015f\u00fcmle y\u00fczle\u015fmeden, neyi nas\u0131l yapaca\u011f\u0131m\u0131z konusunda bir netlik h\u00e2s\u0131l olmas\u0131 m\u00fcmk\u00fcn de\u011fil. Bu kitap, kar\u015f\u0131la\u015ft\u0131\u011f\u0131n\u0131z yak\u0131c\u0131 sorunlara \u00e7\u00f6z\u00fcmler sunmuyor; tasvir olmadan tahlilin, tahlil olmadan da teklifin m\u00fcmk\u00fcn olmayaca\u011f\u0131n\u0131 hat\u0131rda tutmaya \u00e7al\u0131\u015farak, okuyucusunu i\u00e7inde ya\u015fad\u0131\u011f\u0131 dijital k\u00fclt\u00fcrle y\u00fczle\u015fmeye davet ediyor.<br \/>\ndevam\u0131n\u0131 oku<\/p>","protected":false},"featured_media":18077,"template":"","meta":{"spay_email":""},"product_cat":[1537],"product_tag":[],"item":[503],"acf":[],"_links":{"self":[{"href":"https:\/\/mgvpublications.com\/de\/wp-json\/wp\/v2\/product\/18076"}],"collection":[{"href":"https:\/\/mgvpublications.com\/de\/wp-json\/wp\/v2\/product"}],"about":[{"href":"https:\/\/mgvpublications.com\/de\/wp-json\/wp\/v2\/types\/product"}],"wp:featuredmedia":[{"embeddable":true,"href":"https:\/\/mgvpublications.com\/de\/wp-json\/wp\/v2\/media\/18077"}],"wp:attachment":[{"href":"https:\/\/mgvpublications.com\/de\/wp-json\/wp\/v2\/media?parent=18076"}],"wp:term":[{"taxonomy":"product_cat","embeddable":true,"href":"https:\/\/mgvpublications.com\/de\/wp-json\/wp\/v2\/product_cat?post=18076"},{"taxonomy":"product_tag","embeddable":true,"href":"https:\/\/mgvpublications.com\/de\/wp-json\/wp\/v2\/product_tag?post=18076"},{"taxonomy":"item","embeddable":true,"href":"https:\/\/mgvpublications.com\/de\/wp-json\/wp\/v2\/item?post=18076"}],"curies":[{"name":"wp","href":"https:\/\/api.w.org\/{rel}","templated":true}]}}