{"id":18072,"date":"2021-03-08T21:26:54","date_gmt":"2021-03-08T20:26:54","guid":{"rendered":"https:\/\/mgvpublications.com\/?post_type=product&#038;p=18072"},"modified":"2024-12-29T21:49:19","modified_gmt":"2024-12-29T20:49:19","slug":"perde-ve-mana-akil-uzerine-bir-tahlil","status":"publish","type":"product","link":"https:\/\/mgvpublications.com\/de\/perde-ve-mana-akil-uzerine-bir-tahlil\/","title":{"rendered":"Perde ve Mana Ak\u0131l \u00dczerine Bir Tahlil"},"content":{"rendered":"<p>Yay\u0131n Tarihi: 29.11.2021<br \/>ISBN: 9789755749396<br \/>Dil: T\u00dcRK\u00c7E<br \/>Sayfa Say\u0131s\u0131: 142<br \/>Cilt Tipi: Karton Kapak<br \/>Ka\u011f\u0131t Cinsi: Kitap Ka\u011f\u0131d\u0131<br \/>Boyut: 13.5 x 21 cm<\/p>","protected":false},"excerpt":{"rendered":"<p>Akl\u0131n amel defteri bir hayli kabar\u0131k. Sevab\u0131 m\u0131 yoksa g\u00fcnah\u0131 m\u0131 daha \u00e7ok, s\u00f6ylemek zor. \u0130nsanlar\u0131n hayat\u0131n\u0131 kolayla\u015ft\u0131ran icatlar\u0131 yapan da Elhamra Saray\u0131\u2019n\u0131 ve Selimiye\u2019yi in\u015fa eden de ak\u0131l, milyonlarca insan\u0131n \u00f6l\u00fcm\u00fcne neden olan sava\u015flar\u0131 y\u00f6neten de kitlesel imha silahlar\u0131n\u0131 yapan da ak\u0131l. Elbette farkl\u0131 ak\u0131llar bunlar. Dolay\u0131s\u0131yla temel soru \u015fu: Bu fark nereden geliyor? Ak\u0131l, kendi \u00f6z\u00fcndeki iyili\u011fi unutup neden k\u00f6t\u00fcl\u00fc\u011fe r\u00e2m oluyor? K\u00f6t\u00fcy\u00fc kutsayan ve me\u015frula\u015ft\u0131ran ak\u0131l nas\u0131l bir varl\u0131kt\u0131r? Kendi tabiat\u0131na ihanet eden bir ak\u0131lla nas\u0131l m\u00fccadele edilir? Elinizdeki kitap bu sorulara cevap ararken ak\u0131l, kalp, ruh, m\u00e2n\u00e2, hakikat ve varl\u0131k kavramlar\u0131n\u0131 yerli yerine oturtmay\u0131 ve aralar\u0131ndaki b\u00fct\u00fcnleyici ili\u015fkiyi ortaya koymay\u0131 hedefliyor.<\/p>","protected":false},"featured_media":23268,"template":"","meta":{"spay_email":""},"product_cat":[168],"product_tag":[],"item":[503],"acf":[],"_links":{"self":[{"href":"https:\/\/mgvpublications.com\/de\/wp-json\/wp\/v2\/product\/18072"}],"collection":[{"href":"https:\/\/mgvpublications.com\/de\/wp-json\/wp\/v2\/product"}],"about":[{"href":"https:\/\/mgvpublications.com\/de\/wp-json\/wp\/v2\/types\/product"}],"wp:featuredmedia":[{"embeddable":true,"href":"https:\/\/mgvpublications.com\/de\/wp-json\/wp\/v2\/media\/23268"}],"wp:attachment":[{"href":"https:\/\/mgvpublications.com\/de\/wp-json\/wp\/v2\/media?parent=18072"}],"wp:term":[{"taxonomy":"product_cat","embeddable":true,"href":"https:\/\/mgvpublications.com\/de\/wp-json\/wp\/v2\/product_cat?post=18072"},{"taxonomy":"product_tag","embeddable":true,"href":"https:\/\/mgvpublications.com\/de\/wp-json\/wp\/v2\/product_tag?post=18072"},{"taxonomy":"item","embeddable":true,"href":"https:\/\/mgvpublications.com\/de\/wp-json\/wp\/v2\/item?post=18072"}],"curies":[{"name":"wp","href":"https:\/\/api.w.org\/{rel}","templated":true}]}}