{"id":18064,"date":"2021-03-08T21:21:27","date_gmt":"2021-03-08T20:21:27","guid":{"rendered":"https:\/\/mgvpublications.com\/?post_type=product&#038;p=18064"},"modified":"2022-03-08T22:51:24","modified_gmt":"2022-03-08T21:51:24","slug":"4-yas-icin-oykuler","status":"publish","type":"product","link":"https:\/\/mgvpublications.com\/de\/4-yas-icin-oykuler\/","title":{"rendered":"4 Ya\u015f \u0130\u00e7in \u00d6yk\u00fcler"},"content":{"rendered":"<p>\u00c7evirmen: Ozan K\u0131z\u0131ler<br \/>\nYay\u0131n Tarihi: 18.01.2021<br \/>\nOrijinal Ad\u0131: Stories for 4 Year Olds<br \/>\nISBN: 9786254052125<br \/>\nDil: T\u00dcRK\u00c7E<br \/>\nSayfa Say\u0131s\u0131: 48<br \/>\nCilt Tipi: Karton Kapak<br \/>\nKa\u011f\u0131t Cinsi: Ku\u015fe Ka\u011f\u0131t<br \/>\nBoyut: 19 x 22.5 cm<\/p>","protected":false},"excerpt":{"rendered":"<p>4 ya\u015fa \u00f6zel haz\u0131rlanan ne\u015feli anlat\u0131ml\u0131 ve sevimli resimlerle dolu \u00f6yk\u00fcler!<br \/>\nBu kitapta arkada\u015f\u0131n\u0131 kurtaran z\u00fcrafayla, g\u00fcne\u015fi bekleyen kanguruyla, merakl\u0131 bir k\u00f6pek yavrusuyla ve di\u011fer \u00f6yk\u00fclerle tan\u0131\u015facaks\u0131n\u0131z.<\/p>","protected":false},"featured_media":18065,"template":"","meta":{"spay_email":""},"product_cat":[172],"product_tag":[],"item":[336],"acf":[],"_links":{"self":[{"href":"https:\/\/mgvpublications.com\/de\/wp-json\/wp\/v2\/product\/18064"}],"collection":[{"href":"https:\/\/mgvpublications.com\/de\/wp-json\/wp\/v2\/product"}],"about":[{"href":"https:\/\/mgvpublications.com\/de\/wp-json\/wp\/v2\/types\/product"}],"wp:featuredmedia":[{"embeddable":true,"href":"https:\/\/mgvpublications.com\/de\/wp-json\/wp\/v2\/media\/18065"}],"wp:attachment":[{"href":"https:\/\/mgvpublications.com\/de\/wp-json\/wp\/v2\/media?parent=18064"}],"wp:term":[{"taxonomy":"product_cat","embeddable":true,"href":"https:\/\/mgvpublications.com\/de\/wp-json\/wp\/v2\/product_cat?post=18064"},{"taxonomy":"product_tag","embeddable":true,"href":"https:\/\/mgvpublications.com\/de\/wp-json\/wp\/v2\/product_tag?post=18064"},{"taxonomy":"item","embeddable":true,"href":"https:\/\/mgvpublications.com\/de\/wp-json\/wp\/v2\/item?post=18064"}],"curies":[{"name":"wp","href":"https:\/\/api.w.org\/{rel}","templated":true}]}}