{"id":18058,"date":"2021-03-08T15:18:24","date_gmt":"2021-03-08T14:18:24","guid":{"rendered":"https:\/\/mgvpublications.com\/?post_type=product&#038;p=18058"},"modified":"2022-03-08T22:51:24","modified_gmt":"2022-03-08T21:51:24","slug":"yol","status":"publish","type":"product","link":"https:\/\/mgvpublications.com\/de\/yol\/","title":{"rendered":"Yol"},"content":{"rendered":"<p>\u00c7evirmen:\tNurg\u00fcl Polat<br \/>\nYay\u0131n Tarihi:\t28.11.2020<br \/>\nISBN:\t9786257784849<br \/>\nDil:\tT\u00dcRK\u00c7E<br \/>\nSayfa Say\u0131s\u0131:\t158<br \/>\nCilt Tipi:\tKarton Kapak<br \/>\nKa\u011f\u0131t Cinsi:\tKitap Ka\u011f\u0131d\u0131<br \/>\nBoyut:\t12.5 x 19.5 cm<\/p>","protected":false},"excerpt":{"rendered":"<p>Jack London, otobiyografik hik\u00e2yelerden olu\u015fan bu kitab\u0131nda, \u201cYol\u201dda ge\u00e7irdi\u011fi g\u00fcnleri anlat\u0131r. \u201cKan\u0131mda var\u201d dedi\u011fi seyahat tutkusuyla yerinde duramad\u0131\u011f\u0131 hayat\u0131ndan kesitler sunan London\u2019\u0131n, tren kovalamaktan yiyecek dilenmeye kadar farkl\u0131 y\u00fczlerine tan\u0131kl\u0131k etti\u011fi serseri ya\u015fant\u0131s\u0131n\u0131n izini s\u00fcreriz her macerada. Onun bu s\u0131ra d\u0131\u015f\u0131 deneyimleri do\u011fal ve i\u00e7tenlikli \u00fcslubuyla okuyucusunu olaylar\u0131n i\u00e7ine \u00e7eker. Ayr\u0131ca Yol, Amerika\u2019daki ekonomik bunal\u0131mlar\u0131n do\u011furdu\u011fu \u201cB\u00fcy\u00fck Buhran\u201dda, hayata \u00e7ok k\u00f6t\u00fc \u015fartlarda tutunmaya \u00e7al\u0131\u015fan Amerika\u2019n\u0131n kay\u0131p ku\u015fa\u011f\u0131n\u0131n da hik\u00e2yesidir.<\/p>","protected":false},"featured_media":18059,"template":"","meta":{"spay_email":""},"product_cat":[167,168],"product_tag":[],"item":[1439],"acf":[],"_links":{"self":[{"href":"https:\/\/mgvpublications.com\/de\/wp-json\/wp\/v2\/product\/18058"}],"collection":[{"href":"https:\/\/mgvpublications.com\/de\/wp-json\/wp\/v2\/product"}],"about":[{"href":"https:\/\/mgvpublications.com\/de\/wp-json\/wp\/v2\/types\/product"}],"wp:featuredmedia":[{"embeddable":true,"href":"https:\/\/mgvpublications.com\/de\/wp-json\/wp\/v2\/media\/18059"}],"wp:attachment":[{"href":"https:\/\/mgvpublications.com\/de\/wp-json\/wp\/v2\/media?parent=18058"}],"wp:term":[{"taxonomy":"product_cat","embeddable":true,"href":"https:\/\/mgvpublications.com\/de\/wp-json\/wp\/v2\/product_cat?post=18058"},{"taxonomy":"product_tag","embeddable":true,"href":"https:\/\/mgvpublications.com\/de\/wp-json\/wp\/v2\/product_tag?post=18058"},{"taxonomy":"item","embeddable":true,"href":"https:\/\/mgvpublications.com\/de\/wp-json\/wp\/v2\/item?post=18058"}],"curies":[{"name":"wp","href":"https:\/\/api.w.org\/{rel}","templated":true}]}}