{"id":18056,"date":"2021-03-08T15:17:18","date_gmt":"2021-03-08T14:17:18","guid":{"rendered":"https:\/\/mgvpublications.com\/?post_type=product&#038;p=18056"},"modified":"2025-04-26T19:09:51","modified_gmt":"2025-04-26T17:09:51","slug":"kendine-ait-bir-oda","status":"publish","type":"product","link":"https:\/\/mgvpublications.com\/de\/kendine-ait-bir-oda\/","title":{"rendered":"Kendine Ait Bir Oda"},"content":{"rendered":"<p>\u00c7evirmen: Nurg\u00fcl Polat<br \/>Yay\u0131n Tarihi: 28.11.2020<br \/>ISBN: 9786257784160<br \/>Dil: T\u00dcRK\u00c7E<br \/>Sayfa Say\u0131s\u0131: 120<br \/>Cilt Tipi: Karton Kapak<br \/>Ka\u011f\u0131t Cinsi: Kitap Ka\u011f\u0131d\u0131<br \/>Boyut: 12.5 x 19.5 cm<\/p>","protected":false},"excerpt":{"rendered":"<p>Virginia Woolf\u2019un denemelerinden olu\u015fan Kendine Ait Bir Oda, toplumsal cinsiyet ve kad\u0131nlar\u0131n yaz\u0131ya g\u00f6n\u00fcl vermesinin \u00f6n\u00fcndeki engeller \u00fczerine yaz\u0131lm\u0131\u015f bir manifesto niteli\u011fi ta\u015f\u0131yor: \u201cD\u00fc\u015f\u00fcnsel \u00f6zg\u00fcrl\u00fck maddi \u015feylere ba\u011fl\u0131d\u0131r. \u015eiirse d\u00fc\u015f\u00fcnsel \u00f6zg\u00fcrl\u00fc\u011fe ba\u011fl\u0131d\u0131r. Ve kad\u0131nlar her zaman yoksuldu. Hem de yaln\u0131zca son iki y\u00fcz y\u0131l i\u00e7in de\u011fil, tarihin ba\u015f\u0131ndan beri yoksullar. Kad\u0131nlar, Atinal\u0131 k\u00f6lelerin o\u011fullar\u0131ndan bile daha az d\u00fc\u015f\u00fcnsel \u00f6zg\u00fcrl\u00fc\u011fe sahip olmu\u015flard\u0131r. O halde, kad\u0131nlar\u0131n zerre kadar \u015fiir yazma \u015fans\u0131 olmam\u0131\u015ft\u0131r. \u0130\u015fte bu nedenle paran\u0131n ve insan\u0131n kendine ait bir odas\u0131n\u0131n olmas\u0131n\u0131n \u00f6nemini bu kadar vurgulad\u0131m.\u201d<\/p>","protected":false},"featured_media":21377,"template":"","meta":{"spay_email":""},"product_cat":[168],"product_tag":[],"item":[1439],"acf":[],"_links":{"self":[{"href":"https:\/\/mgvpublications.com\/de\/wp-json\/wp\/v2\/product\/18056"}],"collection":[{"href":"https:\/\/mgvpublications.com\/de\/wp-json\/wp\/v2\/product"}],"about":[{"href":"https:\/\/mgvpublications.com\/de\/wp-json\/wp\/v2\/types\/product"}],"wp:featuredmedia":[{"embeddable":true,"href":"https:\/\/mgvpublications.com\/de\/wp-json\/wp\/v2\/media\/21377"}],"wp:attachment":[{"href":"https:\/\/mgvpublications.com\/de\/wp-json\/wp\/v2\/media?parent=18056"}],"wp:term":[{"taxonomy":"product_cat","embeddable":true,"href":"https:\/\/mgvpublications.com\/de\/wp-json\/wp\/v2\/product_cat?post=18056"},{"taxonomy":"product_tag","embeddable":true,"href":"https:\/\/mgvpublications.com\/de\/wp-json\/wp\/v2\/product_tag?post=18056"},{"taxonomy":"item","embeddable":true,"href":"https:\/\/mgvpublications.com\/de\/wp-json\/wp\/v2\/item?post=18056"}],"curies":[{"name":"wp","href":"https:\/\/api.w.org\/{rel}","templated":true}]}}