{"id":18054,"date":"2021-03-08T15:16:05","date_gmt":"2021-03-08T14:16:05","guid":{"rendered":"https:\/\/mgvpublications.com\/?post_type=product&#038;p=18054"},"modified":"2022-03-08T22:51:22","modified_gmt":"2022-03-08T21:51:22","slug":"yuzbasinin-kizi","status":"publish","type":"product","link":"https:\/\/mgvpublications.com\/de\/yuzbasinin-kizi\/","title":{"rendered":"Y\u00fczba\u015f\u0131n\u0131n K\u0131z\u0131"},"content":{"rendered":"<p>\u00c7evirmen:\t\u00c7a\u011fan Er<br \/>\nYay\u0131n Tarihi:\t28.11.2020<br \/>\nISBN:\t9786257784528<br \/>\nDil:\tT\u00dcRK\u00c7E<br \/>\nSayfa Say\u0131s\u0131:\t144<br \/>\nCilt Tipi:\tKarton Kapak<br \/>\nKa\u011f\u0131t Cinsi:\tKitap Ka\u011f\u0131d\u0131<br \/>\nBoyut:\t12.5 x 19.5 cm<\/p>","protected":false},"excerpt":{"rendered":"<p>Aleksandr Pu\u015fkin\u2019in tarihsel olaylar \u00fczerine in\u015fa etti\u011fi \u00fcnl\u00fc roman\u0131 Y\u00fczba\u015f\u0131n\u0131n K\u0131z\u0131, romantizmle ba\u015flar. Daha sonra  okur, Rusya\u2019n\u0131n \u00e7arl\u0131k d\u00f6neminde ya\u015fad\u0131\u011f\u0131 \u00e7alkant\u0131lar\u0131 izlerken bulur kendisini. Ak\u0131c\u0131 dili, toplumcu ger\u00e7ek\u00e7i yakla\u015f\u0131m\u0131yla eser, mutlak iyi yada k\u00f6t\u00fcn\u00fcn neden var olamayaca\u011f\u0131n\u0131 hat\u0131rlat\u0131r: \u201c\u0130\u015fte o an k\u00f6yl\u00fc, yataktan f\u0131rlad\u0131\u011f\u0131 gibi baltay\u0131 kapt\u0131 ve d\u00f6rt bir tarafa rastgele sallamaya ba\u015flad\u0131. Ka\u00e7mak istedim, fakat yapamad\u0131m. Oda cesetlerle dolmu\u015ftu. \u00d6l\u00fc bedenlere tak\u0131l\u0131yor ve kanlara bas\u0131p kay\u0131yordum. Korkun\u00e7 k\u00f6yl\u00fc bana sevecenlikle sesleniyordu. \u2018Korkma, gel de bir hay\u0131r duam\u0131 al\u2019 diyordu. \u00dczerimi panik ve deh\u015fet sarm\u0131\u015ft\u0131. Tam o s\u0131rada uyand\u0131m.\u201d<br \/>\nPu\u015fkin\u2019in Yevgeni Onegin\u2019den sonraki en \u00f6nemli eseri Rus\u00e7a asl\u0131ndan T\u00fcrk\u00e7eye \u00e7evrildi.<\/p>\n<p>devam\u0131n\u0131 oku<\/p>","protected":false},"featured_media":18055,"template":"","meta":{"spay_email":""},"product_cat":[167,168],"product_tag":[],"item":[1439],"acf":[],"_links":{"self":[{"href":"https:\/\/mgvpublications.com\/de\/wp-json\/wp\/v2\/product\/18054"}],"collection":[{"href":"https:\/\/mgvpublications.com\/de\/wp-json\/wp\/v2\/product"}],"about":[{"href":"https:\/\/mgvpublications.com\/de\/wp-json\/wp\/v2\/types\/product"}],"wp:featuredmedia":[{"embeddable":true,"href":"https:\/\/mgvpublications.com\/de\/wp-json\/wp\/v2\/media\/18055"}],"wp:attachment":[{"href":"https:\/\/mgvpublications.com\/de\/wp-json\/wp\/v2\/media?parent=18054"}],"wp:term":[{"taxonomy":"product_cat","embeddable":true,"href":"https:\/\/mgvpublications.com\/de\/wp-json\/wp\/v2\/product_cat?post=18054"},{"taxonomy":"product_tag","embeddable":true,"href":"https:\/\/mgvpublications.com\/de\/wp-json\/wp\/v2\/product_tag?post=18054"},{"taxonomy":"item","embeddable":true,"href":"https:\/\/mgvpublications.com\/de\/wp-json\/wp\/v2\/item?post=18054"}],"curies":[{"name":"wp","href":"https:\/\/api.w.org\/{rel}","templated":true}]}}