{"id":18046,"date":"2021-03-08T15:10:04","date_gmt":"2021-03-08T14:10:04","guid":{"rendered":"https:\/\/mgvpublications.com\/?post_type=product&#038;p=18046"},"modified":"2025-04-26T19:09:19","modified_gmt":"2025-04-26T17:09:19","slug":"deniz-feneri","status":"publish","type":"product","link":"https:\/\/mgvpublications.com\/de\/deniz-feneri\/","title":{"rendered":"Deniz Feneri"},"content":{"rendered":"<p>\u00c7evirmen:\tBeste \u0130rem K\u00f6se<br \/>\nYay\u0131n Tarihi:\t28.11.2020<br \/>\nISBN:\t9786257784337<br \/>\nDil:\tT\u00dcRK\u00c7E<br \/>\nSayfa Say\u0131s\u0131:\t208<br \/>\nCilt Tipi:\tKarton Kapak<br \/>\nKa\u011f\u0131t Cinsi:\tKitap Ka\u011f\u0131d\u0131<br \/>\nBoyut:\t12.5 x 19.5 cm<\/p>","protected":false},"excerpt":{"rendered":"<p>Yirminci y\u00fczy\u0131l\u0131n usta kalemlerinden Virginia Woolf\u2019un edebiyata arma\u011fan\u0131 \u201czihin ak\u0131\u015f\u0131 tekni\u011fi\u201dyle Deniz Feneri\u2019nde tan\u0131\u015f\u0131yoruz. Abart\u0131dan uzak, sahici roman karakterlerinin g\u00fcndelik hayat\u0131nda gezinirken; ku\u015fak \u00e7at\u0131\u015fmas\u0131, Viktoryen D\u00f6nemi\u2019nin kad\u0131n ruhu ve s\u0131n\u0131fsal \u00e7at\u0131\u015fma \u00fczerine d\u00fc\u015f\u00fcn\u00fcyorsunuz. Benzerine az rastla\u00acn\u0131r bir yal\u0131nl\u0131kla insanlar\u0131n i\u00e7 d\u00fcnyalar\u0131na e\u011filen Woolf, z\u0131tl\u0131klar, ironiler ve tahlillerle eserini \u00f6l\u00fcms\u00fcz k\u0131l\u0131yor.<\/p>","protected":false},"featured_media":18047,"template":"","meta":{"spay_email":""},"product_cat":[167,168],"product_tag":[],"item":[1439],"acf":[],"_links":{"self":[{"href":"https:\/\/mgvpublications.com\/de\/wp-json\/wp\/v2\/product\/18046"}],"collection":[{"href":"https:\/\/mgvpublications.com\/de\/wp-json\/wp\/v2\/product"}],"about":[{"href":"https:\/\/mgvpublications.com\/de\/wp-json\/wp\/v2\/types\/product"}],"wp:featuredmedia":[{"embeddable":true,"href":"https:\/\/mgvpublications.com\/de\/wp-json\/wp\/v2\/media\/18047"}],"wp:attachment":[{"href":"https:\/\/mgvpublications.com\/de\/wp-json\/wp\/v2\/media?parent=18046"}],"wp:term":[{"taxonomy":"product_cat","embeddable":true,"href":"https:\/\/mgvpublications.com\/de\/wp-json\/wp\/v2\/product_cat?post=18046"},{"taxonomy":"product_tag","embeddable":true,"href":"https:\/\/mgvpublications.com\/de\/wp-json\/wp\/v2\/product_tag?post=18046"},{"taxonomy":"item","embeddable":true,"href":"https:\/\/mgvpublications.com\/de\/wp-json\/wp\/v2\/item?post=18046"}],"curies":[{"name":"wp","href":"https:\/\/api.w.org\/{rel}","templated":true}]}}