{"id":18042,"date":"2021-03-08T15:07:25","date_gmt":"2021-03-08T14:07:25","guid":{"rendered":"https:\/\/mgvpublications.com\/?post_type=product&#038;p=18042"},"modified":"2022-03-08T22:51:22","modified_gmt":"2022-03-08T21:51:22","slug":"yanan-gunisigi","status":"publish","type":"product","link":"https:\/\/mgvpublications.com\/de\/yanan-gunisigi\/","title":{"rendered":"Yanan G\u00fcn\u0131\u015f\u0131\u011f\u0131"},"content":{"rendered":"<p>\u00c7evirmen:\tAli \u015ean<br \/>\nYay\u0131n Tarihi:\t28.11.2020<br \/>\nOrijinal Ad\u0131:\tBurning Daylight<br \/>\nISBN:\t9786257784993<br \/>\nDil:\tT\u00dcRK\u00c7E<br \/>\nSayfa Say\u0131s\u0131:\t300<br \/>\nCilt Tipi:\tKarton Kapak<br \/>\nKa\u011f\u0131t Cinsi:\tKitap Ka\u011f\u0131d\u0131<br \/>\nBoyut:\t12.5 x 19.5 cm<\/p>","protected":false},"excerpt":{"rendered":"<p>Ger\u00e7ek\u00e7i anlat\u0131m\u0131n en ba\u015far\u0131l\u0131 temsilcilerinden kabul edilen Jack London, b\u00fcy\u00fcleyici Kutup tasvirleriyle ba\u015flad\u0131\u011f\u0131 roman\u0131nda, okurlar\u0131n\u0131 kapitalist d\u00fcnyay\u0131 dize getirecek bir kahramanla tan\u0131\u015ft\u0131r\u0131r: Yanan G\u00fcn\u0131\u015f\u0131\u011f\u0131. London, Kanada\u2019n\u0131n Yukon b\u00f6lgesindeki \u201calt\u0131na h\u00fccum\u201d y\u0131llar\u0131ndan New York\u2019taki borsa oyunlar\u0131na uzanan roman\u0131nda, i\u015f d\u00fcnyas\u0131n\u0131n kirli y\u00fcz\u00fcn\u00fc g\u00f6zler \u00f6n\u00fcne serer. T\u00fcm zorluklara kafa tutan kahraman\u0131m\u0131z, herkesi di\u015flileri aras\u0131nda ezen d\u00fcnyan\u0131n kar\u015f\u0131s\u0131na dikilen en b\u00fcy\u00fck sava\u015f\u00e7\u0131lardand\u0131r. Yanan G\u00fcn\u0131\u015f\u0131\u011f\u0131 sadece alt\u0131n arayan bir Kuzeyliyken Amerika\u2019n\u0131n say\u0131l\u0131 i\u015f adamlar\u0131ndan biri olana kadar durmaks\u0131z\u0131n \u00e7al\u0131\u015f\u0131r. Bu m\u00fccadelede, hayat\u0131n\u0131 ortaya koydu\u011fu bir kumar oynar. \u00dcstelik bu oyundaki oyuncular hi\u00e7 de masum de\u011fildir. London\u2019\u0131n parlak d\u00fc\u015fler, co\u015fkun anlar ve muhte\u015fem tasvirlerle kurdu\u011fu bu d\u00fcnya, herkesin kendisini sorgulamas\u0131n\u0131 sa\u011fl\u0131yor: Her \u015feyi kaybetmeyi ne u\u011fruna g\u00f6ze al\u0131rs\u0131n\u0131z? S\u00fcr\u00fckleyici anlat\u0131m\u0131yla dikkat \u00e7eken Yanan G\u00fcn\u0131\u015f\u0131\u011f\u0131 roman\u0131, bir\u00e7ok kez sinemaya da esin kayna\u011f\u0131 oldu.<br \/>\ndevam\u0131n\u0131 oku<\/p>","protected":false},"featured_media":18043,"template":"","meta":{"spay_email":""},"product_cat":[167,168],"product_tag":[],"item":[1439],"acf":[],"_links":{"self":[{"href":"https:\/\/mgvpublications.com\/de\/wp-json\/wp\/v2\/product\/18042"}],"collection":[{"href":"https:\/\/mgvpublications.com\/de\/wp-json\/wp\/v2\/product"}],"about":[{"href":"https:\/\/mgvpublications.com\/de\/wp-json\/wp\/v2\/types\/product"}],"wp:featuredmedia":[{"embeddable":true,"href":"https:\/\/mgvpublications.com\/de\/wp-json\/wp\/v2\/media\/18043"}],"wp:attachment":[{"href":"https:\/\/mgvpublications.com\/de\/wp-json\/wp\/v2\/media?parent=18042"}],"wp:term":[{"taxonomy":"product_cat","embeddable":true,"href":"https:\/\/mgvpublications.com\/de\/wp-json\/wp\/v2\/product_cat?post=18042"},{"taxonomy":"product_tag","embeddable":true,"href":"https:\/\/mgvpublications.com\/de\/wp-json\/wp\/v2\/product_tag?post=18042"},{"taxonomy":"item","embeddable":true,"href":"https:\/\/mgvpublications.com\/de\/wp-json\/wp\/v2\/item?post=18042"}],"curies":[{"name":"wp","href":"https:\/\/api.w.org\/{rel}","templated":true}]}}