{"id":18038,"date":"2021-03-08T15:05:05","date_gmt":"2021-03-08T14:05:05","guid":{"rendered":"https:\/\/mgvpublications.com\/?post_type=product&#038;p=18038"},"modified":"2022-03-08T22:51:21","modified_gmt":"2022-03-08T21:51:21","slug":"tom-sawyerin-maceralari-2","status":"publish","type":"product","link":"https:\/\/mgvpublications.com\/de\/tom-sawyerin-maceralari-2\/","title":{"rendered":"Tom Sawyer\u2019\u0131n Maceralar\u0131"},"content":{"rendered":"<p>\u00c7evirmen:\tEyl\u00fcl Erten<br \/>\nYay\u0131n Tarihi:\t28.11.2020<br \/>\nISBN:\t9786257784689<br \/>\nDil:\tT\u00dcRK\u00c7E<br \/>\nSayfa Say\u0131s\u0131:\t208<br \/>\nCilt Tipi:\tKarton Kapak<br \/>\nKa\u011f\u0131t Cinsi:\tKitap Ka\u011f\u0131d\u0131<br \/>\nBoyut:\t12.5 x 19.5 cm<\/p>","protected":false},"excerpt":{"rendered":"<p>Tom Sawyer\u2019\u0131n Maceralar\u0131, Mark Twain\u2019in kendi \u00e7ocuklu\u011funun b\u00fcy\u00fcl\u00fc d\u00fcnyas\u0131ndan izler ta\u015f\u0131r. Masumiyetin arketipi olarak zihinlerde yer eden kibar ve uslu \u00e7ocuk imaj\u0131n\u0131 bozup k\u00f6kl\u00fc bir de\u011fi\u015fikli\u011fe u\u011fratan Twain; yetkin bir pedagog yahut ruh hekimi gibi \u00e7ocuklu\u011fun ruhsal d\u00fcnyas\u0131na girer.<\/p>\n<p>Tom ak\u0131ll\u0131, iyi kalpli ama u\u00e7ar\u0131 bir \u00e7ocuktur. \u00c7evresindekileri s\u0131k s\u0131k \u00fczer, peri\u015fan eder. S\u0131ra d\u0131\u015f\u0131 hayalleri onu di\u011fer \u00e7ocuklardan ay\u0131ran en belirgin \u00f6zelli\u011fidir. Maceralara at\u0131lmak, \u00fcnl\u00fc bir korsan olmak, \u00e7ete kurmak gibi hayaller\u2026<\/p>\n<p>devam\u0131n\u0131 oku<\/p>","protected":false},"featured_media":18039,"template":"","meta":{"spay_email":""},"product_cat":[167,168],"product_tag":[],"item":[1439],"acf":[],"_links":{"self":[{"href":"https:\/\/mgvpublications.com\/de\/wp-json\/wp\/v2\/product\/18038"}],"collection":[{"href":"https:\/\/mgvpublications.com\/de\/wp-json\/wp\/v2\/product"}],"about":[{"href":"https:\/\/mgvpublications.com\/de\/wp-json\/wp\/v2\/types\/product"}],"wp:featuredmedia":[{"embeddable":true,"href":"https:\/\/mgvpublications.com\/de\/wp-json\/wp\/v2\/media\/18039"}],"wp:attachment":[{"href":"https:\/\/mgvpublications.com\/de\/wp-json\/wp\/v2\/media?parent=18038"}],"wp:term":[{"taxonomy":"product_cat","embeddable":true,"href":"https:\/\/mgvpublications.com\/de\/wp-json\/wp\/v2\/product_cat?post=18038"},{"taxonomy":"product_tag","embeddable":true,"href":"https:\/\/mgvpublications.com\/de\/wp-json\/wp\/v2\/product_tag?post=18038"},{"taxonomy":"item","embeddable":true,"href":"https:\/\/mgvpublications.com\/de\/wp-json\/wp\/v2\/item?post=18038"}],"curies":[{"name":"wp","href":"https:\/\/api.w.org\/{rel}","templated":true}]}}