{"id":18036,"date":"2021-03-08T15:04:14","date_gmt":"2021-03-08T14:04:14","guid":{"rendered":"https:\/\/mgvpublications.com\/?post_type=product&#038;p=18036"},"modified":"2025-04-27T08:11:03","modified_gmt":"2025-04-27T06:11:03","slug":"cocukluk","status":"publish","type":"product","link":"https:\/\/mgvpublications.com\/de\/cocukluk\/","title":{"rendered":"\u00c7ocukluk"},"content":{"rendered":"<div>\u00c7evirmen: Ecem Kaya<\/div>\n<div>Yay\u0131n Tarihi: 28.11.2020<\/div>\n<div>ISBN: 9786257751032<\/div>\n<div>Dil: T\u00dcRK\u00c7E<\/div>\n<div>Sayfa Say\u0131s\u0131: 128<\/div>\n<div>Cilt Tipi: Karton Kapak<\/div>\n<div>Ka\u011f\u0131t Cinsi: Kitap Ka\u011f\u0131d\u0131<\/div>\n<div>Boyut: 12.5 x 19.5 cm<\/div>","protected":false},"excerpt":{"rendered":"<p>Tolstoy\u2019un yay\u0131mlanan ilk roman\u0131 ve yar\u0131 otobiyografik \u00fc\u00e7lemesinin birinci b\u00f6l\u00fcm\u00fc \u00c7ocukluk, onun Yasnaya Polyana\u2019daki evde ge\u00e7irdi\u011fi hayat\u0131n\u0131n erken d\u00f6nemlerine g\u00f6t\u00fcr\u00fcr bizi. 1800\u2019lerin ortalar\u0131nda zengin bir Rus toprak sahibinin on ya\u015f\u0131ndaki o\u011flu Nikolay\u2019\u0131n ya\u015fam\u0131, hayal g\u00fcc\u00fc ve korkular\u0131 b\u00fct\u00fcn duygu de\u011fi\u015fimlerinin ola\u011fan karma\u015fas\u0131 i\u00e7inde betimlenirken, \u00e7evresinde olup biten her \u015feyi merak ederek b\u00fcy\u00fcyen bu i\u00e7li \u00e7ocu\u011fun d\u00fcnyayla tan\u0131\u015fmas\u0131na ortak oluruz.<\/p>","protected":false},"featured_media":18037,"template":"","meta":{"spay_email":""},"product_cat":[167,168],"product_tag":[],"item":[1439],"acf":[],"_links":{"self":[{"href":"https:\/\/mgvpublications.com\/de\/wp-json\/wp\/v2\/product\/18036"}],"collection":[{"href":"https:\/\/mgvpublications.com\/de\/wp-json\/wp\/v2\/product"}],"about":[{"href":"https:\/\/mgvpublications.com\/de\/wp-json\/wp\/v2\/types\/product"}],"wp:featuredmedia":[{"embeddable":true,"href":"https:\/\/mgvpublications.com\/de\/wp-json\/wp\/v2\/media\/18037"}],"wp:attachment":[{"href":"https:\/\/mgvpublications.com\/de\/wp-json\/wp\/v2\/media?parent=18036"}],"wp:term":[{"taxonomy":"product_cat","embeddable":true,"href":"https:\/\/mgvpublications.com\/de\/wp-json\/wp\/v2\/product_cat?post=18036"},{"taxonomy":"product_tag","embeddable":true,"href":"https:\/\/mgvpublications.com\/de\/wp-json\/wp\/v2\/product_tag?post=18036"},{"taxonomy":"item","embeddable":true,"href":"https:\/\/mgvpublications.com\/de\/wp-json\/wp\/v2\/item?post=18036"}],"curies":[{"name":"wp","href":"https:\/\/api.w.org\/{rel}","templated":true}]}}