{"id":18032,"date":"2021-03-08T15:01:39","date_gmt":"2021-03-08T14:01:39","guid":{"rendered":"https:\/\/mgvpublications.com\/?post_type=product&#038;p=18032"},"modified":"2022-03-08T22:51:21","modified_gmt":"2022-03-08T21:51:21","slug":"korku-2","status":"publish","type":"product","link":"https:\/\/mgvpublications.com\/de\/korku-2\/","title":{"rendered":"Korku"},"content":{"rendered":"<div>\u00c7evirmen: Vildan Yals\u0131zu\u00e7anlar<\/div>\n<div>Yay\u0131n Tarihi: 28.11.2020<\/div>\n<div>ISBN: 9786257784245<\/div>\n<div>Dil: T\u00dcRK\u00c7E<\/div>\n<div>Sayfa Say\u0131s\u0131: 72<\/div>\n<div>Cilt Tipi: Karton Kapak<\/div>\n<div>Ka\u011f\u0131t Cinsi: Kitap Ka\u011f\u0131d\u0131<\/div>\n<div>Boyut: 12.5 x 19.5 cm<\/div>","protected":false},"excerpt":{"rendered":"<p>Hayat\u0131n\u0131 l\u00fcks bir \u015fekilde idame ettirebilmek i\u00e7in b\u00fct\u00fcn imk\u00e2nlara sahip ama hayatla bir t\u00fcrl\u00fc bar\u0131\u015famayan g\u00fczel ve al\u0131ml\u0131 bir gen\u00e7 kad\u0131n olan Irene, bir m\u00fczisyenle tan\u0131\u015f\u0131r. Evlili\u011finde mutludur ama kar\u015f\u0131 konulamaz bi\u00e7imde m\u00fczisyeni hayat\u0131na d\u00e2hil eder. Heyecan, tutku, be\u011fenilme arzusu benli\u011fini ele ge\u00e7irir. Her \u015fey yolunda giderken korkuyla tan\u0131\u015f\u0131r Irene. Tan\u0131mad\u0131\u011f\u0131 bir kad\u0131n\u0131n tehdit ve \u015fantaj\u0131yla \u00fczerine sal\u0131nan bu yabanc\u0131 duygu, hayat\u0131n\u0131 bir anda alt\u00fcst eder. Ka\u00e7t\u0131k\u00e7a batakl\u0131\u011fa saplan\u0131r. H\u00e2lbuki hi\u00e7bir ka\u00e7\u0131\u015f, cezadan daha a\u011f\u0131r de\u011fildir. Oysa cezaya raz\u0131 olmak, ruhu \u00f6zg\u00fcr b\u0131rak\u0131r. Irene ise bunu \u00e7ok ge\u00e7 anlayacakt\u0131r.<\/p>","protected":false},"featured_media":18033,"template":"","meta":{"spay_email":""},"product_cat":[168],"product_tag":[],"item":[1439],"acf":[],"_links":{"self":[{"href":"https:\/\/mgvpublications.com\/de\/wp-json\/wp\/v2\/product\/18032"}],"collection":[{"href":"https:\/\/mgvpublications.com\/de\/wp-json\/wp\/v2\/product"}],"about":[{"href":"https:\/\/mgvpublications.com\/de\/wp-json\/wp\/v2\/types\/product"}],"wp:featuredmedia":[{"embeddable":true,"href":"https:\/\/mgvpublications.com\/de\/wp-json\/wp\/v2\/media\/18033"}],"wp:attachment":[{"href":"https:\/\/mgvpublications.com\/de\/wp-json\/wp\/v2\/media?parent=18032"}],"wp:term":[{"taxonomy":"product_cat","embeddable":true,"href":"https:\/\/mgvpublications.com\/de\/wp-json\/wp\/v2\/product_cat?post=18032"},{"taxonomy":"product_tag","embeddable":true,"href":"https:\/\/mgvpublications.com\/de\/wp-json\/wp\/v2\/product_tag?post=18032"},{"taxonomy":"item","embeddable":true,"href":"https:\/\/mgvpublications.com\/de\/wp-json\/wp\/v2\/item?post=18032"}],"curies":[{"name":"wp","href":"https:\/\/api.w.org\/{rel}","templated":true}]}}