{"id":18030,"date":"2021-03-08T15:00:23","date_gmt":"2021-03-08T14:00:23","guid":{"rendered":"https:\/\/mgvpublications.com\/?post_type=product&#038;p=18030"},"modified":"2022-03-08T22:51:21","modified_gmt":"2022-03-08T21:51:21","slug":"omerin-cocuklugu","status":"publish","type":"product","link":"https:\/\/mgvpublications.com\/de\/omerin-cocuklugu\/","title":{"rendered":"\u00d6mer&#8217;in \u00c7ocuklu\u011fu"},"content":{"rendered":"<div>Yay\u0131n Tarihi: 11.01.2021<\/div>\n<div>ISBN: 9786257300131<\/div>\n<div>Dil: T\u00dcRK\u00c7E<\/div>\n<div>Sayfa Say\u0131s\u0131: 48<\/div>\n<div>Cilt Tipi: Karton Kapak<\/div>\n<div>Ka\u011f\u0131t Cinsi: Kitap Ka\u011f\u0131d\u0131<\/div>\n<div>Boyut: 12.5 x 19.5 cm<\/div>","protected":false},"excerpt":{"rendered":"<p>Muallim Naci, \u00d6mer\u2019in \u00c7ocuklu\u011fu\u2019nda bir\u00e7ok insan\u0131n hat\u0131rlamakta g\u00fc\u00e7l\u00fck \u00e7ekece\u011fi erken \u00e7ocukluk d\u00f6nemini hat\u0131rat \u015feklinde kaleme al\u0131r. Okuyucular\u0131n\u0131 1800\u2019l\u00fc y\u0131llar\u0131n \u0130stanbul sokaklar\u0131nda dola\u015ft\u0131r\u0131r. Aile hayat\u0131ndan esnaf ili\u015fkilerine, d\u00f6nemin e\u011fitim sisteminden din\u00ee ve sosyal hayata kadar bir\u00e7ok konuda derinlikli tahliller yapar.<\/p>","protected":false},"featured_media":18031,"template":"","meta":{"spay_email":""},"product_cat":[167,168],"product_tag":[],"item":[1439],"acf":[],"_links":{"self":[{"href":"https:\/\/mgvpublications.com\/de\/wp-json\/wp\/v2\/product\/18030"}],"collection":[{"href":"https:\/\/mgvpublications.com\/de\/wp-json\/wp\/v2\/product"}],"about":[{"href":"https:\/\/mgvpublications.com\/de\/wp-json\/wp\/v2\/types\/product"}],"wp:featuredmedia":[{"embeddable":true,"href":"https:\/\/mgvpublications.com\/de\/wp-json\/wp\/v2\/media\/18031"}],"wp:attachment":[{"href":"https:\/\/mgvpublications.com\/de\/wp-json\/wp\/v2\/media?parent=18030"}],"wp:term":[{"taxonomy":"product_cat","embeddable":true,"href":"https:\/\/mgvpublications.com\/de\/wp-json\/wp\/v2\/product_cat?post=18030"},{"taxonomy":"product_tag","embeddable":true,"href":"https:\/\/mgvpublications.com\/de\/wp-json\/wp\/v2\/product_tag?post=18030"},{"taxonomy":"item","embeddable":true,"href":"https:\/\/mgvpublications.com\/de\/wp-json\/wp\/v2\/item?post=18030"}],"curies":[{"name":"wp","href":"https:\/\/api.w.org\/{rel}","templated":true}]}}