{"id":18024,"date":"2021-03-08T14:56:12","date_gmt":"2021-03-08T13:56:12","guid":{"rendered":"https:\/\/mgvpublications.com\/?post_type=product&#038;p=18024"},"modified":"2022-06-29T11:39:23","modified_gmt":"2022-06-29T09:39:23","slug":"farabi-ve-ibn-sina","status":"publish","type":"product","link":"https:\/\/mgvpublications.com\/de\/farabi-ve-ibn-sina\/","title":{"rendered":"Farabi ve \u0130bn Sina"},"content":{"rendered":"<div>Yay\u0131n Tarihi: 23.09.2020<\/div>\n<div>ISBN: 9786057901545<\/div>\n<div>Dil: T\u00dcRK\u00c7E<\/div>\n<div>Sayfa Say\u0131s\u0131: 92<\/div>\n<div>Cilt Tipi: Karton Kapak<\/div>\n<div>Ka\u011f\u0131t Cinsi: Kitap Ka\u011f\u0131d\u0131<\/div>\n<div>Boyut: 13.5 x 19.5 cm<\/div>","protected":false},"excerpt":{"rendered":"<p>Farabi felsefe ve mant\u0131k alan\u0131nda ortaya koydu\u011fu yap\u0131tlar\u0131yla \u0130slam Co\u011frafyas\u0131nda hakikati kendisine dert edinmi\u015f erdemli bir filozof \u00f6rnekli\u011fi sunmaktad\u0131r. D\u00f6nemindeki dar g\u00f6r\u00fc\u015fl\u00fc dini ve siyasi \u00e7eki\u015fmelere metafizik temalardan \u00f6r\u00fcl\u00fc uzak ufuklar\u0131 i\u015faret etmi\u015f; insanlar\u0131 ve toplumlar\u0131 idealize etti\u011fi erdemli \u00fclkesinde yasamaya veya bu erdemli \u00fclkeden herkesin kendi \u00e7ap\u0131nda nasiplenmesine davet etmi\u015ftir.<\/p>","protected":false},"featured_media":18025,"template":"","meta":{"spay_email":""},"product_cat":[232],"product_tag":[],"item":[1321],"acf":[],"_links":{"self":[{"href":"https:\/\/mgvpublications.com\/de\/wp-json\/wp\/v2\/product\/18024"}],"collection":[{"href":"https:\/\/mgvpublications.com\/de\/wp-json\/wp\/v2\/product"}],"about":[{"href":"https:\/\/mgvpublications.com\/de\/wp-json\/wp\/v2\/types\/product"}],"wp:featuredmedia":[{"embeddable":true,"href":"https:\/\/mgvpublications.com\/de\/wp-json\/wp\/v2\/media\/18025"}],"wp:attachment":[{"href":"https:\/\/mgvpublications.com\/de\/wp-json\/wp\/v2\/media?parent=18024"}],"wp:term":[{"taxonomy":"product_cat","embeddable":true,"href":"https:\/\/mgvpublications.com\/de\/wp-json\/wp\/v2\/product_cat?post=18024"},{"taxonomy":"product_tag","embeddable":true,"href":"https:\/\/mgvpublications.com\/de\/wp-json\/wp\/v2\/product_tag?post=18024"},{"taxonomy":"item","embeddable":true,"href":"https:\/\/mgvpublications.com\/de\/wp-json\/wp\/v2\/item?post=18024"}],"curies":[{"name":"wp","href":"https:\/\/api.w.org\/{rel}","templated":true}]}}