{"id":18020,"date":"2021-03-08T14:52:43","date_gmt":"2021-03-08T13:52:43","guid":{"rendered":"https:\/\/mgvpublications.com\/?post_type=product&#038;p=18020"},"modified":"2022-04-08T06:24:38","modified_gmt":"2022-04-08T04:24:38","slug":"kizlar-aramizda-kalsin","status":"publish","type":"product","link":"https:\/\/mgvpublications.com\/de\/kizlar-aramizda-kalsin\/","title":{"rendered":"K\u0131zlar Aram\u0131zda Kals\u0131n"},"content":{"rendered":"<p>Yay\u0131n Tarihi: 23.08.2021<br \/>ISBN: 9786059494649<br \/>Dil: T\u00dcRK\u00c7E<br \/>Sayfa Say\u0131s\u0131: 232<br \/>Cilt Tipi: Karton Kapak<br \/>Ka\u011f\u0131t Cinsi: Kitap Ka\u011f\u0131d\u0131<br \/>Boyut: 13.5 x 21 cm<\/p>","protected":false},"excerpt":{"rendered":"<p>M\u00fc\u2019min Gen\u00e7 K\u0131z\u0131n Hayat\u0131na Dair Notlar Bu kitap; sana nasihat edecek kadar tecr\u00fcbeli, tavsiyeleri etki edecek kadar r\u00fctbeli biri taraf\u0131ndan yaz\u0131lmad\u0131. Sana fark\u0131ndal\u0131k kazand\u0131rmak, kim oldu\u011funu ve neler yapabilece\u011fini hat\u0131rlatmak i\u00e7in kaleme al\u0131nd\u0131. Hani kimi zaman nereden ba\u015flaman gerekti\u011fini d\u00fc\u015f\u00fcn\u00fcyor da zihninde \u00fcretti\u011fin sorulara cevaplar ar\u0131yorsun ya! \u0130\u015fte o cevaplar, senin i\u00e7in bir k\u0131lavuz niteli\u011finde kaydedildi. Kendini tan\u0131maya, hayat\u0131n\u0131n tad\u0131n\u0131 \u00e7\u0131karmaya dair notlar bir araya getirildi.<\/p>","protected":false},"featured_media":23263,"template":"","meta":{"spay_email":""},"product_cat":[174],"product_tag":[],"item":[363],"acf":[],"_links":{"self":[{"href":"https:\/\/mgvpublications.com\/de\/wp-json\/wp\/v2\/product\/18020"}],"collection":[{"href":"https:\/\/mgvpublications.com\/de\/wp-json\/wp\/v2\/product"}],"about":[{"href":"https:\/\/mgvpublications.com\/de\/wp-json\/wp\/v2\/types\/product"}],"wp:featuredmedia":[{"embeddable":true,"href":"https:\/\/mgvpublications.com\/de\/wp-json\/wp\/v2\/media\/23263"}],"wp:attachment":[{"href":"https:\/\/mgvpublications.com\/de\/wp-json\/wp\/v2\/media?parent=18020"}],"wp:term":[{"taxonomy":"product_cat","embeddable":true,"href":"https:\/\/mgvpublications.com\/de\/wp-json\/wp\/v2\/product_cat?post=18020"},{"taxonomy":"product_tag","embeddable":true,"href":"https:\/\/mgvpublications.com\/de\/wp-json\/wp\/v2\/product_tag?post=18020"},{"taxonomy":"item","embeddable":true,"href":"https:\/\/mgvpublications.com\/de\/wp-json\/wp\/v2\/item?post=18020"}],"curies":[{"name":"wp","href":"https:\/\/api.w.org\/{rel}","templated":true}]}}