{"id":17999,"date":"2021-03-08T09:19:17","date_gmt":"2021-03-08T08:19:17","guid":{"rendered":"https:\/\/mgvpublications.com\/?post_type=product&#038;p=17999"},"modified":"2022-03-08T22:51:14","modified_gmt":"2022-03-08T21:51:14","slug":"cokus-toplumlar-basarisizligi-ya-da-basariyi-nasil-secerler","status":"publish","type":"product","link":"https:\/\/mgvpublications.com\/de\/cokus-toplumlar-basarisizligi-ya-da-basariyi-nasil-secerler\/","title":{"rendered":"\u00c7\u00f6k\u00fc\u015f Toplumlar Ba\u015far\u0131s\u0131zl\u0131\u011f\u0131 ya da Ba\u015far\u0131y\u0131 Nas\u0131l Se\u00e7erler?"},"content":{"rendered":"<div>\u00c7evirmen: Bar\u0131\u015f Baysal<\/div>\n<div>Yay\u0131n Tarihi: 19.04.2019<\/div>\n<div>Orijinal Ad\u0131: Collapse: How Societies Choose to Fail or Succeed<\/div>\n<div>ISBN: 9786052996126<\/div>\n<div>Dil: T\u00dcRK\u00c7E<\/div>\n<div>Sayfa Say\u0131s\u0131: 744<\/div>\n<div>Cilt Tipi: Karton Kapak<\/div>\n<div>Ka\u011f\u0131t Cinsi: Kitap Ka\u011f\u0131d\u0131<\/div>\n<div>Boyut: 13.5 x 21 cm<\/div>","protected":false},"excerpt":{"rendered":"<p>TOPLUMLAR BA\u015eARISIZLI\u011eI YA DA<br \/>\nBA\u015eARIYI NASIL SE\u00c7ERLER?<\/p>\n<p>Viraneye d\u00f6nm\u00fc\u015f Maya piramitlerinin mimarlar\u0131 nerede?<br \/>\nPaskalya Adas\u0131\u2019n\u0131n terk edilmi\u015f heykellerini yapanlara ne oldu?<br \/>\nG\u00f6kdelenlerimiz Angkor Vat\u2019\u0131n tap\u0131naklar\u0131 misali yerle yeksan m\u0131 olacak?<br \/>\nGelece\u011fi \u015fekillendirmi\u015f baz\u0131 toplumlar iflas ederken baz\u0131 toplumlar neden zenginle\u015fti?<\/p>\n<p>Yay\u0131mland\u0131\u011f\u0131 g\u00fcnden bu yana d\u00fcnyada b\u00fcy\u00fck ses getiren T\u00fcfek, Mikrop ve \u00c7elik\u2019te Jared Diamond, Bat\u0131 uygarl\u0131\u011f\u0131n\u0131n, d\u00fcnyan\u0131n b\u00fcy\u00fck bir k\u0131sm\u0131na h\u00e2kim olmas\u0131n\u0131 sa\u011flayan ayr\u0131cal\u0131klar\u0131 ve teknolojiyi nas\u0131l kazand\u0131\u011f\u0131n\u0131 incelemi\u015fti. \u00c7\u00f6k\u00fc\u015f\u2019te ise, madalyonun di\u011fer y\u00fcz\u00fcn\u00fc ayd\u0131nlat\u0131yor: Ge\u00e7mi\u015fin b\u00fcy\u00fck uygarl\u0131klar\u0131ndan baz\u0131lar\u0131n\u0131n y\u0131k\u0131lmas\u0131na neden olan \u015fey neydi? Y\u0131k\u0131lan bu kadim uygarl\u0131klar\u0131n kaderlerinden neler \u00f6\u011frenebiliriz?<br \/>\n\u00c7evreye verilen zarar, iklim de\u011fi\u015fikli\u011fi, k\u00fcreselle\u015fme, h\u0131zl\u0131 n\u00fcfus art\u0131\u015f\u0131 ve politik \u00e7at\u0131\u015fmalar, d\u00fcnyan\u0131n d\u00f6rt bir yan\u0131ndaki toplumlar\u0131n yok olmas\u0131na neden olan fakt\u00f6rlerdi ancak bu toplumlardan baz\u0131lar\u0131 kendi \u00e7\u00f6z\u00fcmlerini yaratt\u0131. Bug\u00fcn pek \u00e7ok \u00fclke benzer sorunlarla kar\u015f\u0131 kar\u015f\u0131ya. \u00c7in ve Avustralya bu sorunlarla yenilik\u00e7i yollarla ba\u015f etmeye \u00e7al\u0131\u015f\u0131rken Ruanda ve Haiti gibi \u00fclkeler felaketlerin alt\u0131ndan kalkam\u0131yor.<br \/>\n\u015ea\u015f\u0131rt\u0131c\u0131 miktarda kaynaktan elde etti\u011fi yeni kan\u0131tlar\u0131 derleyip toplay\u0131p bir yapbozun par\u00e7alar\u0131n\u0131 bir araya getirir gibi i\u015fleyerek toplumlar\u0131n kendilerini yok etmeyi tercih etmelerinin nedenlerini sorgulayan \u00c7\u00f6k\u00fc\u015f, atalar\u0131m\u0131z\u0131n mahrum oldu\u011fu bir \u015feyi; ge\u00e7mi\u015fimizden nas\u0131l yararlanabilece\u011fimizi ve hayatta kalmak i\u00e7in neler yapabilece\u011fimizi g\u00f6zler \u00f6n\u00fcne seriyor.<\/p>\n<p>\u201cDiamond, d\u00fcnyan\u0131n en parlak beyinleri listesine girmeli\u2026\u201d<br \/>\nSan Jose Mercury News<\/p>\n<p>\u201cB\u00fcy\u00fck bir kavray\u0131\u015fla haz\u0131rlanm\u0131\u015f ve ayn\u0131 derecede \u015fevkle berrak bir \u015fekilde yaz\u0131lm\u0131\u015f tumturakl\u0131 bir \u00e7al\u0131\u015fma. Bu y\u00fczden asr\u0131n \u00e7al\u0131\u015fmas\u0131 olmay\u0131 hak ediyor\u2026\u201d<br \/>\nBusinessWeek<\/p>\n<p>\u201cBa\u015fucu kitab\u0131 niteli\u011finde\u2026 \u00c7\u00f6k\u00fc\u015f, kendini \u00e7abuk toparlayabilen toplumlar\u0131n h\u00fcnerli olduklar\u0131n\u0131, uzun d\u00f6nemli planlama yapabildiklerini ve kalplerine yerle\u015fmi\u015f fakat nihai olarak y\u0131k\u0131c\u0131 olan de\u011ferlerini ve inan\u00e7lar\u0131n\u0131 terk edebildiklerini g\u00f6stermektedir.\u201d<br \/>\nNature<\/p>\n<p>\u201cDiamond, gelece\u011fe dair bir uyar\u0131 vermek i\u00e7in ge\u00e7mi\u015fe ve bug\u00fcne bak\u0131yor.\u201d<br \/>\nNewsweek<\/p>\n<p>\u201cTarih biliminin dolamba\u00e7l\u0131 yollar\u0131yla do\u011fa bilimlerinin kadim bilgisini e\u011flenceli bir d\u00fczyaz\u0131ya d\u00f6n\u00fc\u015ft\u00fcren Diamond, bize, ge\u00e7mi\u015fi g\u00f6rmezden gelenlerin benzer \u015feyleri ya\u015famak zorunda olduklar\u0131n\u0131 hat\u0131rlat\u0131yor.\u201d<br \/>\nPeople<\/p>\n<p>\u201cAkt\u00fcel gazetecili\u011fin kutsand\u0131\u011f\u0131 bir d\u00fcnyada, gazetecilerin s\u00f6zde derinlemesine ele ald\u0131klar\u0131 olaylar\u0131 anlamland\u0131rmak i\u00e7in d\u00fc\u015f\u00fcncesini farkl\u0131 disiplinleri kar\u015f\u0131la\u015ft\u0131rarak geli\u015ftiren Jared Diamond gibi yazarlara giderek daha fazla ihtiya\u00e7 duyuyoruz\u2026 Neyse ki Diamond gibiler h\u00e2l\u00e2 var\u2026\u201d<br \/>\nThe Washington Post<\/p>\n<p>\u201cOla\u011fan\u00fcst\u00fc bir bilgelik ve muazzam bir yarat\u0131c\u0131l\u0131k\u2026 bug\u00fcn\u00fcn dijital k\u0131yametini, uzak ge\u00e7mi\u015fte a\u00e7an tar\u0131m g\u00fcne\u015fiyle ili\u015fkilendirebilme becerisine sahip ender bir \u00e7al\u0131\u015fma.\u201d<br \/>\nThe New York Times Book Review<\/p>\n<p>\u201cGelece\u011fe emin ad\u0131mlarla y\u00fcr\u00fcmek i\u00e7in y\u00fczle\u015fmesi gereken ger\u00e7ekler kar\u015f\u0131s\u0131nda hayal k\u0131r\u0131kl\u0131\u011f\u0131na u\u011framaktan korkmayan herkes i\u00e7in temel bir okuma.\u201d<br \/>\nNature<\/p>\n<p>\u201cBu kitab\u0131 okuyanlar, birinci sayfadan itibaren uzun ve dolamba\u00e7l\u0131 ama bir o kadar da etkileyici bir gezintiye \u00e7\u0131kacaklar\u0131n\u0131 hissediyorlar. Hi\u00e7 kimse, Diamond\u2019\u0131n kronolojiden ba\u015fka bir \u015fey yapmad\u0131\u011f\u0131n\u0131 ve co\u011frafi olarak belli bir b\u00f6lgeyle s\u0131n\u0131rl\u0131 kald\u0131\u011f\u0131n\u0131 iddia edemez. Diamond\u2026 ekseriyetle bizzat gidip aylarca, hatta y\u0131llarca kald\u0131\u011f\u0131 b\u00f6lgelerden bahsetmi\u015f, bu b\u00f6lgelerin yap\u0131s\u0131n\u0131 ve buralarda ya\u015fayan toplumlar\u0131 anlat\u0131rken ki\u015fisel g\u00f6zlemlerini kullanm\u0131\u015f. \u0130zlandal\u0131lar&#8230; ger\u00e7ekle y\u00fczle\u015fmeyi ve do\u011fal \u00e7evrenin s\u0131n\u0131rlar\u0131 i\u00e7inde ya\u015famaya adapte olmay\u0131 \u00f6\u011frendiler. Jared Diamond, bize de ayn\u0131s\u0131n\u0131 yapmam\u0131zda yard\u0131mc\u0131 olacak bir kitap yazd\u0131.\u201d<br \/>\nLos Angeles Times<\/p>\n<p>\u201cJared Diamond, \u00c7\u00f6k\u00fc\u015f kitab\u0131yla d\u00fcnya uygarl\u0131klar\u0131n\u0131n \u00e7\u00f6k\u00fc\u015f\u00fcn\u00fc t\u00fcm \u00e7\u0131plakl\u0131\u011f\u0131yla g\u00f6zler \u00f6n\u00fcne seriyor\u2026 Ba\u015far\u0131s\u0131zl\u0131\u011fa u\u011frayan bu medeniyetlerin tecr\u00fcbelerinden yararlan\u0131p yararlanmamak gerekti\u011fini merak eden her okur, bu kitab\u0131 elinden b\u0131rakamayacak. \u00c7\u00f6k\u00fc\u015f\u2019\u00fc okuyan herkes, gezegenimizi kurtarmak i\u00e7in yapabileceklerimiz konusunda ikna olacakt\u0131r.\u201d<br \/>\nThe Boston Globe<\/p>\n<p>\u201cT\u00fcfek, Mikrop ve \u00c7elik ve \u00c7\u00f6k\u00fc\u015f kitaplar\u0131, birlikte, \u00e7a\u011f\u0131m\u0131z\u0131n parlak bir entelekt\u00fcelinin ba\u015flatt\u0131\u011f\u0131 en \u00f6nemli projelerden birini temsil ediyor. \u0130kisi de fevkalade \u00e7al\u0131\u015fmalar. Ola\u011fan\u00fcst\u00fc bir bilgelik ve muazzam bir yarat\u0131c\u0131l\u0131k\u2026 \u0130kisi de okunmal\u0131\u2026 Literat\u00fcrde bu denli net ve sistematik arg\u00fcmanlar\u0131n b\u00f6ylesine titizlikle in\u015fa edildi\u011fini g\u00f6rmek, umutlar\u0131 ye\u015fertiyor.\u201d<br \/>\nThe New York Times<\/p>\n<p>\u201cBu kitab\u0131 okuyun\u2026 Hayata ba\u015fka t\u00fcrl\u00fc bakacaks\u0131n\u0131z\u2026\u201d<br \/>\nScientific American<\/p>\n<p>\u201cUsta bir hik\u00e2ye anlat\u0131c\u0131s\u0131ndan, insanl\u0131\u011fa dair kapsaml\u0131 bir anlat\u0131\u2026\u201d<br \/>\nDaily Mail<\/p>\n<p>\u201cS\u00fcr\u00fckleyici, enfes, korkutucu.\u201d<br \/>\nObserver<\/p>\n<p>\u201cMerak uyand\u0131ran, tutkular\u0131n\u0131n pe\u015finden giden bir kitap\u2026 B\u00f6yle bir kitab\u0131 sadece Diamond yazabilirdi.\u201d<br \/>\nEconomist<\/p>\n<p>\u201cBu kitap da Diamond\u2019\u0131n di\u011fer \u00e7al\u0131\u015fmalar\u0131 gibi etraf\u0131na \u0131\u015f\u0131k sa\u00e7\u0131yor.\u201d<br \/>\nSunday Times<\/p>\n<p>devam\u0131n\u0131 oku<\/p>","protected":false},"featured_media":18000,"template":"","meta":{"spay_email":""},"product_cat":[1537],"product_tag":[],"item":[813],"acf":[],"_links":{"self":[{"href":"https:\/\/mgvpublications.com\/de\/wp-json\/wp\/v2\/product\/17999"}],"collection":[{"href":"https:\/\/mgvpublications.com\/de\/wp-json\/wp\/v2\/product"}],"about":[{"href":"https:\/\/mgvpublications.com\/de\/wp-json\/wp\/v2\/types\/product"}],"wp:featuredmedia":[{"embeddable":true,"href":"https:\/\/mgvpublications.com\/de\/wp-json\/wp\/v2\/media\/18000"}],"wp:attachment":[{"href":"https:\/\/mgvpublications.com\/de\/wp-json\/wp\/v2\/media?parent=17999"}],"wp:term":[{"taxonomy":"product_cat","embeddable":true,"href":"https:\/\/mgvpublications.com\/de\/wp-json\/wp\/v2\/product_cat?post=17999"},{"taxonomy":"product_tag","embeddable":true,"href":"https:\/\/mgvpublications.com\/de\/wp-json\/wp\/v2\/product_tag?post=17999"},{"taxonomy":"item","embeddable":true,"href":"https:\/\/mgvpublications.com\/de\/wp-json\/wp\/v2\/item?post=17999"}],"curies":[{"name":"wp","href":"https:\/\/api.w.org\/{rel}","templated":true}]}}