{"id":17995,"date":"2021-03-08T09:14:11","date_gmt":"2021-03-08T08:14:11","guid":{"rendered":"https:\/\/mgvpublications.com\/?post_type=product&#038;p=17995"},"modified":"2022-03-08T22:51:14","modified_gmt":"2022-03-08T21:51:14","slug":"uygarliklarin-batisi","status":"publish","type":"product","link":"https:\/\/mgvpublications.com\/de\/uygarliklarin-batisi\/","title":{"rendered":"Uygarl\u0131klar\u0131n Bat\u0131\u015f\u0131"},"content":{"rendered":"<div>\u00c7evirmen: Ali Berktay<\/div>\n<div>Yay\u0131n Tarihi: 12.11.2019<\/div>\n<div>ISBN: 9789750845895<\/div>\n<div>Dil: T\u00dcRK\u00c7E<\/div>\n<div>Sayfa Say\u0131s\u0131: 200<\/div>\n<div>Cilt Tipi: Karton Kapak<\/div>\n<div>Ka\u011f\u0131t Cinsi: Kitap Ka\u011f\u0131d\u0131<\/div>\n<div>Boyut: 13.5 x 21 cm<\/div>","protected":false},"excerpt":{"rendered":"<p>Uygarl\u0131klar\u0131n Bat\u0131\u015f\u0131, do\u011fup b\u00fcy\u00fcd\u00fc\u011f\u00fc L\u00fcbnan\u2019\u0131n \u00e7okk\u00fclt\u00fcrl\u00fcl\u00fc\u011f\u00fcnden beslenen ve bunun \u00f6nemini her zaman dile getiren Amin Maalouf\u2019un \u00d6l\u00fcmc\u00fcl Kimlikler ve \u00c7ivisi \u00c7\u0131km\u0131\u015f D\u00fcnya ile ba\u015flad\u0131\u011f\u0131 d\u00fc\u015f\u00fcnce ser\u00fcveninde en karamsar durak. Buzda\u011f\u0131n\u0131 g\u00f6rd\u00fc\u011f\u00fc halde ilerlemeye devam eden insanl\u0131k gemisi i\u00e7in bir taziye.<\/p>\n<p>Her ne kadar h\u00e2l\u00e2 s\u00fcper g\u00fc\u00e7 olarak an\u0131lsa da ahlaki inand\u0131r\u0131c\u0131l\u0131\u011f\u0131n\u0131 kaybetmekte olan Amerika; \u00e7a\u011f\u0131m\u0131z\u0131n en umut verici projelerinden biri olarak s\u0131n\u0131rlar\u0131 kald\u0131rmay\u0131 ama\u00e7layan, ancak bug\u00fcn par\u00e7alanman\u0131n e\u015fi\u011fine gelmi\u015f Avrupa Birli\u011fi; umutsuzlu\u011fa kap\u0131lm\u0131\u015f ve herkesin kendisinden nefret etti\u011fi yan\u0131lsamas\u0131 i\u00e7inde d\u00fcnyaya s\u0131rt \u00e7eviren<br \/>\nArap-M\u00fcsl\u00fcman \u00e2lemi; yeni s\u00fcper g\u00fc\u00e7 olma yolunda silahlanma da dahil her alanda b\u00fcy\u00fck ad\u0131mlarla birbirleriyle yar\u0131\u015fan \u00c7in, Hindistan, Rusya&#8230;<\/p>\n<p>Ve \u00e7a\u011f\u0131m\u0131z\u0131n ya\u015fad\u0131\u011f\u0131 muazzam teknolojik ilerlemenin b\u00fcy\u00fcs\u00fc ard\u0131na saklanm\u0131\u015f iklim felaketleri, etnik d\u00fc\u015fmanl\u0131klar, kaybolmu\u015f \u00f6zg\u00fcrl\u00fck hayali ve pusulas\u0131n\u0131 yitirmi\u015f insanl\u0131k.<br \/>\ndevam\u0131n\u0131 oku<\/p>","protected":false},"featured_media":17996,"template":"","meta":{"spay_email":""},"product_cat":[168],"product_tag":[],"item":[448],"acf":[],"_links":{"self":[{"href":"https:\/\/mgvpublications.com\/de\/wp-json\/wp\/v2\/product\/17995"}],"collection":[{"href":"https:\/\/mgvpublications.com\/de\/wp-json\/wp\/v2\/product"}],"about":[{"href":"https:\/\/mgvpublications.com\/de\/wp-json\/wp\/v2\/types\/product"}],"wp:featuredmedia":[{"embeddable":true,"href":"https:\/\/mgvpublications.com\/de\/wp-json\/wp\/v2\/media\/17996"}],"wp:attachment":[{"href":"https:\/\/mgvpublications.com\/de\/wp-json\/wp\/v2\/media?parent=17995"}],"wp:term":[{"taxonomy":"product_cat","embeddable":true,"href":"https:\/\/mgvpublications.com\/de\/wp-json\/wp\/v2\/product_cat?post=17995"},{"taxonomy":"product_tag","embeddable":true,"href":"https:\/\/mgvpublications.com\/de\/wp-json\/wp\/v2\/product_tag?post=17995"},{"taxonomy":"item","embeddable":true,"href":"https:\/\/mgvpublications.com\/de\/wp-json\/wp\/v2\/item?post=17995"}],"curies":[{"name":"wp","href":"https:\/\/api.w.org\/{rel}","templated":true}]}}