{"id":17993,"date":"2021-03-08T09:09:03","date_gmt":"2021-03-08T08:09:03","guid":{"rendered":"https:\/\/mgvpublications.com\/?post_type=product&#038;p=17993"},"modified":"2022-03-08T22:51:14","modified_gmt":"2022-03-08T21:51:14","slug":"olumcul-kimlikler","status":"publish","type":"product","link":"https:\/\/mgvpublications.com\/de\/olumcul-kimlikler\/","title":{"rendered":"\u00d6l\u00fcmc\u00fcl Kimlikler"},"content":{"rendered":"<div>\u00c7evirmen: Aysel Bora<\/div>\n<div>Yay\u0131n Tarihi: 22.11.2019<\/div>\n<div>Orijinal Ad\u0131: Les Identites Meurtrieres<\/div>\n<div>ISBN: 9789750801990<\/div>\n<div>Dil: T\u00dcRK\u00c7E<\/div>\n<div>Sayfa Say\u0131s\u0131: 136<\/div>\n<div>Cilt Tipi: Karton Kapak<\/div>\n<div>Ka\u011f\u0131t Cinsi: Kitap Ka\u011f\u0131d\u0131<\/div>\n<div>Boyut: 13.5 x 21 cm<\/div>","protected":false},"excerpt":{"rendered":"<p>&#8216;Bana i\u00e7imin derinli\u011finde ne oldu\u011fum soruldu\u011funda, bunda herkesin i\u00e7inin derinli\u011finde a\u011f\u0131r basan tek bir aidiyetin, bir bak\u0131ma ki\u015finin derin ger\u00e7ekli\u011finin, do\u011farken ebediyen belirlenen ve art\u0131k de\u011fi\u015fmeyecek olan \u00f6z&#8217;\u00fcn\u00fcn var oldu\u011fu inan\u0131\u015f\u0131 yat\u0131yor; sanki geri kalan\u0131n, b\u00fct\u00fcn geri kalan\u0131n -\u00f6zg\u00fcr insan olarak katetti\u011fi yolun, benimsedi\u011fi inan\u0131\u015flar\u0131n, tercihlerin, kendine \u00f6zel duygusall\u0131\u011f\u0131n\u0131n, yak\u0131nl\u0131klar\u0131n\u0131n, sonu\u00e7ta ya\u015fam\u0131n\u0131n- hi\u00e7bir \u00f6nemi yokmu\u015f gibi.&#8217; Kimlik, insan\u0131n zaman\u0131n i\u00e7indeki inceli\u015finde onu d\u00fcnyaya ba\u011flayan bir ayna. Amin Maalouf, \u00d6l\u00fcmc\u00fcl Kimlikler&#8217;de \u00e7ok y\u00f6nl\u00fc ve saydam bir sorgulaman\u0131n e\u015fli\u011finde, aynadaki g\u00f6r\u00fcnt\u00fcn\u00fcn tutulabilece\u011fine i\u015faret ediyor. \u00d6l\u00fcmc\u00fcl Kimlikler, d\u00fcnyan\u0131n yeni zamanlar\u0131nda insanl\u0131\u011f\u0131n k\u00fcllerinden kuraca\u011f\u0131 d\u00fczenin temeline konan bilge bir ta\u015f.<br \/>\ndevam\u0131n\u0131 oku<\/p>","protected":false},"featured_media":17994,"template":"","meta":{"spay_email":""},"product_cat":[168],"product_tag":[],"item":[448],"acf":[],"_links":{"self":[{"href":"https:\/\/mgvpublications.com\/de\/wp-json\/wp\/v2\/product\/17993"}],"collection":[{"href":"https:\/\/mgvpublications.com\/de\/wp-json\/wp\/v2\/product"}],"about":[{"href":"https:\/\/mgvpublications.com\/de\/wp-json\/wp\/v2\/types\/product"}],"wp:featuredmedia":[{"embeddable":true,"href":"https:\/\/mgvpublications.com\/de\/wp-json\/wp\/v2\/media\/17994"}],"wp:attachment":[{"href":"https:\/\/mgvpublications.com\/de\/wp-json\/wp\/v2\/media?parent=17993"}],"wp:term":[{"taxonomy":"product_cat","embeddable":true,"href":"https:\/\/mgvpublications.com\/de\/wp-json\/wp\/v2\/product_cat?post=17993"},{"taxonomy":"product_tag","embeddable":true,"href":"https:\/\/mgvpublications.com\/de\/wp-json\/wp\/v2\/product_tag?post=17993"},{"taxonomy":"item","embeddable":true,"href":"https:\/\/mgvpublications.com\/de\/wp-json\/wp\/v2\/item?post=17993"}],"curies":[{"name":"wp","href":"https:\/\/api.w.org\/{rel}","templated":true}]}}