{"id":17985,"date":"2021-03-08T08:58:28","date_gmt":"2021-03-08T07:58:28","guid":{"rendered":"https:\/\/mgvpublications.com\/?post_type=product&#038;p=17985"},"modified":"2022-03-08T22:51:13","modified_gmt":"2022-03-08T21:51:13","slug":"istanbul-portresi","status":"publish","type":"product","link":"https:\/\/mgvpublications.com\/de\/istanbul-portresi\/","title":{"rendered":"\u0130stanbul Portresi"},"content":{"rendered":"<div>Yay\u0131n Tarihi: 08.01.2021<\/div>\n<div>ISBN: 9786050835540<\/div>\n<div>Dil: T\u00dcRK\u00c7E<\/div>\n<div>Sayfa Say\u0131s\u0131: 240<\/div>\n<div>Cilt Tipi: Karton Kapak<\/div>\n<div>Ka\u011f\u0131t Cinsi: Kitap Ka\u011f\u0131d\u0131<\/div>\n<div>Boyut: 13.5 x 20.5 cm<\/div>","protected":false},"excerpt":{"rendered":"<p>&#8220;\u0130nsan neden unutur ve neden unutulmu\u015fu hat\u0131rlar?<\/p>\n<p>Peki bir \u015fehrin portresi resmedilebilir mi?<\/p>\n<p>Sanal \u00e2lemde i\u015flenen bir cinayet&#8230; \u0130stanbul&#8217;un \u00e7e\u015fitli noktalar\u0131na b\u0131rak\u0131lan \u00fc\u00e7 cans\u0131z beden&#8230; Do\u011fu ve Bat\u0131 resim sanat\u0131n\u0131n \u00f6nc\u00fcleri Vincent van Gogh ile Osman Hamdi Bey\u2019i bir araya getiren ak\u0131l almaz olaylar silsilesi ve \u0130stanbul&#8217;un kadim sokaklar\u0131nda cirit atan Kaplumba\u011fa Terbiyecisi kost\u00fcml\u00fc bir katil zanl\u0131s\u0131&#8230;<br \/>\n\u0130stanbul Pera M\u00fczesi\u2019nde ba\u015flayan macera, Paris Louvre ve Berlin Alte Nationalgalerie M\u00fczelerine kadar uzand\u0131ktan sonra Eskihisar Osman Hamdi Bey Evi ve M\u00fczesi\u2019nde son bulacak!<br \/>\n\u0130yilerin ve k\u00f6t\u00fclerin i\u00e7 i\u00e7e ge\u00e7ti\u011fi, Do\u011fu ve Bat\u0131 medeniyetlerinin harmanland\u0131\u011f\u0131 \u00e7ok bilinmeyenli bir denkleme haz\u0131r olun!<\/p>\n<p>\u015eifre Bilimci Milas Ulukan ve \u015eifreli Dosyalar ekibinin ba\u015frolde oldu\u011fu soluk solu\u011fa okunacak polisiye t\u00fcr\u00fcnde bir \u0130stanbul masal\u0131&#8230;&#8221;<br \/>\ndevam\u0131n\u0131 oku<\/p>","protected":false},"featured_media":17986,"template":"","meta":{"spay_email":""},"product_cat":[168],"product_tag":[],"item":[360],"acf":[],"_links":{"self":[{"href":"https:\/\/mgvpublications.com\/de\/wp-json\/wp\/v2\/product\/17985"}],"collection":[{"href":"https:\/\/mgvpublications.com\/de\/wp-json\/wp\/v2\/product"}],"about":[{"href":"https:\/\/mgvpublications.com\/de\/wp-json\/wp\/v2\/types\/product"}],"wp:featuredmedia":[{"embeddable":true,"href":"https:\/\/mgvpublications.com\/de\/wp-json\/wp\/v2\/media\/17986"}],"wp:attachment":[{"href":"https:\/\/mgvpublications.com\/de\/wp-json\/wp\/v2\/media?parent=17985"}],"wp:term":[{"taxonomy":"product_cat","embeddable":true,"href":"https:\/\/mgvpublications.com\/de\/wp-json\/wp\/v2\/product_cat?post=17985"},{"taxonomy":"product_tag","embeddable":true,"href":"https:\/\/mgvpublications.com\/de\/wp-json\/wp\/v2\/product_tag?post=17985"},{"taxonomy":"item","embeddable":true,"href":"https:\/\/mgvpublications.com\/de\/wp-json\/wp\/v2\/item?post=17985"}],"curies":[{"name":"wp","href":"https:\/\/api.w.org\/{rel}","templated":true}]}}