{"id":17983,"date":"2021-03-08T08:56:10","date_gmt":"2021-03-08T07:56:10","guid":{"rendered":"https:\/\/mgvpublications.com\/?post_type=product&#038;p=17983"},"modified":"2022-03-08T22:51:13","modified_gmt":"2022-03-08T21:51:13","slug":"icimdeki-muzik","status":"publish","type":"product","link":"https:\/\/mgvpublications.com\/de\/icimdeki-muzik\/","title":{"rendered":"\u0130\u00e7imdeki M\u00fczik"},"content":{"rendered":"<p>\u00c7evirmen: Zeynep K\u00fcr\u00fck<br \/>Yay\u0131n Tarihi: 10.02.2020<br \/>ISBN: 9786050822038<br \/>Dil: T\u00dcRK\u00c7E<br \/>Sayfa Say\u0131s\u0131: 256<br \/>Cilt Tipi: Karton Kapak<br \/>Ka\u011f\u0131t Cinsi: Kitap Ka\u011f\u0131d\u0131<br \/>Boyut: 13.5 x 20.5 cm<\/p>","protected":false},"excerpt":{"rendered":"<p>\u015eimdiye kadar tek kelime konu\u015fmad\u0131m. Neredeyse on bir ya\u015f\u0131nday\u0131m. \u0130ngiltere&#8217;nin sayg\u0131n edebiyat \u00f6d\u00fcllerinden Coratta Scott King \u00f6d\u00fcll\u00fc yazar Sharon M. Draper&#8217;dan h\u00fcz\u00fcn ve umut dolu soluksuz okunacak bir roman. Ger\u00e7ek bir ya\u015fam \u00f6yk\u00fcs\u00fcnden ilham al\u0131narak kaleme al\u0131nm\u0131\u015f. 11 ya\u015f\u0131ndaki Melody&#8217;nin hastal\u0131\u011f\u0131n\u0131n ad\u0131 Spastik ikili kuadripleji yani beyin felci. Y\u00fcr\u00fcyemiyor, konu\u015fam\u0131yor, tekerlekli sandalyeye mahkum. Hi\u00e7bir uzvuna komut veremeyen bu k\u00fc\u00e7\u00fck k\u0131z\u0131n beyni ise m\u00fckemmel i\u015fliyor. Hik\u00e2ye Melody&#8217;nin \u00f6\u011fretmenlerine, arkada\u015flar\u0131na, kom\u015fular\u0131na k\u0131saca d\u0131\u015f d\u00fcnyaya kendini kan\u0131tlama \u00e7abas\u0131n\u0131 anlat\u0131yor. \u0130ncelikli, naif, ak\u0131c\u0131, komik ve ilham verici bir eser. Sesini asla unutamayaca\u011f\u0131n\u0131z bu cesur k\u0131zla tan\u0131\u015fmaya haz\u0131r m\u0131s\u0131n\u0131z?<\/p>","protected":false},"featured_media":20261,"template":"","meta":{"spay_email":""},"product_cat":[169],"product_tag":[],"item":[360],"acf":[],"_links":{"self":[{"href":"https:\/\/mgvpublications.com\/de\/wp-json\/wp\/v2\/product\/17983"}],"collection":[{"href":"https:\/\/mgvpublications.com\/de\/wp-json\/wp\/v2\/product"}],"about":[{"href":"https:\/\/mgvpublications.com\/de\/wp-json\/wp\/v2\/types\/product"}],"wp:featuredmedia":[{"embeddable":true,"href":"https:\/\/mgvpublications.com\/de\/wp-json\/wp\/v2\/media\/20261"}],"wp:attachment":[{"href":"https:\/\/mgvpublications.com\/de\/wp-json\/wp\/v2\/media?parent=17983"}],"wp:term":[{"taxonomy":"product_cat","embeddable":true,"href":"https:\/\/mgvpublications.com\/de\/wp-json\/wp\/v2\/product_cat?post=17983"},{"taxonomy":"product_tag","embeddable":true,"href":"https:\/\/mgvpublications.com\/de\/wp-json\/wp\/v2\/product_tag?post=17983"},{"taxonomy":"item","embeddable":true,"href":"https:\/\/mgvpublications.com\/de\/wp-json\/wp\/v2\/item?post=17983"}],"curies":[{"name":"wp","href":"https:\/\/api.w.org\/{rel}","templated":true}]}}