{"id":17975,"date":"2021-03-08T00:08:29","date_gmt":"2021-03-07T23:08:29","guid":{"rendered":"https:\/\/mgvpublications.com\/?post_type=product&#038;p=17975"},"modified":"2022-03-08T22:51:09","modified_gmt":"2022-03-08T21:51:09","slug":"hafiza-koleksiyoncusu","status":"publish","type":"product","link":"https:\/\/mgvpublications.com\/de\/hafiza-koleksiyoncusu\/","title":{"rendered":"Haf\u0131za Koleksiyoncusu"},"content":{"rendered":"<div>Yay\u0131n Tarihi: 11.03.2020<\/div>\n<div>ISBN: 9786050833003<\/div>\n<div>Dil: T\u00dcRK\u00c7E<\/div>\n<div>Sayfa Say\u0131s\u0131: 176<\/div>\n<div>Cilt Tipi: Karton Kapak<\/div>\n<div>Ka\u011f\u0131t Cinsi: Kitap Ka\u011f\u0131d\u0131<\/div>\n<div>Boyut: 13.5 x 20.5 cm<\/div>\n<div>Di\u011fer \u00d6zellik: 10  Ya\u015f<\/div>","protected":false},"excerpt":{"rendered":"<p>\u201cUnutma yetisi, insanl\u0131\u011fa verilmi\u015f bir \u00f6d\u00fcl m\u00fcd\u00fcr yoksa ceza m\u0131?<br \/>\nBir tarafta haf\u0131zas\u0131 en b\u00fcy\u00fck d\u00fc\u015fman\u0131 olan nam\u0131di\u011fer Haf\u0131za Koleksiyoncusu, di\u011fer tarafta ise unutkanlar ordusu\u2026<br \/>\n\u0130stanbul Arkeoloji M\u00fczesi\u2019nde ba\u015flayan aksiyon, \u0130stanbul \u00dcniversitesi\u2019nde doru\u011fa ula\u015facak ve Osmanl\u0131 Devleti\u2019nin ilk ba\u015fkenti Bursa\u2019da son bulacak!<br \/>\n\u015eifreler ve esrarengiz sembollerle \u00f6r\u00fcl\u00fc macera, bizi eski bir resim tablosunun penceresinden, 15. y\u00fczy\u0131l \u0130stanbul, Bursa, Rodos ve \u0130talya\u2019s\u0131na g\u00f6t\u00fcr\u00fcyor.<br \/>\nCinayete kurban giden bir tarih profes\u00f6r\u00fc, zehirli bir ustura ve as\u0131rlar \u00f6ncesine ait g\u00fcm\u00fc\u015f bir sikke\u2026<br \/>\n\u0130stanbul\u2019un e\u015fsiz g\u00fczelli\u011fi e\u015fli\u011finde, cinayetin izlerini y\u00fczy\u0131llar \u00f6ncesinde arayan \u015eifre Bilimci Milas Ulukan\u2019\u0131n ger\u00e7e\u011fe ula\u015fabilmesi i\u00e7in tarihin gizemli d\u00fcnyas\u0131na girmesi gerekecektir. Zira tarih ger\u00e7e\u011fin ta kendisidir!<\/p>\n<p>devam\u0131n\u0131 oku<\/p>","protected":false},"featured_media":17976,"template":"","meta":{"spay_email":""},"product_cat":[172],"product_tag":[],"item":[360],"acf":[],"_links":{"self":[{"href":"https:\/\/mgvpublications.com\/de\/wp-json\/wp\/v2\/product\/17975"}],"collection":[{"href":"https:\/\/mgvpublications.com\/de\/wp-json\/wp\/v2\/product"}],"about":[{"href":"https:\/\/mgvpublications.com\/de\/wp-json\/wp\/v2\/types\/product"}],"wp:featuredmedia":[{"embeddable":true,"href":"https:\/\/mgvpublications.com\/de\/wp-json\/wp\/v2\/media\/17976"}],"wp:attachment":[{"href":"https:\/\/mgvpublications.com\/de\/wp-json\/wp\/v2\/media?parent=17975"}],"wp:term":[{"taxonomy":"product_cat","embeddable":true,"href":"https:\/\/mgvpublications.com\/de\/wp-json\/wp\/v2\/product_cat?post=17975"},{"taxonomy":"product_tag","embeddable":true,"href":"https:\/\/mgvpublications.com\/de\/wp-json\/wp\/v2\/product_tag?post=17975"},{"taxonomy":"item","embeddable":true,"href":"https:\/\/mgvpublications.com\/de\/wp-json\/wp\/v2\/item?post=17975"}],"curies":[{"name":"wp","href":"https:\/\/api.w.org\/{rel}","templated":true}]}}