{"id":17955,"date":"2021-03-07T23:27:04","date_gmt":"2021-03-07T22:27:04","guid":{"rendered":"https:\/\/mgvpublications.com\/?post_type=product&#038;p=17955"},"modified":"2022-03-08T22:51:08","modified_gmt":"2022-03-08T21:51:08","slug":"hayir-asla","status":"publish","type":"product","link":"https:\/\/mgvpublications.com\/de\/hayir-asla\/","title":{"rendered":"Hay\u0131r! Asla!"},"content":{"rendered":"<div>\u00c7evirmen: Meltem Ayd\u0131n<\/div>\n<div>Yay\u0131n Tarihi: 05.01.2021<\/div>\n<div>ISBN: 9786254051623<\/div>\n<div>Dil: T\u00dcRK\u00c7E<\/div>\n<div>Sayfa Say\u0131s\u0131: 32<\/div>\n<div>Cilt Tipi: Karton Kapak<\/div>\n<div>Ka\u011f\u0131t Cinsi: Ku\u015fe Ka\u011f\u0131t<\/div>\n<div>Boyut: 25 x 25 cm<\/div>","protected":false},"excerpt":{"rendered":"<p>Bir zamanlar bir \u00e7ocuk varm\u0131\u015f, \u00e7ok tatl\u0131ym\u0131\u015f.<br \/>\nAma bir g\u00fcn \u015fu kelimeleri \u00f6\u011frenmi\u015f:<br \/>\n\u2018HAYIR! ASLA!\u2019<br \/>\nPeki ya roller de\u011fi\u015firse?<\/p>","protected":false},"featured_media":17956,"template":"","meta":{"spay_email":""},"product_cat":[172],"product_tag":[],"item":[336],"acf":[],"_links":{"self":[{"href":"https:\/\/mgvpublications.com\/de\/wp-json\/wp\/v2\/product\/17955"}],"collection":[{"href":"https:\/\/mgvpublications.com\/de\/wp-json\/wp\/v2\/product"}],"about":[{"href":"https:\/\/mgvpublications.com\/de\/wp-json\/wp\/v2\/types\/product"}],"wp:featuredmedia":[{"embeddable":true,"href":"https:\/\/mgvpublications.com\/de\/wp-json\/wp\/v2\/media\/17956"}],"wp:attachment":[{"href":"https:\/\/mgvpublications.com\/de\/wp-json\/wp\/v2\/media?parent=17955"}],"wp:term":[{"taxonomy":"product_cat","embeddable":true,"href":"https:\/\/mgvpublications.com\/de\/wp-json\/wp\/v2\/product_cat?post=17955"},{"taxonomy":"product_tag","embeddable":true,"href":"https:\/\/mgvpublications.com\/de\/wp-json\/wp\/v2\/product_tag?post=17955"},{"taxonomy":"item","embeddable":true,"href":"https:\/\/mgvpublications.com\/de\/wp-json\/wp\/v2\/item?post=17955"}],"curies":[{"name":"wp","href":"https:\/\/api.w.org\/{rel}","templated":true}]}}