{"id":17953,"date":"2021-03-07T23:25:16","date_gmt":"2021-03-07T22:25:16","guid":{"rendered":"https:\/\/mgvpublications.com\/?post_type=product&#038;p=17953"},"modified":"2022-03-08T22:51:08","modified_gmt":"2022-03-08T21:51:08","slug":"deniz-ne-renktir","status":"publish","type":"product","link":"https:\/\/mgvpublications.com\/de\/deniz-ne-renktir\/","title":{"rendered":"Deniz Ne Renktir?"},"content":{"rendered":"<div>\u00c7evirmen: Meltem Ayd\u0131n<\/div>\n<div>Yay\u0131n Tarihi: 05.01.2021<\/div>\n<div>Orijinal Ad\u0131: What Color is the Sea<\/div>\n<div>ISBN: 9786254051630<\/div>\n<div>Dil: T\u00dcRK\u00c7E<\/div>\n<div>Sayfa Say\u0131s\u0131: 40<\/div>\n<div>Cilt Tipi: Karton Kapak<\/div>\n<div>Ka\u011f\u0131t Cinsi: Ku\u015fe Ka\u011f\u0131t<\/div>\n<div>Boyut: 25 x 25 cm<\/div>","protected":false},"excerpt":{"rendered":"<p>Koala, denizin rengini sordu\u011funda, Koala, denizin rengini sordu\u011funda, farkl\u0131 yan\u0131tlar al\u0131r. Bu y\u00fczden cevab\u0131 farkl\u0131 yan\u0131tlar al\u0131r. Bu y\u00fczden cevab\u0131 kendi bulmaya karar verir.<\/p>","protected":false},"featured_media":17954,"template":"","meta":{"spay_email":""},"product_cat":[172],"product_tag":[],"item":[336],"acf":[],"_links":{"self":[{"href":"https:\/\/mgvpublications.com\/de\/wp-json\/wp\/v2\/product\/17953"}],"collection":[{"href":"https:\/\/mgvpublications.com\/de\/wp-json\/wp\/v2\/product"}],"about":[{"href":"https:\/\/mgvpublications.com\/de\/wp-json\/wp\/v2\/types\/product"}],"wp:featuredmedia":[{"embeddable":true,"href":"https:\/\/mgvpublications.com\/de\/wp-json\/wp\/v2\/media\/17954"}],"wp:attachment":[{"href":"https:\/\/mgvpublications.com\/de\/wp-json\/wp\/v2\/media?parent=17953"}],"wp:term":[{"taxonomy":"product_cat","embeddable":true,"href":"https:\/\/mgvpublications.com\/de\/wp-json\/wp\/v2\/product_cat?post=17953"},{"taxonomy":"product_tag","embeddable":true,"href":"https:\/\/mgvpublications.com\/de\/wp-json\/wp\/v2\/product_tag?post=17953"},{"taxonomy":"item","embeddable":true,"href":"https:\/\/mgvpublications.com\/de\/wp-json\/wp\/v2\/item?post=17953"}],"curies":[{"name":"wp","href":"https:\/\/api.w.org\/{rel}","templated":true}]}}