{"id":17947,"date":"2021-03-05T03:05:42","date_gmt":"2021-03-05T02:05:42","guid":{"rendered":"https:\/\/mgvpublications.com\/?post_type=product&#038;p=17947"},"modified":"2022-03-08T22:51:08","modified_gmt":"2022-03-08T21:51:08","slug":"yorumlar-2-paylas-bilgisayar-hatli-kuran-i-kerim-ve-kelime-meali-orta-boy-renkli-kelime-meali-kirik-manali","status":"publish","type":"product","link":"https:\/\/mgvpublications.com\/de\/yorumlar-2-paylas-bilgisayar-hatli-kuran-i-kerim-ve-kelime-meali-orta-boy-renkli-kelime-meali-kirik-manali\/","title":{"rendered":"Bilgisayar Hatl\u0131 Kur&#8217;an-\u0131 Kerim ve Kelime Meali &#8211; Orta Boy Renkli Kelime Meali &#8211; K\u0131r\u0131k Manal\u0131"},"content":{"rendered":"<table>\n<tbody>\n<tr>\n<td>Yay\u0131n Tarihi:<\/td>\n<td>01.01.2018<\/td>\n<\/tr>\n<tr>\n<td>ISBN:<\/td>\n<td>9789944219600<\/td>\n<\/tr>\n<tr>\n<td>Dil:<\/td>\n<td>ARAP\u00c7A,T\u00dcRK\u00c7E<\/td>\n<\/tr>\n<tr>\n<td>Sayfa Say\u0131s\u0131:<\/td>\n<td>622<\/td>\n<\/tr>\n<tr>\n<td>Cilt Tipi:<\/td>\n<td>Ciltli<\/td>\n<\/tr>\n<tr>\n<td>Ka\u011f\u0131t Cinsi:<\/td>\n<td>\u015eamuha Ka\u011f\u0131t<\/td>\n<\/tr>\n<tr>\n<td>Boyut:<\/td>\n<td>17 x 24.5 cm<\/td>\n<\/tr>\n<\/tbody>\n<\/table>","protected":false},"excerpt":{"rendered":"<p>Yay\u0131n Tarihi: 01.01.2018 ISBN: 9789944219600 Dil: ARAP\u00c7A,T\u00dcRK\u00c7E Sayfa Say\u0131s\u0131: 622 Cilt Tipi: Ciltli Ka\u011f\u0131t Cinsi: \u015eamuha Ka\u011f\u0131t Boyut: 17 x 24.5 cm<\/p>","protected":false},"featured_media":17948,"template":"","meta":{"spay_email":""},"product_cat":[174],"product_tag":[],"item":[1541],"acf":[],"_links":{"self":[{"href":"https:\/\/mgvpublications.com\/de\/wp-json\/wp\/v2\/product\/17947"}],"collection":[{"href":"https:\/\/mgvpublications.com\/de\/wp-json\/wp\/v2\/product"}],"about":[{"href":"https:\/\/mgvpublications.com\/de\/wp-json\/wp\/v2\/types\/product"}],"wp:featuredmedia":[{"embeddable":true,"href":"https:\/\/mgvpublications.com\/de\/wp-json\/wp\/v2\/media\/17948"}],"wp:attachment":[{"href":"https:\/\/mgvpublications.com\/de\/wp-json\/wp\/v2\/media?parent=17947"}],"wp:term":[{"taxonomy":"product_cat","embeddable":true,"href":"https:\/\/mgvpublications.com\/de\/wp-json\/wp\/v2\/product_cat?post=17947"},{"taxonomy":"product_tag","embeddable":true,"href":"https:\/\/mgvpublications.com\/de\/wp-json\/wp\/v2\/product_tag?post=17947"},{"taxonomy":"item","embeddable":true,"href":"https:\/\/mgvpublications.com\/de\/wp-json\/wp\/v2\/item?post=17947"}],"curies":[{"name":"wp","href":"https:\/\/api.w.org\/{rel}","templated":true}]}}