{"id":17941,"date":"2021-03-05T02:51:26","date_gmt":"2021-03-05T01:51:26","guid":{"rendered":"https:\/\/mgvpublications.com\/?post_type=product&#038;p=17941"},"modified":"2022-03-08T22:51:06","modified_gmt":"2022-03-08T21:51:06","slug":"allah-kimleri-sever","status":"publish","type":"product","link":"https:\/\/mgvpublications.com\/de\/allah-kimleri-sever\/","title":{"rendered":"Allah Kimleri Sever"},"content":{"rendered":"<table>\n<tbody>\n<tr>\n<td>\u00c7evirmen:<\/td>\n<td><a href=\"https:\/\/www.kitapyurdu.com\/yazar\/ekrem-demirli\/8178.html\" target=\"_blank\" rel=\"noopener\">Ekrem Demirli<\/a><\/td>\n<\/tr>\n<tr>\n<td>Yay\u0131n Tarihi:<\/td>\n<td>01.02.2012<\/td>\n<\/tr>\n<tr>\n<td>ISBN:<\/td>\n<td>9789759059118<\/td>\n<\/tr>\n<tr>\n<td>Dil:<\/td>\n<td>T\u00dcRK\u00c7E<\/td>\n<\/tr>\n<tr>\n<td>Sayfa Say\u0131s\u0131:<\/td>\n<td>116<\/td>\n<\/tr>\n<tr>\n<td>Cilt Tipi:<\/td>\n<td>Karton Kapak<\/td>\n<\/tr>\n<tr>\n<td>Ka\u011f\u0131t Cinsi:<\/td>\n<td>Kitap Ka\u011f\u0131d\u0131<\/td>\n<\/tr>\n<tr>\n<td>Boyut:<\/td>\n<td>11.5 x 19 cm<\/td>\n<\/tr>\n<\/tbody>\n<\/table>","protected":false},"excerpt":{"rendered":"<p>G\u00fcn\u00fcm\u00fcz T\u00fcrk\u00e7esiyle bug\u00fcne kadar yaz\u0131lm\u0131\u015f en anla\u015f\u0131l\u0131r tasavvuf kitaplar\u0131..<br \/>\nSeri, T\u00fcrk insan\u0131n\u0131n bu topraklara ait ger\u00e7ek tasavvuf ile tan\u0131\u015fmas\u0131n\u0131 ama\u00e7l\u0131yor.<br \/>\nHer iki kitap da piyasadaki di\u011fer kitaplardan farkl\u0131. Fark\u0131 ise eserlerin se\u00e7iminde, profesyonel \u00e7eviride, \u00e7eviride kullan\u0131lan anla\u015f\u0131l\u0131r sade dilde, kolayla\u015ft\u0131ran rahat sade tasar\u0131mda yat\u0131yor..<\/p>","protected":false},"featured_media":17942,"template":"","meta":{"spay_email":""},"product_cat":[174],"product_tag":[],"item":[685],"acf":[],"_links":{"self":[{"href":"https:\/\/mgvpublications.com\/de\/wp-json\/wp\/v2\/product\/17941"}],"collection":[{"href":"https:\/\/mgvpublications.com\/de\/wp-json\/wp\/v2\/product"}],"about":[{"href":"https:\/\/mgvpublications.com\/de\/wp-json\/wp\/v2\/types\/product"}],"wp:featuredmedia":[{"embeddable":true,"href":"https:\/\/mgvpublications.com\/de\/wp-json\/wp\/v2\/media\/17942"}],"wp:attachment":[{"href":"https:\/\/mgvpublications.com\/de\/wp-json\/wp\/v2\/media?parent=17941"}],"wp:term":[{"taxonomy":"product_cat","embeddable":true,"href":"https:\/\/mgvpublications.com\/de\/wp-json\/wp\/v2\/product_cat?post=17941"},{"taxonomy":"product_tag","embeddable":true,"href":"https:\/\/mgvpublications.com\/de\/wp-json\/wp\/v2\/product_tag?post=17941"},{"taxonomy":"item","embeddable":true,"href":"https:\/\/mgvpublications.com\/de\/wp-json\/wp\/v2\/item?post=17941"}],"curies":[{"name":"wp","href":"https:\/\/api.w.org\/{rel}","templated":true}]}}