{"id":17939,"date":"2021-03-05T02:44:38","date_gmt":"2021-03-05T01:44:38","guid":{"rendered":"https:\/\/mgvpublications.com\/?post_type=product&#038;p=17939"},"modified":"2022-03-08T22:51:06","modified_gmt":"2022-03-08T21:51:06","slug":"nefsini-bilen-rabbini-bilir-varlik-yokluk-ve-nefsin-mertebeleri","status":"publish","type":"product","link":"https:\/\/mgvpublications.com\/de\/nefsini-bilen-rabbini-bilir-varlik-yokluk-ve-nefsin-mertebeleri\/","title":{"rendered":"Nefsini Bilen Rabbini Bilir Varl\u0131k Yokluk ve Nefsin Mertebeleri"},"content":{"rendered":"<hr \/>\n<div class=\"attributes\">\n<table>\n<tbody>\n<tr>\n<td>\u00c7evirmen:<\/td>\n<td><a href=\"https:\/\/www.kitapyurdu.com\/yazar\/m-esad-erbili\/147806.html\" target=\"_blank\" rel=\"noopener\">M. Es&#8217;ad Erbili<\/a><\/td>\n<\/tr>\n<tr>\n<td>Yay\u0131n Tarihi:<\/td>\n<td>01.01.2012<\/td>\n<\/tr>\n<tr>\n<td>ISBN:<\/td>\n<td>9786054325542<\/td>\n<\/tr>\n<tr>\n<td>Dil:<\/td>\n<td>T\u00dcRK\u00c7E<\/td>\n<\/tr>\n<tr>\n<td>Sayfa Say\u0131s\u0131:<\/td>\n<td>144<\/td>\n<\/tr>\n<tr>\n<td>Cilt Tipi:<\/td>\n<td>Karton Kapak<\/td>\n<\/tr>\n<tr>\n<td>Ka\u011f\u0131t Cinsi:<\/td>\n<td>Kitap Ka\u011f\u0131d\u0131<\/td>\n<\/tr>\n<tr>\n<td>Boyut:<\/td>\n<td>11.5 x 19 cm<\/td>\n<\/tr>\n<\/tbody>\n<\/table>\n<\/div>","protected":false},"excerpt":{"rendered":"<p>Allah&#8217;\u0131n sevgili kulu olmak zor de\u011fil!<br \/>\nVarl\u0131\u011f\u0131n birlenmesi demek her \u015feyi Bir g\u00f6rmek, her seyi Bir&#8217;den g\u00f6rmektir. Bu ise kendini bilmekle yani kendi hakikatinle y\u00fcz y\u00fcze gelmekle, kendi hakikatinle bulu\u015fup onu ele ge\u00e7irmekle m\u00fcmk\u00fcnd\u00fcr. \u0130nsan nefsini bildi\u011finde, kendi deruni \u00f6z\u00fcne yani varl\u0131\u011f\u0131n merkezine eri\u015fti\u011finde Rabbine ili\u015fkin bilgiyi edinir, Rabbini bilir. Ger\u00e7ek varl\u0131\u011f\u0131n yaln\u0131z Cenab-\u0131 Hakk&#8217;a ait oldu\u011funu, O&#8217;nun d\u0131\u015f\u0131nda kesinlikle hi\u00e7 bir \u015feyin var olmad\u0131\u011f\u0131n\u0131, &#8216;a\u015fk&#8217;\u0131n birli\u011fi i\u00e7inde kavrar. \u00d6lmeden \u00f6nce \u00f6l\u00fcr!<\/p>","protected":false},"featured_media":17940,"template":"","meta":{"spay_email":""},"product_cat":[174],"product_tag":[],"item":[360],"acf":[],"_links":{"self":[{"href":"https:\/\/mgvpublications.com\/de\/wp-json\/wp\/v2\/product\/17939"}],"collection":[{"href":"https:\/\/mgvpublications.com\/de\/wp-json\/wp\/v2\/product"}],"about":[{"href":"https:\/\/mgvpublications.com\/de\/wp-json\/wp\/v2\/types\/product"}],"wp:featuredmedia":[{"embeddable":true,"href":"https:\/\/mgvpublications.com\/de\/wp-json\/wp\/v2\/media\/17940"}],"wp:attachment":[{"href":"https:\/\/mgvpublications.com\/de\/wp-json\/wp\/v2\/media?parent=17939"}],"wp:term":[{"taxonomy":"product_cat","embeddable":true,"href":"https:\/\/mgvpublications.com\/de\/wp-json\/wp\/v2\/product_cat?post=17939"},{"taxonomy":"product_tag","embeddable":true,"href":"https:\/\/mgvpublications.com\/de\/wp-json\/wp\/v2\/product_tag?post=17939"},{"taxonomy":"item","embeddable":true,"href":"https:\/\/mgvpublications.com\/de\/wp-json\/wp\/v2\/item?post=17939"}],"curies":[{"name":"wp","href":"https:\/\/api.w.org\/{rel}","templated":true}]}}