{"id":17935,"date":"2021-03-05T02:32:47","date_gmt":"2021-03-05T01:32:47","guid":{"rendered":"https:\/\/mgvpublications.com\/?post_type=product&#038;p=17935"},"modified":"2022-03-08T22:51:06","modified_gmt":"2022-03-08T21:51:06","slug":"osmanlinin-kalbini-bekleyenler-eyup-sultanin-manevi-ikliminde","status":"publish","type":"product","link":"https:\/\/mgvpublications.com\/de\/osmanlinin-kalbini-bekleyenler-eyup-sultanin-manevi-ikliminde\/","title":{"rendered":"Osmanl\u0131&#8217;n\u0131n Kalbini Bekleyenler Ey\u00fcp Sultan&#8217;\u0131n Manevi \u0130kliminde"},"content":{"rendered":"<div class=\"attributes\">\n<table>\n<tbody>\n<tr>\n<td>Yay\u0131n Tarihi:<\/td>\n<td>10.04.2018<\/td>\n<\/tr>\n<tr>\n<td>ISBN:<\/td>\n<td>9786050821161<\/td>\n<\/tr>\n<tr>\n<td>Dil:<\/td>\n<td>T\u00dcRK\u00c7E<\/td>\n<\/tr>\n<tr>\n<td>Sayfa Say\u0131s\u0131:<\/td>\n<td>224<\/td>\n<\/tr>\n<tr>\n<td>Cilt Tipi:<\/td>\n<td>Karton Kapak<\/td>\n<\/tr>\n<tr>\n<td>Ka\u011f\u0131t Cinsi:<\/td>\n<td>Kitap Ka\u011f\u0131d\u0131<\/td>\n<\/tr>\n<tr>\n<td>Boyut:<\/td>\n<td>13.5 x 21 cm<\/td>\n<\/tr>\n<\/tbody>\n<\/table>\n<\/div>","protected":false},"excerpt":{"rendered":"<div class=\"top-block\">\n<div class=\"pr_description\">\n<div id=\"description_text\" class=\"readmore-js-section readmore-js-expanded\"><span class=\"info__text\">Tarihi g\u00fcn\u00fcm\u00fcze ta\u015f\u0131yan \u00fcslubuyla herkese sevdiren Talha U\u011furluel, Osmanl\u0131\u2019n\u0131n Kalbini Bekleyenler kitab\u0131yla Osmanl\u0131\u2019y\u0131 Osmanl\u0131 yapan ki\u015fileri, as\u0131rlar\u0131 a\u015fan hayat hik\u00e2yeleriyle anlat\u0131yor.<\/p>\n<p>Bu kitapta kimler mi anlat\u0131l\u0131yor? \u0130stanbul\u2019un as\u0131rlard\u0131r atan kalbi Ebu Eyyub el-Ensar\u00ee\u2019den Semerkand\u2019dan gelen d\u00e2hi Ali Ku\u015f\u00e7u\u2019ya, III. Ahmed\u2019in musahibi \u0130stanbul\u2019a bir\u00e7ok hay\u0131r eseri kazand\u0131ran Be\u015fir A\u011fa\u2019dan krallara ta\u00e7 giydiren Lala Mehmed Pa\u015fa\u2019ya, ilk Balkan sava\u015f\u0131n\u0131 kazanan Gazi Ethem Pa\u015fa\u2019dan K\u0131br\u0131s Fatihi Lala Mustafa Pa\u015fa\u2019ya, masallardaki prenseslere benzemeyen prenses Adile Sultan\u2019dan e\u015fleri gurbette \u00f6len Saliha Sultan\u2019a, Bosna da\u011flar\u0131ndan gelen Sokullu Mehmed Pa\u015fa\u2019dan feraset sahibi sadrazam Semiz Ali Pa\u015fa\u2019ya, eser \u00fczerine eser veren Feridun Ahmed Pa\u015fa\u2019dan Zor G\u00fcnlerin Padi\u015fah\u0131 Mehmed Re\u015fad Han\u2019a kadar Osmanl\u0131\u2019n\u0131n birbirinden k\u0131ymetli bir\u00e7ok devlet ve siyaset adam\u0131, ilim adam\u0131, sultan\u0131 ve padi\u015fah\u0131n\u0131n gen\u00e7 nesillere \u00f6rnek ya\u015fant\u0131lar\u0131 ve h\u00e2l\u00e2 i\u00e7imizde ya\u015fayan kabirleriyle bize anlatt\u0131klar\u0131&#8230;<\/p>\n<p>Talha U\u011furluel, her biri Osmanl\u0131\u2019n\u0131n farkl\u0131 d\u00f6nemlerinde ya\u015fam\u0131\u015f, kalpleri hep \u201c\u0130slam ve Osmanl\u0131\u201d diye atm\u0131\u015f birbirinden g\u00fczel bu ki\u015filerin hayatlar\u0131n\u0131, bilinmeyen y\u00f6nlerini, bu vatan u\u011fruna verdikleri m\u00fccadeleleri, k\u0131sa bir Osmanl\u0131 tarihi tad\u0131nda okuyucusuna sunuyor&#8230;<br \/>\n<\/span><\/div>\n<\/div>\n<\/div>\n<div class=\"bottom-block\">\n<div class=\"pr_attributes\"><\/div>\n<\/div>","protected":false},"featured_media":17936,"template":"","meta":{"spay_email":""},"product_cat":[170],"product_tag":[],"item":[360],"acf":[],"_links":{"self":[{"href":"https:\/\/mgvpublications.com\/de\/wp-json\/wp\/v2\/product\/17935"}],"collection":[{"href":"https:\/\/mgvpublications.com\/de\/wp-json\/wp\/v2\/product"}],"about":[{"href":"https:\/\/mgvpublications.com\/de\/wp-json\/wp\/v2\/types\/product"}],"wp:featuredmedia":[{"embeddable":true,"href":"https:\/\/mgvpublications.com\/de\/wp-json\/wp\/v2\/media\/17936"}],"wp:attachment":[{"href":"https:\/\/mgvpublications.com\/de\/wp-json\/wp\/v2\/media?parent=17935"}],"wp:term":[{"taxonomy":"product_cat","embeddable":true,"href":"https:\/\/mgvpublications.com\/de\/wp-json\/wp\/v2\/product_cat?post=17935"},{"taxonomy":"product_tag","embeddable":true,"href":"https:\/\/mgvpublications.com\/de\/wp-json\/wp\/v2\/product_tag?post=17935"},{"taxonomy":"item","embeddable":true,"href":"https:\/\/mgvpublications.com\/de\/wp-json\/wp\/v2\/item?post=17935"}],"curies":[{"name":"wp","href":"https:\/\/api.w.org\/{rel}","templated":true}]}}