{"id":17931,"date":"2021-03-05T02:26:38","date_gmt":"2021-03-05T01:26:38","guid":{"rendered":"https:\/\/mgvpublications.com\/?post_type=product&#038;p=17931"},"modified":"2022-09-08T13:14:17","modified_gmt":"2022-09-08T11:14:17","slug":"cah-ve-riya-insani-helaka-goturen-hal-ve-davranislar","status":"publish","type":"product","link":"https:\/\/mgvpublications.com\/de\/cah-ve-riya-insani-helaka-goturen-hal-ve-davranislar\/","title":{"rendered":"Cah ve Riya \u0130nsan\u0131 Helaka G\u00f6t\u00fcren Hal ve Davran\u0131\u015flar"},"content":{"rendered":"<hr \/>\n<div class=\"attributes\">\n<table>\n<tbody>\n<tr>\n<td>Yay\u0131n Tarihi:<\/td>\n<td>20.09.2019<\/td>\n<\/tr>\n<tr>\n<td>ISBN:<\/td>\n<td>9786055094263<\/td>\n<\/tr>\n<tr>\n<td>Dil:<\/td>\n<td>T\u00dcRK\u00c7E<\/td>\n<\/tr>\n<tr>\n<td>Sayfa Say\u0131s\u0131:<\/td>\n<td>270<\/td>\n<\/tr>\n<tr>\n<td>Cilt Tipi:<\/td>\n<td>Karton Kapak<\/td>\n<\/tr>\n<tr>\n<td>Ka\u011f\u0131t Cinsi:<\/td>\n<td>Kitap Ka\u011f\u0131d\u0131<\/td>\n<\/tr>\n<tr>\n<td>Boyut:<\/td>\n<td>13.5 x 21 cm<\/td>\n<\/tr>\n<\/tbody>\n<\/table>\n<\/div>","protected":false},"excerpt":{"rendered":"<div class=\"top-block\">\n<div class=\"pr_description\">\n<div id=\"description_text\" class=\"readmore-js-section readmore-js-expanded\">\n<p><span class=\"info__text\">Makam h\u0131rs\u0131 denince, insan\u0131n \u00fcn salmas\u0131 ve \u015f\u00f6hret bulmas\u0131 anla\u015f\u0131l\u0131r. Bu, ger\u00e7ekten k\u00f6t\u00fcd\u00fcr. Aksine \u00f6vg\u00fcye de\u011fer olan\u0131, \u015f\u00f6hret bulmamak ve sessiz bir hayat s\u00fcrd\u00fcrmektir. Ancak bir kimse dinini yayma u\u011frunda, herhangi bir \u015f\u00f6hret ve isim yapma arzusu olmaks\u0131z\u0131n bir \u00fcn yaparsa bu olabilir. Bunun herhangi bir sak\u0131ncas\u0131 yoktur.<\/span><\/p>\n<p>Ras\u00fblullah (sallallahu aleyhi vesellem) \u015f\u00f6yle buyurmu\u015ftur: \u201cAllah\u2019\u0131n kendilerini koruduklar\u0131 d\u0131\u015f\u0131nda, bir kimsenin dini ve d\u00fcnyas\u0131 bak\u0131m\u0131ndan parmakla g\u00f6sterilir olmas\u0131 kendisine k\u00f6t\u00fcl\u00fck olarak yeter. \u015e\u00fcphesiz Allah sizin \u015fekil ve s\u00fbretinize bakmaz, O ancak kalplerinize ve amellerinize bakar.\u201d<\/p>\n<p>Hz. Ali (rad\u0131yall\u00e2hu anh)\u2019 de \u015f\u00f6yle s\u00f6ylemi\u015ftir: \u201cDa\u011f\u0131n\u0131k bir hayat ya\u015famak, \u015f\u00f6hret bulmaktan daha iyidir. Seni ans\u0131nlar diye y\u00fckselmeye \u00e7al\u0131\u015fma. Bilgili ol, fakat a\u011fz\u0131n\u0131 tutmas\u0131n\u0131 bil, susmay\u0131 bil ki, kurtulas\u0131n. \u0130\u015fte bu, iyi kimseleri mutlu k\u0131lar ve k\u00f6t\u00fc kimseleri de \u00e7ileden \u00e7\u0131kar\u0131r\u201d.<\/p>\n<p>\u0130brahim b. Edhem de \u015f\u00f6yle s\u00f6ylemi\u015ftir:<\/p>\n<p>\u201cKim \u015f\u00f6hret pe\u015findeyse, o kimse, Allah\u2019\u0131 tasdik etmemi\u015f demektir.\u201d<\/p>\n<p>Eyyub Sahtiyan\u00ee de der ki:<\/p>\n<p>\u201cAllah\u2019a yemin ederim ki, bir kulun do\u011frulu\u011fu ve Allah\u2019a iman\u0131, ancak o kimsenin bulundu\u011fu makam\u0131n\u0131 gizli tutmas\u0131na ba\u011fl\u0131d\u0131r.\u201d<\/p>\n<\/div>\n<\/div>\n<\/div>\n<div class=\"bottom-block\">\n<div class=\"pr_attributes\"><\/div>\n<\/div>","protected":false},"featured_media":17932,"template":"","meta":{"spay_email":""},"product_cat":[174],"product_tag":[],"item":[404],"acf":[],"_links":{"self":[{"href":"https:\/\/mgvpublications.com\/de\/wp-json\/wp\/v2\/product\/17931"}],"collection":[{"href":"https:\/\/mgvpublications.com\/de\/wp-json\/wp\/v2\/product"}],"about":[{"href":"https:\/\/mgvpublications.com\/de\/wp-json\/wp\/v2\/types\/product"}],"wp:featuredmedia":[{"embeddable":true,"href":"https:\/\/mgvpublications.com\/de\/wp-json\/wp\/v2\/media\/17932"}],"wp:attachment":[{"href":"https:\/\/mgvpublications.com\/de\/wp-json\/wp\/v2\/media?parent=17931"}],"wp:term":[{"taxonomy":"product_cat","embeddable":true,"href":"https:\/\/mgvpublications.com\/de\/wp-json\/wp\/v2\/product_cat?post=17931"},{"taxonomy":"product_tag","embeddable":true,"href":"https:\/\/mgvpublications.com\/de\/wp-json\/wp\/v2\/product_tag?post=17931"},{"taxonomy":"item","embeddable":true,"href":"https:\/\/mgvpublications.com\/de\/wp-json\/wp\/v2\/item?post=17931"}],"curies":[{"name":"wp","href":"https:\/\/api.w.org\/{rel}","templated":true}]}}