{"id":17928,"date":"2021-03-05T02:20:59","date_gmt":"2021-03-05T01:20:59","guid":{"rendered":"https:\/\/mgvpublications.com\/?post_type=product&#038;p=17928"},"modified":"2022-10-30T10:30:39","modified_gmt":"2022-10-30T09:30:39","slug":"medine-sahifesi","status":"publish","type":"product","link":"https:\/\/mgvpublications.com\/de\/medine-sahifesi\/","title":{"rendered":"Medine Sahifesi"},"content":{"rendered":"<table>\n<tbody>\n<tr>\n<td>Yay\u0131n Tarihi:<\/td>\n<td>03.05.2019<\/td>\n<\/tr>\n<tr>\n<td>ISBN:<\/td>\n<td>9786059437318<\/td>\n<\/tr>\n<tr>\n<td>Dil:<\/td>\n<td>T\u00dcRK\u00c7E<\/td>\n<\/tr>\n<tr>\n<td>Sayfa Say\u0131s\u0131:<\/td>\n<td>342<\/td>\n<\/tr>\n<tr>\n<td>Cilt Tipi:<\/td>\n<td>Karton Kapak<\/td>\n<\/tr>\n<tr>\n<td>Ka\u011f\u0131t Cinsi:<\/td>\n<td>Kitap Ka\u011f\u0131d\u0131<\/td>\n<\/tr>\n<tr>\n<td>Boyut:<\/td>\n<td>16 x 23.5 cm<\/td>\n<\/tr>\n<\/tbody>\n<\/table>","protected":false},"excerpt":{"rendered":"<div class=\"top-block\">\n<div class=\"pr_description\">\n<div id=\"description_text\" class=\"readmore-js-section readmore-js-expanded\">\n<p><span class=\"info__text\">\u00c7o\u011funlukla \u201cMedine Vesikas\u0131\u201d olarak bilinen ve \u00f6zellikle XIX. y\u00fczy\u0131l\u0131n sonlar\u0131na do\u011fru \u00f6nce Bat\u0131l\u0131 bilim \u00e7evrelerinde, sonra da M\u00fcsl\u00fcman ara\u015ft\u0131rmac\u0131lar aras\u0131nda geni\u015f ilgi g\u00f6ren, \u00e7ok say\u0131da kitap ve makaleye konu olan anla\u015fma metni, kendisini\u00a0<em>Sah\u00eefe<\/em>\u00a0olarak nitelendirmektedir. Bu metnin bilhassa g\u00fcn\u00fcm\u00fczde bu kadar ilgi g\u00f6rmesinin ba\u015fl\u0131ca sebeplerinden biri, baz\u0131lar\u0131nca i\u00e7eri\u011fi itibariyle tarihte haz\u0131rlanm\u0131\u015f \u201cilk yaz\u0131l\u0131 anayasa\u201d olarak tan\u0131mlanacak kadar \u00f6nemli g\u00f6r\u00fclmesi, di\u011feri de belgenin otantikli\u011fi konusunda ara\u015ft\u0131rmac\u0131lar\u0131n en k\u00fc\u00e7\u00fck bir teredd\u00fctlerinin bulunmamas\u0131 oldu\u011fu s\u00f6ylenebilir. Nitekim Bat\u0131l\u0131 ara\u015ft\u0131rmac\u0131lar da s\u00f6z konusu metni s\u0131k s\u0131k\u00a0<em>Medine Anayasas\u0131\u00a0<\/em>\u015feklinde adland\u0131rm\u0131\u015f, otantikli\u011fi \u00fczerinde adeta ittifak etmi\u015flerdir. \u00dclkemizde de\u00a0<em>Medine<\/em>\u00a0<em>Sah\u00eefesi<\/em>\u2019nin, modern M\u00fcsl\u00fcman toplumlar i\u00e7in ifade etti\u011fi sosyo-politik de\u011feri \u00fczerinde yak\u0131n ge\u00e7mi\u015fte olduk\u00e7a heyecanl\u0131 tart\u0131\u015fmalar yap\u0131lm\u0131\u015ft\u0131r. Ancak bu tart\u0131\u015fmalar, ekseriyetle ilm\u00ee ve \u00f6zg\u00fcn ara\u015ft\u0131rmalara dayanmayan subjektif yorumlar mesabesinde kalm\u0131\u015f; bu sebeple metne atfedilen tarih\u00ee ve sosyo-politik de\u011fer de zaman i\u00e7inde anlam\u0131n\u0131 kaybetmi\u015ftir.<\/span><\/p>\n<p>B\u00f6ylece,\u00a0\u00a0<em>Sah\u00eefe<\/em>\u2019yi ele alan bir\u00e7ok \u00e7al\u0131\u015fmada belgenin olu\u015fmas\u0131n\u0131 haz\u0131rlayan tarih\u00ee, toplumsal ve k\u00fclt\u00fcrel arkaplan ihmal edildi\u011fi i\u00e7in metnin \u00e7evirisi, muhtevas\u0131n\u0131n anla\u015f\u0131lmas\u0131 ve yorumlanmas\u0131, tarihlendirilmesi gibi bir\u00e7ok konuda hatalar yap\u0131ld\u0131\u011f\u0131 g\u00f6r\u00fclm\u00fc\u015ft\u00fcr. Bu noktada elinizdeki eserin belki de en \u00f6zg\u00fcn yanlar\u0131ndan biri, m\u00fcellifin \u2013d\u00f6nem hakk\u0131nda ilk yaz\u0131l\u0131 belge olma niteli\u011fini ta\u015f\u0131yan Kur\u2019an\u2019\u0131n verdi\u011fi bilgilerden de yararlanarak- tarih\u00ee ve toplumsal arkaplan\u0131 \u00e7e\u015fitli y\u00f6nleriyle ad\u0131m ad\u0131m izlemesi ve\u00a0<em>\u1e60a\u1e25\u00eefe<\/em>\u2019yi bu arkaplan ile ili\u015fkilendirmesidir.<\/p>\n<\/div>\n<p><a class=\"readmore-js-toggle\" href=\"https:\/\/www.kitapyurdu.com\/#\">gizle<\/a><\/p>\n<\/div>\n<\/div>\n<div class=\"bottom-block\">\n<div class=\"pr_attributes\"><\/div>\n<\/div>","protected":false},"featured_media":17930,"template":"","meta":{"spay_email":""},"product_cat":[174],"product_tag":[],"item":[1539],"acf":[],"_links":{"self":[{"href":"https:\/\/mgvpublications.com\/de\/wp-json\/wp\/v2\/product\/17928"}],"collection":[{"href":"https:\/\/mgvpublications.com\/de\/wp-json\/wp\/v2\/product"}],"about":[{"href":"https:\/\/mgvpublications.com\/de\/wp-json\/wp\/v2\/types\/product"}],"wp:featuredmedia":[{"embeddable":true,"href":"https:\/\/mgvpublications.com\/de\/wp-json\/wp\/v2\/media\/17930"}],"wp:attachment":[{"href":"https:\/\/mgvpublications.com\/de\/wp-json\/wp\/v2\/media?parent=17928"}],"wp:term":[{"taxonomy":"product_cat","embeddable":true,"href":"https:\/\/mgvpublications.com\/de\/wp-json\/wp\/v2\/product_cat?post=17928"},{"taxonomy":"product_tag","embeddable":true,"href":"https:\/\/mgvpublications.com\/de\/wp-json\/wp\/v2\/product_tag?post=17928"},{"taxonomy":"item","embeddable":true,"href":"https:\/\/mgvpublications.com\/de\/wp-json\/wp\/v2\/item?post=17928"}],"curies":[{"name":"wp","href":"https:\/\/api.w.org\/{rel}","templated":true}]}}