{"id":17918,"date":"2021-03-05T01:49:17","date_gmt":"2021-03-05T00:49:17","guid":{"rendered":"https:\/\/mgvpublications.com\/?post_type=product&#038;p=17918"},"modified":"2022-03-08T22:51:03","modified_gmt":"2022-03-08T21:51:03","slug":"ibn-battuta-seyahatnamesi","status":"publish","type":"product","link":"https:\/\/mgvpublications.com\/de\/ibn-battuta-seyahatnamesi\/","title":{"rendered":"\u0130bn Battuta Seyahatnamesi"},"content":{"rendered":"<p>Yay\u0131n Tarihi: 18.01.2019<br \/>ISBN: 9786059241397<br \/>Bask\u0131 Say\u0131s\u0131: Dr. M\u00fcmin \u00c7evik<br \/>Dil: T\u00dcRK\u00c7E<br \/>Sayfa Say\u0131s\u0131: 560<br \/>Cilt Tipi: Karton Kapak<br \/>Ka\u011f\u0131t Cinsi: Kitap Ka\u011f\u0131d\u0131<br \/>Boyut: 16.5 x 24 cm<br \/>Derleyici: Dr. M\u00fcmin \u00c7evik<\/p>","protected":false},"excerpt":{"rendered":"<p>XIV. y\u00fczy\u0131l \u0130sl\u00e2m \u00e2lemi ile birlikte T\u00fcrk d\u00fcnyas\u0131n\u0131 canl\u0131 levhalar halin\u00adde aksettiren \u00f6nemli kaynaklardan biri de \u0130bn Battuta\u2019n\u0131n Tuhfetu\u2019n-Nuzz\u00e2r f\u00ee Gar\u00e2ibi\u2019l-ems\u00e2r ve Ac\u00e2ibi\u2019l-esf\u00e2r adl\u0131 seyahatnamesidir. 1325 y\u0131l\u0131nda, 22 ya\u015f\u0131nda iken hac maksad\u0131yla memleketinden ayr\u0131lan, Avrupa hari\u00e7 neredeyse eski d\u00fcnyan\u0131n tamam\u0131n\u0131 gezen \u0130bn Battuta, Marko Polo ile birlikte Orta\u00e7a\u011f\u2019\u0131n en b\u00fcy\u00fck iki seyyah\u0131ndan biridir. Seyahatname; yeme, i\u00e7me, giyim, aletler ve \u00e2detlerle ilgili etnoloji ve folklor malzemesinden ba\u015fka, \u0130sl\u00e2m \u00e2leminin iktisadi hayat\u0131n\u0131 ve sanat\u0131n\u0131 inceleyenler i\u00e7in bir hazine de\u011ferindedir. Eser o zamanki \u0130sl\u00e2m d\u00fcnyas\u0131n\u0131n etnik vaziyeti hakk\u0131nda da bilgi vermektedir. Devrin b\u00fcy\u00fck \u015feyhleri, velileri yan\u0131nda S\u00fcnn\u00eelik, \u015ei\u00eelik ve \u015fubeleri hakk\u0131nda fikir edinmek de m\u00fcmk\u00fcnd\u00fcr. Eserde Anadolu\u2019nun o g\u00fcnk\u00fc durumu hakk\u0131nda ayr\u0131nt\u0131l\u0131 bilgi vard\u0131r ve beyliklerin i\u00e7 ihtil\u00e2flar\u0131, Umur Bey\u2019e kar\u015f\u0131 d\u00fczenlenen Ha\u00e7l\u0131 sald\u0131r\u0131s\u0131, Germiyano\u011fullar\u0131\u2019na kar\u015f\u0131 duyulan g\u00fcvensizlik, Eretna Devleti\u2019nin refah seviyesi, Sinop\u2019un stratejik de\u011feri, Erzurum ve Erzincan\u2019da birbirleriyle \u00e7arp\u0131\u015fan T\u00fcrkmen kabileleri, \u0130lhanl\u0131lar\u2019\u0131n Anadolu siyaseti, \u00c7obano\u011fullar\u0131 vb. hakk\u0131nda birinci el kaynaklardand\u0131r. Bu eser haz\u0131rlan\u0131rken \u015eerif Pa\u015fa terc\u00fcmesi esas al\u0131nmakla beraber Defr\u00e9mery terc\u00fcmesinden de istifade edilmi\u015ftir. Eserin mukaddime k\u0131sm\u0131 hari\u00e7, di\u011fer b\u00f6l\u00fcmleri m\u00fcmk\u00fcn oldu\u011fu kadar sade bir dille verilmeye \u00e7al\u0131\u015f\u0131lm\u0131\u015ft\u0131r. Bu bask\u0131da ara\u015ft\u0131rmac\u0131lar\u0131n istifadesi i\u00e7in eser sonuna bir \u201cDizin\u201d ilave edilmi\u015ftir. Olduk\u00e7a ak\u0131c\u0131 bir dile sahip olan Seyahatnamenin okurlar\u0131n be\u011fenisini kazanaca\u011f\u0131n\u0131 umuyoruz.<\/p>","protected":false},"featured_media":22546,"template":"","meta":{"spay_email":""},"product_cat":[170],"product_tag":[],"item":[1388],"acf":[],"_links":{"self":[{"href":"https:\/\/mgvpublications.com\/de\/wp-json\/wp\/v2\/product\/17918"}],"collection":[{"href":"https:\/\/mgvpublications.com\/de\/wp-json\/wp\/v2\/product"}],"about":[{"href":"https:\/\/mgvpublications.com\/de\/wp-json\/wp\/v2\/types\/product"}],"wp:featuredmedia":[{"embeddable":true,"href":"https:\/\/mgvpublications.com\/de\/wp-json\/wp\/v2\/media\/22546"}],"wp:attachment":[{"href":"https:\/\/mgvpublications.com\/de\/wp-json\/wp\/v2\/media?parent=17918"}],"wp:term":[{"taxonomy":"product_cat","embeddable":true,"href":"https:\/\/mgvpublications.com\/de\/wp-json\/wp\/v2\/product_cat?post=17918"},{"taxonomy":"product_tag","embeddable":true,"href":"https:\/\/mgvpublications.com\/de\/wp-json\/wp\/v2\/product_tag?post=17918"},{"taxonomy":"item","embeddable":true,"href":"https:\/\/mgvpublications.com\/de\/wp-json\/wp\/v2\/item?post=17918"}],"curies":[{"name":"wp","href":"https:\/\/api.w.org\/{rel}","templated":true}]}}