{"id":17916,"date":"2021-03-05T01:03:04","date_gmt":"2021-03-05T00:03:04","guid":{"rendered":"https:\/\/mgvpublications.com\/?post_type=product&#038;p=17916"},"modified":"2022-03-08T22:51:03","modified_gmt":"2022-03-08T21:51:03","slug":"kuran-hic-tukenmeyen-mucize","status":"publish","type":"product","link":"https:\/\/mgvpublications.com\/de\/kuran-hic-tukenmeyen-mucize\/","title":{"rendered":"Kur&#8217;an Hi\u00e7 T\u00fckenmeyen Mucize"},"content":{"rendered":"<table>\n<tbody>\n<tr>\n<td>Yay\u0131n Tarihi:<\/td>\n<td>01.07.2013<\/td>\n<\/tr>\n<tr>\n<td>ISBN:<\/td>\n<td>9789758727001<\/td>\n<\/tr>\n<tr>\n<td>Dil:<\/td>\n<td>T\u00dcRK\u00c7E<\/td>\n<\/tr>\n<tr>\n<td>Sayfa Say\u0131s\u0131:<\/td>\n<td>468<\/td>\n<\/tr>\n<tr>\n<td>Cilt Tipi:<\/td>\n<td>Karton Kapak<\/td>\n<\/tr>\n<tr>\n<td>Ka\u011f\u0131t Cinsi:<\/td>\n<td>Kitap Ka\u011f\u0131d\u0131<\/td>\n<\/tr>\n<tr>\n<td>Boyut:<\/td>\n<td>16.5 x 22.5 cm<\/td>\n<\/tr>\n<\/tbody>\n<\/table>","protected":false},"excerpt":{"rendered":"<p>Elinizdeki kitap, Kuran ve bilim konusunda bug\u00fcne kadar yaz\u0131lm\u0131\u015f en kapsaml\u0131 eserdir ve \u00e7ok geni\u015f bir ara\u015ft\u0131rman\u0131n \u00fcr\u00fcn\u00fcd\u00fcr. Bu kitab\u0131 okuyunca, Kuran ve bilim hakk\u0131nda detayl\u0131 bilgilerin yan\u0131 s\u0131ra Evren&#8217;deki olu\u015fumlarla ilgili de bir \u00e7ok bilgi edinecek ve bu olu\u015fumlar\u0131 farkl\u0131 bir g\u00f6zle de\u011ferlendirme imkan\u0131 bulacaks\u0131n\u0131z.<\/p>\n<p>Kitap boyunca Kur&#8217;an&#8217;\u0131n, Evren&#8217;in b\u00fcy\u00fck patlamayla yarat\u0131l\u0131\u015f\u0131ndan Evren&#8217;in son bulu\u015funa, denizlerin alt\u0131ndan Uzay&#8217;\u0131n derinliklerine, anne rahmindeki yarat\u0131l\u0131\u015ftan ar\u0131lar\u0131n hayat\u0131na, felsefenin en \u00e7etin konular\u0131ndan fizi\u011fin en zor problemlerine kadar yapt\u0131\u011f\u0131 a\u00e7\u0131klamalara tan\u0131k olacaks\u0131n\u0131z.<\/p>","protected":false},"featured_media":17917,"template":"","meta":{"spay_email":""},"product_cat":[174],"product_tag":[],"item":[1410],"acf":[],"_links":{"self":[{"href":"https:\/\/mgvpublications.com\/de\/wp-json\/wp\/v2\/product\/17916"}],"collection":[{"href":"https:\/\/mgvpublications.com\/de\/wp-json\/wp\/v2\/product"}],"about":[{"href":"https:\/\/mgvpublications.com\/de\/wp-json\/wp\/v2\/types\/product"}],"wp:featuredmedia":[{"embeddable":true,"href":"https:\/\/mgvpublications.com\/de\/wp-json\/wp\/v2\/media\/17917"}],"wp:attachment":[{"href":"https:\/\/mgvpublications.com\/de\/wp-json\/wp\/v2\/media?parent=17916"}],"wp:term":[{"taxonomy":"product_cat","embeddable":true,"href":"https:\/\/mgvpublications.com\/de\/wp-json\/wp\/v2\/product_cat?post=17916"},{"taxonomy":"product_tag","embeddable":true,"href":"https:\/\/mgvpublications.com\/de\/wp-json\/wp\/v2\/product_tag?post=17916"},{"taxonomy":"item","embeddable":true,"href":"https:\/\/mgvpublications.com\/de\/wp-json\/wp\/v2\/item?post=17916"}],"curies":[{"name":"wp","href":"https:\/\/api.w.org\/{rel}","templated":true}]}}