{"id":17903,"date":"2021-03-05T00:39:21","date_gmt":"2021-03-04T23:39:21","guid":{"rendered":"https:\/\/mgvpublications.com\/?post_type=product&#038;p=17903"},"modified":"2022-03-08T22:51:03","modified_gmt":"2022-03-08T21:51:03","slug":"emeviler-661-750","status":"publish","type":"product","link":"https:\/\/mgvpublications.com\/de\/emeviler-661-750\/","title":{"rendered":"Emeviler (661-750)"},"content":{"rendered":"<table>\n<tbody>\n<tr>\n<td>Yay\u0131n Tarihi:<\/td>\n<td>01.01.2017<\/td>\n<\/tr>\n<tr>\n<td>ISBN:<\/td>\n<td>9789753898911<\/td>\n<\/tr>\n<tr>\n<td>Dil:<\/td>\n<td>T\u00dcRK\u00c7E<\/td>\n<\/tr>\n<tr>\n<td>Sayfa Say\u0131s\u0131:<\/td>\n<td>340<\/td>\n<\/tr>\n<tr>\n<td>Cilt Tipi:<\/td>\n<td>Karton Kapak<\/td>\n<\/tr>\n<tr>\n<td>Ka\u011f\u0131t Cinsi:<\/td>\n<td>Kitap Ka\u011f\u0131d\u0131<\/td>\n<\/tr>\n<tr>\n<td>Boyut:<\/td>\n<td>12 x 19.5 cm<\/td>\n<\/tr>\n<\/tbody>\n<\/table>","protected":false},"excerpt":{"rendered":"<div class=\"top-block\">\n<div class=\"pr_description\">\n<div id=\"description_text\" class=\"readmore-js-section readmore-js-expanded\"><span class=\"info__text\">\u0130slam tarihinin ilk hanedan devleti olan Emeviler,Muaviye b. Ebu S\u00fcfyan taraf\u0131ndan D\u0131ma\u015fk&#8217;ta kurulmu\u015f ve doksan y\u0131l h\u00fck\u00fcm s\u00fcrm\u00fc\u015ft\u00fcr. Bu d\u00f6nem, daha \u00e7ok halifelik kurumunun bir t\u00fcr saltanata d\u00f6n\u00fc\u015fmesi, muhalif gruplarla m\u00fccadele ve d\u0131\u015fta kazan\u0131lan b\u00fcy\u00fck fetihlerle me\u015fhur olmu\u015ftur. \u0130stanbul&#8217;un birka\u00e7 defa ku\u015fat\u0131ld\u0131\u011f\u0131 bu d\u00f6nemde, do\u011fu ve bat\u0131da kazan\u0131lan fetihlerle, \u00fclkenin s\u0131n\u0131rlar\u0131 T\u00fcrkistan&#8217;dan Fransa i\u00e7lerine, Anadolu&#8217;dan Hindistan&#8217;a kadar ula\u015fm\u0131\u015f ve bu geni\u015f co\u011frafyada islamiyet h\u0131zla yay\u0131lm\u0131\u015ft\u0131r. \u0130slami ilimler alan\u0131ndaki \u00e7al\u0131\u015fmalar\u0131n yo\u011funla\u015ft\u0131\u011f\u0131 ve buna ba\u011fl\u0131 olarak kitap telif hareketinin ba\u015flad\u0131\u011f\u0131 Emeviler d\u00f6nemi; ilk siyasi ve itikadi mezheplerin ortaya \u00e7\u0131k\u0131\u015f\u0131na da sahne olmu\u015ftur. \u0130slam sanat\u0131n\u0131n temelleri de bu d\u00f6nemde at\u0131lm\u0131\u015ft\u0131r.<br \/>\n<\/span><\/div>\n<\/div>\n<\/div>\n<div class=\"bottom-block\">\n<div class=\"pr_attributes\"><\/div>\n<\/div>","protected":false},"featured_media":17904,"template":"","meta":{"spay_email":""},"product_cat":[174],"product_tag":[],"item":[856],"acf":[],"_links":{"self":[{"href":"https:\/\/mgvpublications.com\/de\/wp-json\/wp\/v2\/product\/17903"}],"collection":[{"href":"https:\/\/mgvpublications.com\/de\/wp-json\/wp\/v2\/product"}],"about":[{"href":"https:\/\/mgvpublications.com\/de\/wp-json\/wp\/v2\/types\/product"}],"wp:featuredmedia":[{"embeddable":true,"href":"https:\/\/mgvpublications.com\/de\/wp-json\/wp\/v2\/media\/17904"}],"wp:attachment":[{"href":"https:\/\/mgvpublications.com\/de\/wp-json\/wp\/v2\/media?parent=17903"}],"wp:term":[{"taxonomy":"product_cat","embeddable":true,"href":"https:\/\/mgvpublications.com\/de\/wp-json\/wp\/v2\/product_cat?post=17903"},{"taxonomy":"product_tag","embeddable":true,"href":"https:\/\/mgvpublications.com\/de\/wp-json\/wp\/v2\/product_tag?post=17903"},{"taxonomy":"item","embeddable":true,"href":"https:\/\/mgvpublications.com\/de\/wp-json\/wp\/v2\/item?post=17903"}],"curies":[{"name":"wp","href":"https:\/\/api.w.org\/{rel}","templated":true}]}}