{"id":17898,"date":"2021-03-05T00:31:46","date_gmt":"2021-03-04T23:31:46","guid":{"rendered":"https:\/\/mgvpublications.com\/?post_type=product&#038;p=17898"},"modified":"2022-05-23T17:55:05","modified_gmt":"2022-05-23T15:55:05","slug":"elif-asla-yabancilarla-gitmez-ilk-okuma-kitabim-2","status":"publish","type":"product","link":"https:\/\/mgvpublications.com\/de\/elif-asla-yabancilarla-gitmez-ilk-okuma-kitabim-2\/","title":{"rendered":"Elif Asla Yabanc\u0131larla Gitmez \/ \u0130lk Okuma Kitab\u0131m"},"content":{"rendered":"<p>\u00c7evirmen: Aylin Gergin<br \/>Yay\u0131n Tarihi: 29.08.2019<br \/>Orijinal Ad\u0131: Conni geht nicht mit Fremden mit<br \/>ISBN: 9786052950098<br \/>Dil: T\u00dcRK\u00c7E<br \/>Sayfa Say\u0131s\u0131: 24<br \/>Cilt Tipi: Karton Kapak<br \/>Ka\u011f\u0131t Cinsi: Kitap Ka\u011f\u0131d\u0131<br \/>Boyut: 22 x 22 cm<\/p>","protected":false},"excerpt":{"rendered":"<p>Asl\u0131nda Elif okul yolunu \u00e7ok iyi biliyordu. Ancak o g\u00fcn ge\u00e7ti\u011fi sokaklardan biri kapat\u0131lm\u0131\u015ft\u0131. \u015eimdi ne yapacakt\u0131? Elif yolu g\u00f6sterece\u011fini s\u00f6yleyen adamla birlikte gitmeli miydi? Ama o adam bir yabanc\u0131yd\u0131\u2026 Ve Elif tan\u0131mad\u0131\u011f\u0131 insanlarla bir yere gitmemesi gerekti\u011fini biliyordu.<\/p>","protected":false},"featured_media":23238,"template":"","meta":{"spay_email":""},"product_cat":[172],"product_tag":[],"item":[336],"acf":[],"_links":{"self":[{"href":"https:\/\/mgvpublications.com\/de\/wp-json\/wp\/v2\/product\/17898"}],"collection":[{"href":"https:\/\/mgvpublications.com\/de\/wp-json\/wp\/v2\/product"}],"about":[{"href":"https:\/\/mgvpublications.com\/de\/wp-json\/wp\/v2\/types\/product"}],"wp:featuredmedia":[{"embeddable":true,"href":"https:\/\/mgvpublications.com\/de\/wp-json\/wp\/v2\/media\/23238"}],"wp:attachment":[{"href":"https:\/\/mgvpublications.com\/de\/wp-json\/wp\/v2\/media?parent=17898"}],"wp:term":[{"taxonomy":"product_cat","embeddable":true,"href":"https:\/\/mgvpublications.com\/de\/wp-json\/wp\/v2\/product_cat?post=17898"},{"taxonomy":"product_tag","embeddable":true,"href":"https:\/\/mgvpublications.com\/de\/wp-json\/wp\/v2\/product_tag?post=17898"},{"taxonomy":"item","embeddable":true,"href":"https:\/\/mgvpublications.com\/de\/wp-json\/wp\/v2\/item?post=17898"}],"curies":[{"name":"wp","href":"https:\/\/api.w.org\/{rel}","templated":true}]}}