{"id":17893,"date":"2021-03-05T00:23:20","date_gmt":"2021-03-04T23:23:20","guid":{"rendered":"https:\/\/mgvpublications.com\/?post_type=product&#038;p=17893"},"modified":"2022-03-08T22:51:02","modified_gmt":"2022-03-08T21:51:02","slug":"ataturk-ve-demokratik-turkiye","status":"publish","type":"product","link":"https:\/\/mgvpublications.com\/de\/ataturk-ve-demokratik-turkiye\/","title":{"rendered":"Atat\u00fcrk ve Demokratik T\u00fcrkiye"},"content":{"rendered":"<hr \/>\n<div class=\"attributes\">\n<table>\n<tbody>\n<tr>\n<td>Yay\u0131n Tarihi:<\/td>\n<td>16.11.2020<\/td>\n<\/tr>\n<tr>\n<td>ISBN:<\/td>\n<td>9786057635747<\/td>\n<\/tr>\n<tr>\n<td>Dil:<\/td>\n<td>T\u00dcRK\u00c7E<\/td>\n<\/tr>\n<tr>\n<td>Sayfa Say\u0131s\u0131:<\/td>\n<td>240<\/td>\n<\/tr>\n<tr>\n<td>Cilt Tipi:<\/td>\n<td>Karton Kapak<\/td>\n<\/tr>\n<tr>\n<td>Ka\u011f\u0131t Cinsi:<\/td>\n<td>Kitap Ka\u011f\u0131d\u0131<\/td>\n<\/tr>\n<tr>\n<td>Boyut:<\/td>\n<td>13.5 x 21 cm<\/td>\n<\/tr>\n<\/tbody>\n<\/table>\n<\/div>","protected":false},"excerpt":{"rendered":"<p><strong>HAL\u0130L \u0130NALCIK\u2019IN KALEM\u0130NDEN<br \/>\nATAT\u00dcRK VE T\u00dcRK MODERNLE\u015eMES\u0130<\/strong><br \/>\n&#8230;\u0130\u015fte b\u00f6ylece \u00c7anakkale kahraman\u0131 Mustafa Kemal Pa\u015fa\u2019n\u0131n ki\u015fili\u011finde ve etraf\u0131nda, Anadolu halk\u0131 ba\u011f\u0131ms\u0131zl\u0131k sava\u015f\u0131n\u0131n \u00f6nderini bulmu\u015f oluyordu.\u201d<br \/>\n<strong>Halil \u0130nalc\u0131k<\/strong><br \/>\nT\u00fcrk tarihini d\u00fcnya tarih\u00e7ili\u011fine kabul ettiren Halil \u0130nalc\u0131k\u2019tan Atat\u00fcrk, ink\u0131laplar, cumhuriyet, modernle\u015fen T\u00fcrkiye ve T\u00fcrklerin fikir, \u015fuur, zihin d\u00fcnyas\u0131\u2026<br \/>\nAtat\u00fcrk\u00e7\u00fcl\u00fck, \u0130nalc\u0131k\u2019a g\u00f6re y\u00fcz elli y\u0131ll\u0131k bir tarih\u00ee geli\u015fimin son ve radikal ifadesidir. G\u00fcnl\u00fck siyasi ve sosyal ak\u0131mlar\u0131n etkisinden korundu\u011fu \u00f6l\u00e7\u00fcde anla\u015f\u0131lacak, T\u00fcrkiye\u2019nin problemleri daha ger\u00e7ek\u00e7i \u00e7\u00f6z\u00fcmlere kavu\u015fabilecektir. Elinizdeki eserde \u0130nalc\u0131k; hilafet, ink\u0131laplar, modernle\u015fme problemleri, Osmanl\u0131\u2019dan T\u00fcrkiye Cumhuriyeti\u2019ne ge\u00e7i\u015f ve yabanc\u0131 tarih\u00e7ilerin Atat\u00fcrk devrimlerine dair yorumlar\u0131 \u00fczerine \u00e7ok kritik analizler yap\u0131yor. T\u00fcrkiye i\u00e7in bir tek y\u00fckseli\u015f yolu oldu\u011funu s\u00f6yl\u00fcyor: \u201cAtat\u00fcrk devrimini, ger\u00e7ek ruhuyla benimsemek ve \u015fa\u015fmaz bir \u015fekilde izlemek.\u201d<br \/>\nT\u00fcrk tarihinin en b\u00fcy\u00fck sorununun Avrupa ile boy \u00f6l\u00e7\u00fc\u015fme oldu\u011funu d\u00fc\u015f\u00fcnen \u0130nalc\u0131k, bunun bir sorun olarak kalmamas\u0131 i\u00e7in bat\u0131y\u0131 da do\u011fuyu da iyi anlamak gerekti\u011fi \u00fczerinde duruyor. T\u00fcrkiye ve Japonya\u2019n\u0131n siyasi modernle\u015fmesi, T\u00fcrk tarihi ve Atat\u00fcrk\u2019te tarih \u015fuuru, y\u00fczy\u0131la damgas\u0131n\u0131 vuran bir d\u00fc\u015f\u00fcn\u00fcr olarak Ziya G\u00f6kalp \u00fczerine yazd\u0131\u011f\u0131 makalelerle fikir d\u00fcnyam\u0131z\u0131 geni\u015fletiyor.<br \/>\n<em>Atat\u00fcrk ve Demokratik T\u00fcrkiye<\/em>, cumhuriyetimizin kurucusu Atat\u00fcrk ile devrimlerinin kayna\u011f\u0131n\u0131 daha iyi \u00f6\u011frenmek, modernle\u015fen T\u00fcrkiye\u2019nin sorunlar\u0131n\u0131 daha iyi anlamak i\u00e7in e\u015fsiz bir eser\u2026<\/p>","protected":false},"featured_media":17894,"template":"","meta":{"spay_email":""},"product_cat":[170],"product_tag":[],"item":[729],"acf":[],"_links":{"self":[{"href":"https:\/\/mgvpublications.com\/de\/wp-json\/wp\/v2\/product\/17893"}],"collection":[{"href":"https:\/\/mgvpublications.com\/de\/wp-json\/wp\/v2\/product"}],"about":[{"href":"https:\/\/mgvpublications.com\/de\/wp-json\/wp\/v2\/types\/product"}],"wp:featuredmedia":[{"embeddable":true,"href":"https:\/\/mgvpublications.com\/de\/wp-json\/wp\/v2\/media\/17894"}],"wp:attachment":[{"href":"https:\/\/mgvpublications.com\/de\/wp-json\/wp\/v2\/media?parent=17893"}],"wp:term":[{"taxonomy":"product_cat","embeddable":true,"href":"https:\/\/mgvpublications.com\/de\/wp-json\/wp\/v2\/product_cat?post=17893"},{"taxonomy":"product_tag","embeddable":true,"href":"https:\/\/mgvpublications.com\/de\/wp-json\/wp\/v2\/product_tag?post=17893"},{"taxonomy":"item","embeddable":true,"href":"https:\/\/mgvpublications.com\/de\/wp-json\/wp\/v2\/item?post=17893"}],"curies":[{"name":"wp","href":"https:\/\/api.w.org\/{rel}","templated":true}]}}