{"id":17889,"date":"2021-03-05T00:18:23","date_gmt":"2021-03-04T23:18:23","guid":{"rendered":"https:\/\/mgvpublications.com\/?post_type=product&#038;p=17889"},"modified":"2022-03-08T22:51:02","modified_gmt":"2022-03-08T21:51:02","slug":"mesleklere-ne-oldu-eglenceli-ara-bul-kitabi-meslekler","status":"publish","type":"product","link":"https:\/\/mgvpublications.com\/de\/mesleklere-ne-oldu-eglenceli-ara-bul-kitabi-meslekler\/","title":{"rendered":"Mesleklere Ne Oldu ? \/ E\u011flenceli Ara-Bul Kitab\u0131 Meslekler"},"content":{"rendered":"<table>\n<tbody>\n<tr>\n<td>\u00c7evirmen:<\/td>\n<td><a href=\"https:\/\/www.kitapyurdu.com\/yazar\/aylin-gergin\/26756.html\" target=\"_blank\" rel=\"noopener\">Aylin Gergin<\/a><\/td>\n<\/tr>\n<tr>\n<td>\u00c7izer:<\/td>\n<td><a href=\"https:\/\/www.kitapyurdu.com\/yazar\/ralf-butschkow\/161877.html\" target=\"_blank\" rel=\"noopener\">Ralf Butschkow<\/a><\/td>\n<\/tr>\n<tr>\n<td>Yay\u0131n Tarihi:<\/td>\n<td>02.07.2020<\/td>\n<\/tr>\n<tr>\n<td>Orijinal Ad\u0131:<\/td>\n<td>So Geht Das Nicht !<\/td>\n<\/tr>\n<tr>\n<td>ISBN:<\/td>\n<td>9786257999991<\/td>\n<\/tr>\n<tr>\n<td>Dil:<\/td>\n<td>T\u00dcRK\u00c7E<\/td>\n<\/tr>\n<tr>\n<td>Sayfa Say\u0131s\u0131:<\/td>\n<td>32<\/td>\n<\/tr>\n<tr>\n<td>Cilt Tipi:<\/td>\n<td>Kendinden Kapak<\/td>\n<\/tr>\n<tr>\n<td>Ka\u011f\u0131t Cinsi:<\/td>\n<td>Ku\u015fe Ka\u011f\u0131t<\/td>\n<\/tr>\n<tr>\n<td>Boyut:<\/td>\n<td>21 x 27.5 cm<\/td>\n<\/tr>\n<\/tbody>\n<\/table>","protected":false},"excerpt":{"rendered":"<div class=\"top-block\">\n<div class=\"pr_description\">\n<div id=\"description_text\" class=\"readmore-js-section readmore-js-expanded\"><span class=\"info__text\">Defne o g\u00fcn anaokulunda, ileride ne olmak istedi\u011fini d\u00fc\u015f\u00fcnd\u00fc. Hastanede doktor mu olsayd\u0131? Orkestra \u015fefi mi olsayd\u0131? Yoksa itfaiyeci mi? Defne bir s\u00fcr\u00fc meslek hayal edip resmini \u00e7izdi. Hayalinde canland\u0131rd\u0131klar\u0131 ne kadar do\u011fruydu acaba?<\/p>\n<p>\u00c7ocuklar bu kitab\u0131 okurken hem e\u011flenecek hem de yanl\u0131\u015flar\u0131 bularak g\u00fcndelik hayatta ne kadar \u00e7ok \u015fey bildiklerini g\u00f6recekler. Yeti\u015fkinler de \u00e7ocuklarla birlikte yanl\u0131\u015flar\u0131 tahmin ederek \u00e7\u00f6z\u00fcm sayfas\u0131ndan kontrol edebilirler.<\/p>\n<p>\u00c7\u00f6z\u00fcm sayfalar\u0131 kitab\u0131n sonunda!<br \/>\n<\/span><\/div>\n<\/div>\n<\/div>\n<div class=\"bottom-block\">\n<div class=\"pr_attributes\"><\/div>\n<\/div>","protected":false},"featured_media":17890,"template":"","meta":{"spay_email":""},"product_cat":[172],"product_tag":[],"item":[336],"acf":[],"_links":{"self":[{"href":"https:\/\/mgvpublications.com\/de\/wp-json\/wp\/v2\/product\/17889"}],"collection":[{"href":"https:\/\/mgvpublications.com\/de\/wp-json\/wp\/v2\/product"}],"about":[{"href":"https:\/\/mgvpublications.com\/de\/wp-json\/wp\/v2\/types\/product"}],"wp:featuredmedia":[{"embeddable":true,"href":"https:\/\/mgvpublications.com\/de\/wp-json\/wp\/v2\/media\/17890"}],"wp:attachment":[{"href":"https:\/\/mgvpublications.com\/de\/wp-json\/wp\/v2\/media?parent=17889"}],"wp:term":[{"taxonomy":"product_cat","embeddable":true,"href":"https:\/\/mgvpublications.com\/de\/wp-json\/wp\/v2\/product_cat?post=17889"},{"taxonomy":"product_tag","embeddable":true,"href":"https:\/\/mgvpublications.com\/de\/wp-json\/wp\/v2\/product_tag?post=17889"},{"taxonomy":"item","embeddable":true,"href":"https:\/\/mgvpublications.com\/de\/wp-json\/wp\/v2\/item?post=17889"}],"curies":[{"name":"wp","href":"https:\/\/api.w.org\/{rel}","templated":true}]}}