{"id":17887,"date":"2021-03-05T00:15:28","date_gmt":"2021-03-04T23:15:28","guid":{"rendered":"https:\/\/mgvpublications.com\/?post_type=product&#038;p=17887"},"modified":"2022-03-08T22:50:58","modified_gmt":"2022-03-08T21:50:58","slug":"sinirsiz-dunyanin-yeni-siniri-basortusu","status":"publish","type":"product","link":"https:\/\/mgvpublications.com\/de\/sinirsiz-dunyanin-yeni-siniri-basortusu\/","title":{"rendered":"S\u0131n\u0131rs\u0131z D\u00fcnyan\u0131n Yeni S\u0131n\u0131r\u0131 Ba\u015f\u00f6rt\u00fcs\u00fc"},"content":{"rendered":"<table>\n<tbody>\n<tr>\n<td>Yay\u0131n Tarihi:<\/td>\n<td>15.05.2019<\/td>\n<\/tr>\n<tr>\n<td>ISBN:<\/td>\n<td>9789755749075<\/td>\n<\/tr>\n<tr>\n<td>Dil:<\/td>\n<td>T\u00dcRK\u00c7E<\/td>\n<\/tr>\n<tr>\n<td>Cilt Tipi:<\/td>\n<td>Karton Kapak<\/td>\n<\/tr>\n<tr>\n<td>Ka\u011f\u0131t Cinsi:<\/td>\n<td>Kitap Ka\u011f\u0131d\u0131<\/td>\n<\/tr>\n<tr>\n<td>Boyut:<\/td>\n<td>13.5 x 21 cm<\/td>\n<\/tr>\n<\/tbody>\n<\/table>","protected":false},"excerpt":{"rendered":"<div class=\"top-block\">\n<div class=\"pr_description\">\n<div id=\"description_text\" class=\"readmore-js-section readmore-js-expanded\"><span class=\"info__text\">\u201cSeksenli y\u0131llar\u0131n ba\u015f\u0131nda \u015eerif Mardin\u2019den Sosyal De\u011fi\u015fme dersi alm\u0131\u015ft\u0131m. Hoca de\u011fi\u015fmeyi de\u011fil,<br \/>\ns\u00fcreklili\u011fi \u00a0anlatarak \u00a0ba\u015flam\u0131\u015ft\u0131 \u00a0derse. \u00a0\u2018De\u011fi\u015fme\u2019ye \u00a0\u00e2deta \u00a0kutsal \u00a0bir \u00a0anlam \u00a0y\u00fckleyen \u00a0modernle\u015fme<br \/>\nkuramlar\u0131n\u0131 \u00a0okudu\u011fumuz \u00a0bir \u00a0d\u00f6nemde, \u00a0s\u00fcreklili\u011fi \u00a0vurgulayan \u00a0bir \u00a0giri\u015f&#8230; \u00a0Ard\u0131ndan \u00a0\u2018S\u0131n\u0131f\u0131m\u0131zda<br \/>\ntoplumsal \u00a0s\u00fcreklili\u011fin \u00a0\u00e7ok \u00a0bariz \u00a0bir \u00a0\u00f6rne\u011fi \u00a0var\u2019 deyip \u00a0susmas\u0131 \u00a0ve \u00a0cevab\u0131n\u0131 \u00a0bizden \u00a0beklemesi&#8230; \u00a0Bu<br \/>\ns\u00fcreklili\u011fin benimle ilgili oldu\u011funu hemen anlam\u0131\u015ft\u0131m. Hoca i\u00e7in ba\u015f\u00f6rt\u00fcm, nevzuhur bir uygulama<br \/>\nde\u011fil; \u00a0toplumsal \u00a0s\u00fcreklili\u011fin \u00a0bir \u00a0g\u00f6stergesiydi. \u00a0Yani \u00a0bu \u00a0topraklarda \u00a0ya\u015fayanlar \u00a0y\u00fczy\u0131llard\u0131r<br \/>\nM\u00fcsl\u00fcman\u2019d\u0131. \u00a0Ve \u00a0kad\u0131nlar, \u00a0dinlerinin \u00a0gere\u011fi \u00a0olarak \u00a0\u00f6rt\u00fcnmeye \u00a0devam \u00a0ediyorlard\u0131. \u00a0E\u011fitim \u00a0ve<br \/>\nkentle\u015fmenin, \u00a0din\u00ee \u00a0uygulamalar\u0131 \u00a0ortadan \u00a0kald\u0131raca\u011f\u0131n\u0131 \u00a0iddia \u00a0eden \u00a0modernle\u015fme \u00a0ve \u00a0sek\u00fclerle\u015fme<br \/>\nteorilerinin \u00a0hilaf\u0131na. \u00a0B\u00f6yleydi \u00a0ama \u00a0a\u011f\u0131rl\u0131kl\u0131 \u00a0olarak \u00a0son \u00a0otuz \u00a0y\u0131ld\u0131r \u00a0yasaklar \u00a0nedeniyle \u00a0bir \u00a0\u2018sorun\u2019a<br \/>\nd\u00f6n\u00fc\u015ft\u00fc \u00a0ba\u015f\u00f6rt\u00fcs\u00fc. \u00a0Toplumsal \u00a0s\u00fcreklilik \u00a0vurgusunun \u00a0yerini \u00a0bir \u00a0nevzuhurluk \u00a0vurgusu \u00a0ald\u0131.\u201d \u00a0Nazife<br \/>\n\u015ei\u015fman, \u201cba\u015f\u00f6rt\u00fcs\u00fc\u201dne \u201cs\u0131n\u0131rs\u0131z d\u00fcnyan\u0131n yeni s\u0131n\u0131r\u0131\u201d metaforu \u00fczerinden k\u00fcresel bir \u00e7er\u00e7eve \u00e7iziyor.<br \/>\nKavramsal analizlerinde kulland\u0131\u011f\u0131 mesafe, i\u00e7eriden tecr\u00fcbelerin kazand\u0131rd\u0131\u011f\u0131 sa\u011fduyu ile birle\u015fiyor.<br \/>\nVe \u015fu tespiti yap\u0131yor: \u201cBa\u015f\u00f6rt\u00fcs\u00fc sadece ba\u015f\u00f6rt\u00fcs\u00fc de\u011fil. Kimliklerin belirlendi\u011fi, s\u0131n\u0131rlar\u0131n \u00e7izildi\u011fi<br \/>\nsat\u0131hta \u00a0bir \u00a0anlam \u00a0ta\u015f\u0131y\u0131c\u0131. \u00a0Ba\u015f\u00f6rt\u00fcs\u00fc, \u00a0s\u0131n\u0131rs\u0131z \u00a0d\u00fcnyan\u0131n \u00a0yeni \u00a0s\u0131n\u0131r\u0131. \u00a0M\u00fcsl\u00fcman \u00a0kad\u0131nlar, \u00a0\u00f6rt\u00fcleriyle<br \/>\ns\u0131n\u0131rs\u0131z \u00f6zg\u00fcrl\u00fc\u011f\u00fcn tecess\u00fcm etti\u011fi bedene s\u0131n\u0131r \u00e7iziyorlar, sek\u00fcler kamusall\u0131\u011f\u0131n i\u00e7inde din\u00ee bir alan\u0131n<br \/>\ns\u0131n\u0131r\u0131n\u0131 tahkim ediyorlar. Baz\u0131 s\u0131n\u0131rlar\u0131 \u00e7izerken, \u00a0ba\u015fka baz\u0131 s\u0131n\u0131rlar\u0131 ihlal ediyor; laikli\u011fin, sek\u00fcler<br \/>\nkamusall\u0131\u011f\u0131n s\u0131n\u0131rlar\u0131n\u0131 zorluyorlar.\u201d<br \/>\n<\/span><\/div>\n<\/div>\n<\/div>\n<div class=\"bottom-block\">\n<div class=\"pr_attributes\"><\/div>\n<\/div>","protected":false},"featured_media":17888,"template":"","meta":{"spay_email":""},"product_cat":[173],"product_tag":[],"item":[503],"acf":[],"_links":{"self":[{"href":"https:\/\/mgvpublications.com\/de\/wp-json\/wp\/v2\/product\/17887"}],"collection":[{"href":"https:\/\/mgvpublications.com\/de\/wp-json\/wp\/v2\/product"}],"about":[{"href":"https:\/\/mgvpublications.com\/de\/wp-json\/wp\/v2\/types\/product"}],"wp:featuredmedia":[{"embeddable":true,"href":"https:\/\/mgvpublications.com\/de\/wp-json\/wp\/v2\/media\/17888"}],"wp:attachment":[{"href":"https:\/\/mgvpublications.com\/de\/wp-json\/wp\/v2\/media?parent=17887"}],"wp:term":[{"taxonomy":"product_cat","embeddable":true,"href":"https:\/\/mgvpublications.com\/de\/wp-json\/wp\/v2\/product_cat?post=17887"},{"taxonomy":"product_tag","embeddable":true,"href":"https:\/\/mgvpublications.com\/de\/wp-json\/wp\/v2\/product_tag?post=17887"},{"taxonomy":"item","embeddable":true,"href":"https:\/\/mgvpublications.com\/de\/wp-json\/wp\/v2\/item?post=17887"}],"curies":[{"name":"wp","href":"https:\/\/api.w.org\/{rel}","templated":true}]}}