{"id":17882,"date":"2021-03-05T00:08:47","date_gmt":"2021-03-04T23:08:47","guid":{"rendered":"https:\/\/mgvpublications.com\/?post_type=product&#038;p=17882"},"modified":"2022-03-08T22:50:58","modified_gmt":"2022-03-08T21:50:58","slug":"ruh-insan-sanat-edebiyat","status":"publish","type":"product","link":"https:\/\/mgvpublications.com\/de\/ruh-insan-sanat-edebiyat\/","title":{"rendered":"Ruh \u0130nsan, Sanat, Edebiyat"},"content":{"rendered":"<table>\n<tbody>\n<tr>\n<td>\u00c7evirmen:<\/td>\n<td><a href=\"https:\/\/www.kitapyurdu.com\/yazar\/ismail-hakki-yilmaz\/20430.html\" target=\"_blank\" rel=\"noopener\">\u0130smail Hakk\u0131 Y\u0131lmaz<\/a><\/td>\n<\/tr>\n<tr>\n<td>Yay\u0131n Tarihi:<\/td>\n<td>31.01.2017<\/td>\n<\/tr>\n<tr>\n<td>ISBN:<\/td>\n<td>9786059460071<\/td>\n<\/tr>\n<tr>\n<td>Dil:<\/td>\n<td>T\u00dcRK\u00c7E<\/td>\n<\/tr>\n<tr>\n<td>Sayfa Say\u0131s\u0131:<\/td>\n<td>208<\/td>\n<\/tr>\n<tr>\n<td>Cilt Tipi:<\/td>\n<td>Karton Kapak<\/td>\n<\/tr>\n<tr>\n<td>Ka\u011f\u0131t Cinsi:<\/td>\n<td>Kitap Ka\u011f\u0131d\u0131<\/td>\n<\/tr>\n<tr>\n<td>Boyut:<\/td>\n<td>13.5 x 21.5 cm<\/td>\n<\/tr>\n<\/tbody>\n<\/table>","protected":false},"excerpt":{"rendered":"<p>Paracelsus, Sigmund Freud, Richard Wilhelm, Pablo Picasso, ve James Joyce\u2019un \u015faheseri Ulysses \u00fczerine yaz\u0131lan denemeler\u2026 Jung, bu ola\u011fan\u00fcst\u00fc ki\u015filikleri ve sanat yarat\u0131m\u0131n\u0131n k\u00f6kenlerini kendi psikoloji kuramlar\u0131 vas\u0131tas\u0131yla ke\u015ffediyor.<\/p>","protected":false},"featured_media":17883,"template":"","meta":{"spay_email":""},"product_cat":[175],"product_tag":[],"item":[1535],"acf":[],"_links":{"self":[{"href":"https:\/\/mgvpublications.com\/de\/wp-json\/wp\/v2\/product\/17882"}],"collection":[{"href":"https:\/\/mgvpublications.com\/de\/wp-json\/wp\/v2\/product"}],"about":[{"href":"https:\/\/mgvpublications.com\/de\/wp-json\/wp\/v2\/types\/product"}],"wp:featuredmedia":[{"embeddable":true,"href":"https:\/\/mgvpublications.com\/de\/wp-json\/wp\/v2\/media\/17883"}],"wp:attachment":[{"href":"https:\/\/mgvpublications.com\/de\/wp-json\/wp\/v2\/media?parent=17882"}],"wp:term":[{"taxonomy":"product_cat","embeddable":true,"href":"https:\/\/mgvpublications.com\/de\/wp-json\/wp\/v2\/product_cat?post=17882"},{"taxonomy":"product_tag","embeddable":true,"href":"https:\/\/mgvpublications.com\/de\/wp-json\/wp\/v2\/product_tag?post=17882"},{"taxonomy":"item","embeddable":true,"href":"https:\/\/mgvpublications.com\/de\/wp-json\/wp\/v2\/item?post=17882"}],"curies":[{"name":"wp","href":"https:\/\/api.w.org\/{rel}","templated":true}]}}